{"id":1041,"date":"2019-02-09T10:09:49","date_gmt":"2019-02-09T10:09:49","guid":{"rendered":"http:\/\/meumon.synology.me\/museu\/?page_id=1041"},"modified":"2025-04-21T08:48:33","modified_gmt":"2025-04-21T08:48:33","slug":"424-teatre-cinema-dansa","status":"publish","type":"page","link":"http:\/\/meumon.synology.me\/museu\/4-inventari-tot\/42-cultura\/424-teatre-cinema-dansa\/","title":{"rendered":"424 Teatre, Cinema, Dansa"},"content":{"rendered":"<hr \/>\n<p><a href=\"http:\/\/meumon.synology.me\/museu\/4-inventari-tot\/42-cultura\/424-teatre-cinema-dansa\/424-teatre\/\">TEATRE<\/a><\/p>\n<hr \/>\n<p><a href=\"http:\/\/meumon.synology.me\/museu\/el-cinema\/\">CINEMA<\/a><\/p>\n<p>&nbsp;<\/p>\n<p>veure materials antgic museu full de calcul cinema i s\u00e8ries<\/p>\n<p>| Contenidor <a href=\"http:\/\/meumon.synology.me\/museu\/4-inventari-tot\/42-cultura\/424-teatre-cinema-dansa\/424-cinema\/\">Cinema<\/a>\u00a0 | Contenidor <a href=\"http:\/\/meumon.synology.me\/museu\/4-inventari-tot\/42-cultura\/424-teatre-cinema-dansa\/cinema-cronologia\/\">Cronologia Cinema<\/a>\u00a0 \u00a0| <a href=\"http:\/\/meumon.synology.me\/museu\/el-cinema-que-he-vist-cada-any\/\">El cinema que he vist cada any<\/a><\/p>\n<hr \/>\n<p><a href=\"http:\/\/meumon.synology.me\/museu\/4-inventari-tot\/42-cultura\/424-teatre-cinema-dansa\/424-dansa\/\">La Dansa<\/a>\u00a0 | \u00a0<a href=\"http:\/\/meumon.synology.me\/museu\/historia-de-la-dansa\/\">Hist\u00f2ria de la dansa<\/a> | El ballet, <a href=\"http:\/\/meumon.synology.me\/museu\/4-inventari-tot\/42-cultura\/424-teatre-cinema-dansa\/424-dansa\/424-historia-del-ballet\/\">hist\u00f2ria<\/a>\u00a0 <a href=\"http:\/\/meumon.synology.me\/museu\/ballet-posicions-i-moviments\/\">posicions i moviments<\/a> |\u00a0 <a href=\"http:\/\/meumon.synology.me\/museu\/el-musical\/\">El musical<\/a> \u00a0 |\u00a0\u00a0 <a href=\"http:\/\/meumon.synology.me\/museu\/estudi-de-la-dansa\/\">Estudi de la dansa<\/a>\u00a0\u00a0 |\u00a0\u00a0 Danses participatives: el <a href=\"http:\/\/meumon.synology.me\/museu\/category\/sistemes\/obrescultura\/dansa\/swing\/\">swing<\/a>, la <a href=\"http:\/\/meumon.synology.me\/museu\/category\/sistemes\/obrescultura\/dansa\/dansa-urbana\/\">dansa urbana<\/a>\u00a0 |\u00a0 Altres || <a href=\"http:\/\/meumon.synology.me\/museu\/4-inventari-tot\/42-cultura\/424-teatre-cinema-dansa\/424-dansa\/424-danses-draft\/\">posts cronol\u00f2gic<\/a>\u00a0 |\u00a0\u00a0\u00a0 <a href=\"http:\/\/meumon.synology.me\/museu\/4-inventari-tot\/42-cultura\/424-teatre-cinema-dansa\/424-dansa\/424-danses-per-categoria\/\">posts categoria<\/a><\/p>\n<p><a href=\"http:\/\/meumon.synology.me\/museu\/musicals-que-he-vist\/\">La dansa que he vist<\/a> , <a href=\"http:\/\/meumon.synology.me\/museu\/el-que-he-ballat\/\">El que he ballat<\/a><\/p>\n<hr \/>\n<div>Escenaris: [tipus d&#8217;escenari: Arena, espai obert corrales, prosceni [el p\u00fablic la quarta paret]<\/div>\n<div>Pantalla de cinema, (r\u00e0dio) televisi\u00f3<\/div>\n<div>ninots, narrativa, tintin, calvin, cinema d&#8217;anomaci\u00f3: https:\/\/www.newyorker.com\/magazine\/2020\/12\/28\/the-mixed-up-masters-of-early-animation<\/div>\n<div>\n<hr \/>\n<\/div>\n<p>Gr\u00e8cia i Roma<br \/>\nEuropa Medieval<br \/>\nRenaixement, barroc<br \/>\nsXVIII<br \/>\nsXIX<br \/>\nsXX<\/p>\n<hr \/>\n<p>Gr\u00e8cia i Roma<\/p>\n<p>[teatre Epidaure, teatre Grec a Barcelona, els espectacles al Coliseu]<\/p>\n<p>\u00c8squil, S\u00f2focles Ant\u00edgona, Eur\u00edpides<\/p>\n<hr \/>\n<p>Europa Medieval<\/p>\n<p>Dramatitzaci\u00f3 b\u00edblia, [la passi\u00f3, els pastorets]<\/p>\n<hr \/>\n<p>s XVI Shakespeare, ( Lope de Vega)<\/p>\n<hr \/>\n<p>s XVII Fran\u00e7a neocl\u00e0ssicCorneille, Racine, Moli\u00e8re<\/p>\n<p>\u00d2pera: Monteverdi<\/p>\n<hr \/>\n<p>sXVIII<\/p>\n<p>\u00d2pera: Lully, Mozart<\/p>\n<hr \/>\n<p>sXIX<\/p>\n<p>\u00d2pera: Verdi<\/p>\n<hr \/>\n<p>sXX<\/p>\n<p>Chekhov, Strindberg, Ibsen<\/p>\n<hr \/>\n<p>Teatre japon\u00e8s: No i Kabuki<\/p>\n<hr \/>\n<p>cinema, les 15 millors pelils segons Scorcese: vertigo ,cuentos luna palida,centauros desiertyo 1956, salvatore giuiano 1962, el rio 1951, red slippers 1948, paisa 1946, ordet 1955, gatopardo 1963, vivir 1952, diario cura rural, citizen kane, ceniza y diamantes, fellini 8 1\/2, 2001 space odussey<\/p>\n<p>&nbsp;<\/p>\n<p>AL cine de la Salle, tancant els ulls quan s&#8217;apaguen els llums i sabent que quan els obri haur\u00e0 comen\u00e7at una fantasia<\/p>\n<p>WUXIA<\/p>\n<p>1994. Ashes of time. Wong Kar-wai.<br \/>\nKung Fu Hustle (2004, Stephen Chow)<br \/>\nMerantau Warrior (V O Sub Espa\u00f1ol) 2009 Dvdrip<br \/>\nThe Raid 2011<br \/>\nThe raid 2 2014<br \/>\nThe Grandmaster 2013 [Wong Kar-Wai]<\/p>\n<p>&nbsp;<\/p>\n<p>&nbsp;<\/p>\n<hr \/>\n<p>Cinema 1920-1959<\/p>\n<p>cinema sci fi TOTAL RECALL, MATRIX, BLADE RUNNER<\/p>\n<p>[ veure work\/cinemaiseries.ods<\/p>\n<p>&nbsp;<\/p>\n<hr \/>\n<div>BILL BOJANGLES<\/div>\n<div><\/div>\n<div><\/div>\n<div><\/div>\n<div><\/div>\n<div>v\u00eddeo de Honi Coles i Charles Atkins soft shoe<\/div>\n<div><a href=\"https:\/\/www.youtube.com\/watch?v=M6f6ewUdHcQ\">https:\/\/www.youtube.com\/watch?v=M6f6ewUdHcQ<\/a><\/div>\n<div><a href=\"https:\/\/www.youtube.com\/watch?v=2hJjDTq0Jds\">https:\/\/www.youtube.com\/watch?v=2hJjDTq0Jds<\/a><\/div>\n<div><\/div>\n<div>\n<p>&nbsp;<\/p>\n<hr \/>\n<\/div>\n<div>Cinema i televisi\u00f3\u00a0 1960 &#8211; 2017<\/div>\n<div><\/div>\n<div>2000 Youtube<\/div>\n<div>2010 Les s\u00e8ries<\/div>\n<div><\/div>\n<div>\n<hr \/>\n<\/div>\n<div><\/div>\n<p>&nbsp;<\/p>\n","protected":false},"excerpt":{"rendered":"<p>TEATRE CINEMA &nbsp; veure materials antgic museu full de calcul cinema i s\u00e8ries | Contenidor Cinema\u00a0 | Contenidor Cronologia Cinema\u00a0 \u00a0| El cinema que he vist cada any La Dansa\u00a0 | \u00a0Hist\u00f2ria de la dansa | El ballet, hist\u00f2ria\u00a0 posicions i moviments |\u00a0 El musical \u00a0 |\u00a0\u00a0 Estudi de la dansa\u00a0\u00a0 |\u00a0\u00a0 Danses participatives: el &hellip; <\/p>\n<p class=\"link-more\"><a href=\"http:\/\/meumon.synology.me\/museu\/4-inventari-tot\/42-cultura\/424-teatre-cinema-dansa\/\" class=\"more-link\">Continue reading<span class=\"screen-reader-text\"> &#8220;424 Teatre, Cinema, Dansa&#8221;<\/span><\/a><\/p>\n","protected":false},"author":1,"featured_media":0,"parent":824,"menu_order":0,"comment_status":"closed","ping_status":"closed","template":"","meta":{"footnotes":""},"_links":{"self":[{"href":"http:\/\/meumon.synology.me\/museu\/wp-json\/wp\/v2\/pages\/1041"}],"collection":[{"href":"http:\/\/meumon.synology.me\/museu\/wp-json\/wp\/v2\/pages"}],"about":[{"href":"http:\/\/meumon.synology.me\/museu\/wp-json\/wp\/v2\/types\/page"}],"author":[{"embeddable":true,"href":"http:\/\/meumon.synology.me\/museu\/wp-json\/wp\/v2\/users\/1"}],"replies":[{"embeddable":true,"href":"http:\/\/meumon.synology.me\/museu\/wp-json\/wp\/v2\/comments?post=1041"}],"version-history":[{"count":0,"href":"http:\/\/meumon.synology.me\/museu\/wp-json\/wp\/v2\/pages\/1041\/revisions"}],"up":[{"embeddable":true,"href":"http:\/\/meumon.synology.me\/museu\/wp-json\/wp\/v2\/pages\/824"}],"wp:attachment":[{"href":"http:\/\/meumon.synology.me\/museu\/wp-json\/wp\/v2\/media?parent=1041"}],"curies":[{"name":"wp","href":"https:\/\/api.w.org\/{rel}","templated":true}]}}