{"id":1108,"date":"2019-02-23T19:34:42","date_gmt":"2019-02-23T19:34:42","guid":{"rendered":"http:\/\/meumon.synology.me\/museu\/?page_id=1108"},"modified":"2022-12-11T17:32:47","modified_gmt":"2022-12-11T17:32:47","slug":"425-tecnologia","status":"publish","type":"page","link":"http:\/\/meumon.synology.me\/museu\/4-inventari-tot\/42-cultura\/425-tecnologia\/","title":{"rendered":"425 Tecnologia"},"content":{"rendered":"<p>&nbsp;<\/p>\n<p>[esborrany]\u00a0\u00a0\u00a0<a href=\"http:\/\/meumon.synology.me\/museu\/4-inventari-tot\/42-cultura\/425-tecnologia\/425-tecnologies-diverses\/\">Tecnologies diverses<\/a>\u00a0\u00a0 |\u00a0\u00a0\u00a0 <a href=\"http:\/\/meumon.synology.me\/museu\/4-inventari-tot\/42-cultura\/425-tecnologia\/425-cartografia\/\">Cartografia<\/a><\/p>\n<p><a href=\"http:\/\/meumon.synology.me\/museu\/4-inventari-tot\/42-cultura\/425-tecnologia\/425-cuina\/\">Cuina<\/a>\u00a0 |\u00a0\u00a0<a href=\"http:\/\/meumon.synology.me\/museu\/4-inventari-tot\/42-cultura\/425-tecnologia\/425c-cuina\/\"> Receptes<\/a><\/p>\n<hr \/>\n<p>Ci\u00e8ncies aplicades<\/p>\n<p>Una de les maneres de veure la condici\u00f3 humana ha estat assenyalar la capacitat de fer servir eines. Les destrals de pedra al Paleol\u00edtic i Neol\u00edtic, el foc, cer\u00e0mica, teixir, el bronze, el ferro, la roda, el regadiu, la navegaci\u00f3 a vela, la impremta. L&#8217;energia de vapor, carb\u00f3 i combustibles f\u00f2ssils i els motors, l&#8217;energia el\u00e8ctrica, els pl\u00e0stics, el tel\u00e8graf\u00a0 i el tel\u00e8fon, els semiconductors i els ordinadors.<\/p>\n<ul>\n<li>Aliments<\/li>\n<li>Producci\u00f3 dom\u00e8stica: cer\u00e0mica, teixits, coure, vidre, fusta<\/li>\n<li>Treball dels metalls: bronze, ferro, armament, instruments de mesura<\/li>\n<li>Construcci\u00f3, urbanisme<\/li>\n<li>Transport<\/li>\n<li>Comunicaci\u00f3 i registre<\/li>\n<li>Energia: Sang, hidr\u00e0ulica, vent, vapor<\/li>\n<li>Qu\u00edmica: tenyits i curtits<\/li>\n<li>M\u00e0quines<\/li>\n<li>Nous materials<\/li>\n<li>Motors<\/li>\n<li>Electricitat<\/li>\n<li>Impremta, fotografia, cinema<\/li>\n<\/ul>\n<hr \/>\n<p>PALEOL\u00cdTIC<\/p>\n<p>[pintures, enterrament dels morts]<\/p>\n<p>-3.3Ma Eines de pedra tallada<br \/>\n-1M.Foc<\/p>\n<p>NEOL\u00cdTIC<\/p>\n<p>-10000 Agricultura, assentaments urbans. Cer\u00e0mica. Teixits. La roda. Irrigaci\u00f3<br \/>\n-5500 Bronze<\/p>\n<p>PRIMERES CIVILITZACIONS<\/p>\n<p>[Arquitectura pir\u00e0mides, palaus i temples mesopot\u00e0mia][literatura vedes, Gilgamesh]<\/p>\n<p>-4000 Navegaci\u00f3 a\u00a0 vela al Nil<br \/>\n-4000 Calendaris astron\u00f2mics<br \/>\n-3500 Mesopot\u00e0mia: Sistemes d&#8217;escriptura. Roda, palanca, grua.<br \/>\n-1200 El ferro substitueix el bronze<\/p>\n<p>ERA AXIAL<\/p>\n<p>[Confuci, Buda, Jes\u00fas, filosofia grega, Euclides, Astronomia Ptolomeu, Homer, poesia Han]<\/p>\n<p>-300 Astrolabi<br \/>\n-100 carreteres romanes. aquaductes, arcs, c\u00fapules<\/p>\n<p>EDAT MITJANA<\/p>\n<p>[Teologia, Arquitectura i pintura rom\u00e0nica i g\u00f2tica][poesia Tang i Song][poesia trobadors]<\/p>\n<p>850; Xina, p\u00f2lvora. 14xx armes de foc, artilleria<br \/>\n950. El mol\u00ed de vent (P\u00e8rsia)<br \/>\n1000 La filadora (\u00e0rabs)<br \/>\n1044 La br\u00faixola<br \/>\n1026 El cigonyal (\u00e0rabs)<br \/>\n1250\u20131300: El rellotge mec\u00e0nic<br \/>\n1455: Gutenberg, la impremta.<\/p>\n<p>EDAT MODERNA<\/p>\n<p>[Exploraci\u00f3 del m\u00f3n, Galileu, Cop\u00e8rnic, Newton, Teoria at\u00f2mica][Dante, Cervantes, Shakespeare][Brunelleschi, Miquelangelo][Vivaldi, Bach, Sacarlatti, Haydn, Mozart][Descartes, Locke, Hume, Leibniz]<\/p>\n<p>Tabac, patata, tom\u00e0quet<br \/>\n1600 Telescopi, microscopi<\/p>\n<p>EDAT CONTEMPOR\u00c0NIA<\/p>\n<p>[electrodin\u00e0mica, teoria de l&#8217;evoluci\u00f3][Wordsworth, H\u00f6lderlin][Caspar Friedrich][Kant Hegel][Beethoven, Schumann, Schubert]<\/p>\n<p>1765: James Watt, el motor a vapor. 1804 El ferrocarril. 1807. El vaixell a vapor.<br \/>\n1826\/27: Niepce La fotografia. 1900 Lumi\u00e8re Cinema<br \/>\n1831: Dalladora mec\u00e0nica.<br \/>\n1844: El tel\u00e8graf. 1876 El tel\u00e8fon<br \/>\n1876: El motor de combusti\u00f3 interna. Otto.\u00a0 1885 Benz l&#8217;autom\u00f2bil.<br \/>\n1879: Energia el\u00e8ctrica. Edison la bombilla.<br \/>\n1901: Radio, Marconi<br \/>\n1903: Primers avions. 1915 \u00das militar. Vols comercials a partir de 1945.<\/p>\n<p>SXX i XXI<\/p>\n<p>[mec\u00e0nica qu\u00e0ntica, DNA][Stravinsky, Satie][Kandinsky, Mondrian, Mir\u00f3][Gaud\u00ed, Mies van der Rohe][jazz, pop, hip hop]<br \/>\nFabricaci\u00f3 en s\u00e8rie, electrificaci\u00f3, mesures anticonceptives<br \/>\nPotabilitzaci\u00f3 de l&#8217;aigua, aigua corrent, clavegueram<\/p>\n<p>1927: La televisi\u00f3<br \/>\n1937-1980: Els ordinadors. 1947 transistors. 1974 Ordinador personal [1985 la Caixa]<br \/>\n1942: L&#8217;energia nuclear<br \/>\n1950s: m\u00e0quines dom\u00e8stiques per rentar la roba i els plats<br \/>\n1957: Vols a l&#8217;espai<br \/>\n1974: Internet. [ 1995 a la Caixa]<br \/>\n1990 Smartphones<br \/>\n2012: CRISPR, edici\u00f3 de DNA<br \/>\n2017: Intel\u00b7lig\u00e8ncia artificial: <a href=\"https:\/\/openai.com\/dall-e-2\/\">Dall-e<\/a>, <a href=\"https:\/\/chat.openai.com\/chat\">chat open AI<\/a>,<\/p>\n","protected":false},"excerpt":{"rendered":"<p>&nbsp; [esborrany]\u00a0\u00a0\u00a0Tecnologies diverses\u00a0\u00a0 |\u00a0\u00a0\u00a0 Cartografia Cuina\u00a0 |\u00a0\u00a0 Receptes Ci\u00e8ncies aplicades Una de les maneres de veure la condici\u00f3 humana ha estat assenyalar la capacitat de fer servir eines. Les destrals de pedra al Paleol\u00edtic i Neol\u00edtic, el foc, cer\u00e0mica, teixir, el bronze, el ferro, la roda, el regadiu, la navegaci\u00f3 a vela, la impremta. L&#8217;energia &hellip; <\/p>\n<p class=\"link-more\"><a href=\"http:\/\/meumon.synology.me\/museu\/4-inventari-tot\/42-cultura\/425-tecnologia\/\" class=\"more-link\">Continue reading<span class=\"screen-reader-text\"> &#8220;425 Tecnologia&#8221;<\/span><\/a><\/p>\n","protected":false},"author":1,"featured_media":0,"parent":824,"menu_order":0,"comment_status":"closed","ping_status":"closed","template":"","meta":{"footnotes":""},"_links":{"self":[{"href":"http:\/\/meumon.synology.me\/museu\/wp-json\/wp\/v2\/pages\/1108"}],"collection":[{"href":"http:\/\/meumon.synology.me\/museu\/wp-json\/wp\/v2\/pages"}],"about":[{"href":"http:\/\/meumon.synology.me\/museu\/wp-json\/wp\/v2\/types\/page"}],"author":[{"embeddable":true,"href":"http:\/\/meumon.synology.me\/museu\/wp-json\/wp\/v2\/users\/1"}],"replies":[{"embeddable":true,"href":"http:\/\/meumon.synology.me\/museu\/wp-json\/wp\/v2\/comments?post=1108"}],"version-history":[{"count":0,"href":"http:\/\/meumon.synology.me\/museu\/wp-json\/wp\/v2\/pages\/1108\/revisions"}],"up":[{"embeddable":true,"href":"http:\/\/meumon.synology.me\/museu\/wp-json\/wp\/v2\/pages\/824"}],"wp:attachment":[{"href":"http:\/\/meumon.synology.me\/museu\/wp-json\/wp\/v2\/media?parent=1108"}],"curies":[{"name":"wp","href":"https:\/\/api.w.org\/{rel}","templated":true}]}}