{"id":1116,"date":"2019-02-25T11:31:21","date_gmt":"2019-02-25T11:31:21","guid":{"rendered":"http:\/\/meumon.synology.me\/museu\/?page_id=1116"},"modified":"2019-02-25T11:38:17","modified_gmt":"2019-02-25T11:38:17","slug":"425-cuina","status":"publish","type":"page","link":"http:\/\/meumon.synology.me\/museu\/4-inventari-tot\/42-cultura\/425-tecnologia\/425-cuina\/","title":{"rendered":"425 Cuina"},"content":{"rendered":"<p><a href=\"http:\/\/meumon.synology.me\/museu\/historia-de-la-tecnologia-cuina\/\">Hist\u00f2ria de la tecnologia i cuina<\/a>\u00a0\u00a0 |\u00a0\u00a0\u00a0 <a href=\"http:\/\/meumon.synology.me\/museu\/4-inventari-tot\/42-cultura\/425-tecnologia\/425c-cuina\/\">Receptes<\/a>\u00a0 |\u00a0\u00a0\u00a0 <a href=\"http:\/\/meumon.synology.me\/museu\/el-que-he-menjat\/\">El que he menjat<\/a><\/p>\n<hr \/>\n<p><a href=\"http:\/\/meumon.synology.me\/museu\/historia-de-la-tecnologia-cuina\/\">Hist\u00f2ria de la tecnologia i cuina<\/a><\/p>\n<p>el foc<br \/>\npatata i tom\u00e0quet<br \/>\nFran\u00e7a<br \/>\nrefrigeraci\u00f3<\/p>\n<hr \/>\n<p><a href=\"http:\/\/meumon.synology.me\/museu\/4-inventari-tot\/42-cultura\/425-tecnologia\/425c-cuina\/\">Receptes<\/a><\/p>\n<p>RECEPTARI<\/p>\n<p>Entrants<br \/>\nGaspatxo<br \/>\namanida amb fetge i ceba<br \/>\namanida amb pipes, alvocat, pastanaga, vingreta d&#8217;oli i maonesa<br \/>\nempedrat<br \/>\nkartoffeln salat<br \/>\nxat\u00f3<\/p>\n<p>Escudella<br \/>\ncrema de porro<br \/>\nsopa de brou vegetal amb algues i fideus<\/p>\n<p>canelons<br \/>\nespagueti carbonara (cansalada i ou), bolognesa (carn i tom\u00e0quet), napolitana (tom\u00e0quet),<\/p>\n<p>samfaina<br \/>\nescalivada<br \/>\ntrinxat<\/p>\n<p>cigrons<br \/>\nfaves amb p\u00e8sols i botifarra negra<br \/>\nllenties<br \/>\nfesolets amb botifarra de perol<\/p>\n<p>paella<br \/>\narr\u00f2s bullit amb un raig d&#8217;oli<br \/>\nrisotto<\/p>\n<p>orada i llobarro<br \/>\nverat, sardines<br \/>\nturbot<br \/>\nrap a la marinera, rap allagostat<\/p>\n<p>xai: costelles, cuixa<br \/>\nporc: filet, costella, botifarres<br \/>\nVEdella: fricand\u00f3, filet<\/p>\n<p>truita a la francesa, herbes<br \/>\ntruita de patates, carbass\u00f3, alberg\u00ednia<br \/>\nous ferrats, ous durs, ous passats per aigua, ous benedictine<\/p>\n<p>pa fet meu, xapata, pa marr\u00f3 alemany, panet, pa de motlle<\/p>\n<p>llangonissa, sobressada, bull<br \/>\nformatge manxego, brie, roquefort, fild\u00e8lfia, cabra tendre<\/p>\n<p>taronja, mandarina, llimona<br \/>\npoma, pera<br \/>\npr\u00e9ssec, nectarina<br \/>\nalbercoc, nespre, pruna<br \/>\nra\u00efm, panses<br \/>\npl\u00e0tan<br \/>\npinya, mango<\/p>\n<p>cervesa volldamm, artesana<br \/>\nvi negre:<br \/>\nvi blanc: sec, riesling, afruitat<br \/>\ncava<br \/>\nvermut, gin tonic<br \/>\nwhisky, ginebra<\/p>\n<p>te negre, earl grey, oolong, te olor molsa, te verd<br \/>\ncaf\u00e8<\/p>\n<hr \/>\n<p>&nbsp;<\/p>\n","protected":false},"excerpt":{"rendered":"<p>Hist\u00f2ria de la tecnologia i cuina\u00a0\u00a0 |\u00a0\u00a0\u00a0 Receptes\u00a0 |\u00a0\u00a0\u00a0 El que he menjat Hist\u00f2ria de la tecnologia i cuina el foc patata i tom\u00e0quet Fran\u00e7a refrigeraci\u00f3 Receptes RECEPTARI Entrants Gaspatxo amanida amb fetge i ceba amanida amb pipes, alvocat, pastanaga, vingreta d&#8217;oli i maonesa empedrat kartoffeln salat xat\u00f3 Escudella crema de porro sopa de brou &hellip; <\/p>\n<p class=\"link-more\"><a href=\"http:\/\/meumon.synology.me\/museu\/4-inventari-tot\/42-cultura\/425-tecnologia\/425-cuina\/\" class=\"more-link\">Continue reading<span class=\"screen-reader-text\"> &#8220;425 Cuina&#8221;<\/span><\/a><\/p>\n","protected":false},"author":1,"featured_media":0,"parent":1108,"menu_order":0,"comment_status":"closed","ping_status":"closed","template":"","meta":{"footnotes":""},"_links":{"self":[{"href":"http:\/\/meumon.synology.me\/museu\/wp-json\/wp\/v2\/pages\/1116"}],"collection":[{"href":"http:\/\/meumon.synology.me\/museu\/wp-json\/wp\/v2\/pages"}],"about":[{"href":"http:\/\/meumon.synology.me\/museu\/wp-json\/wp\/v2\/types\/page"}],"author":[{"embeddable":true,"href":"http:\/\/meumon.synology.me\/museu\/wp-json\/wp\/v2\/users\/1"}],"replies":[{"embeddable":true,"href":"http:\/\/meumon.synology.me\/museu\/wp-json\/wp\/v2\/comments?post=1116"}],"version-history":[{"count":0,"href":"http:\/\/meumon.synology.me\/museu\/wp-json\/wp\/v2\/pages\/1116\/revisions"}],"up":[{"embeddable":true,"href":"http:\/\/meumon.synology.me\/museu\/wp-json\/wp\/v2\/pages\/1108"}],"wp:attachment":[{"href":"http:\/\/meumon.synology.me\/museu\/wp-json\/wp\/v2\/media?parent=1116"}],"curies":[{"name":"wp","href":"https:\/\/api.w.org\/{rel}","templated":true}]}}