{"id":1171,"date":"2019-03-18T20:00:52","date_gmt":"2019-03-18T20:00:52","guid":{"rendered":"http:\/\/meumon.synology.me\/museu\/?page_id=1171"},"modified":"2019-06-06T10:13:43","modified_gmt":"2019-06-06T10:13:43","slug":"4i-que-passa","status":"publish","type":"page","link":"http:\/\/meumon.synology.me\/museu\/4-inventari-tot\/4i-inventari\/4i-que-passa\/","title":{"rendered":"4i Qu\u00e8 passa"},"content":{"rendered":"<p>Univers: formaci\u00f3, primer minuts |\u00a0 estat actual qu\u00e8 est\u00e0 passant, expansi\u00f3, estrelles cremant<\/p>\n<p>Terra: evoluci\u00f3 geol\u00f2gica i esp\u00e8cies | estat actual els grans cicles de la naturalesa, canvi clim\u00e0tic, les estacions, els vents, les abelles a la terrassa, les plantes que creixen<\/p>\n<p>L&#8217;home sobre la terra:<\/p>\n<ul>\n<li>[evoluci\u00f3 dels hom\u00ednids](migracions pr\u00e8vies, neandertals)<\/li>\n<li>migracions de l&#8217;homo s\u00e0piens colonitzant el m\u00f3n -50000 0<\/li>\n<li>Agr\u00edcultura Neol\u00edtic i primeres civilitzacions -10000 0<\/li>\n<li>(Era Axial: Gr\u00e8cia, Roma, jusdaisme, Confuci, Buda) -800 500<\/li>\n<li>Edat mitjana Era post cl\u00e0ssica 500 1500<\/li>\n<li>Edat moderna 1, Early Modern\u00a0 1500 1750<\/li>\n<li>Edat moderna 2, Late modern\u00a0 (contempor\u00e0nia) Revoluci\u00f3 industrial, estats modernbs 1750 1914 |\u00a0\u00a0\u00a0\u00a0 1914 1945<\/li>\n<li>Segle XX 1915 1990\u00a0\u00a0 |\u00a0\u00a0 Internet 1990 &#8211; ara<\/li>\n<\/ul>\n<p>la meva vida<\/p>\n<ul>\n<li>infantesa<\/li>\n<li>adolesc\u00e8ncia<\/li>\n<li>castellar<\/li>\n<li>pare<\/li>\n<li>2000 &#8211; 2015<\/li>\n<li>jubilat<\/li>\n<\/ul>\n<hr \/>\n<p>Contemplaci\u00f3 de l&#8217;Ara: qu\u00e8 est\u00e0 passant a<\/p>\n<ul>\n<li>univers<\/li>\n<li>terra: v\u00eddeo de la nasa, els vents d&#8217;avui<\/li>\n<li>els homes a tot arreu del m\u00f3n: live cam, qui riu, qui plora, qui dorm (<a href=\"https:\/\/news.gallup.com\/interactives\/248240\/global-emotions.aspx\">Enquesta Gallup<\/a> sobre les emocions al m\u00f3n: Anger, Sadness, Stress, Worry<br \/>\nPhysical Pain, Enjoyment, Well-rested, Learn Something, Smile or Laugh, Treated with respect)<\/li>\n<li>la meva fam\u00edlia, amics i gent que estimo<\/li>\n<li>jo, qu\u00e8 penso, que sento<\/li>\n<\/ul>\n<hr \/>\n<p>&nbsp;<\/p>\n","protected":false},"excerpt":{"rendered":"<p>Univers: formaci\u00f3, primer minuts |\u00a0 estat actual qu\u00e8 est\u00e0 passant, expansi\u00f3, estrelles cremant Terra: evoluci\u00f3 geol\u00f2gica i esp\u00e8cies | estat actual els grans cicles de la naturalesa, canvi clim\u00e0tic, les estacions, els vents, les abelles a la terrassa, les plantes que creixen L&#8217;home sobre la terra: [evoluci\u00f3 dels hom\u00ednids](migracions pr\u00e8vies, neandertals) migracions de l&#8217;homo s\u00e0piens &hellip; <\/p>\n<p class=\"link-more\"><a href=\"http:\/\/meumon.synology.me\/museu\/4-inventari-tot\/4i-inventari\/4i-que-passa\/\" class=\"more-link\">Continue reading<span class=\"screen-reader-text\"> &#8220;4i Qu\u00e8 passa&#8221;<\/span><\/a><\/p>\n","protected":false},"author":1,"featured_media":0,"parent":574,"menu_order":0,"comment_status":"closed","ping_status":"closed","template":"","meta":{"footnotes":""},"_links":{"self":[{"href":"http:\/\/meumon.synology.me\/museu\/wp-json\/wp\/v2\/pages\/1171"}],"collection":[{"href":"http:\/\/meumon.synology.me\/museu\/wp-json\/wp\/v2\/pages"}],"about":[{"href":"http:\/\/meumon.synology.me\/museu\/wp-json\/wp\/v2\/types\/page"}],"author":[{"embeddable":true,"href":"http:\/\/meumon.synology.me\/museu\/wp-json\/wp\/v2\/users\/1"}],"replies":[{"embeddable":true,"href":"http:\/\/meumon.synology.me\/museu\/wp-json\/wp\/v2\/comments?post=1171"}],"version-history":[{"count":0,"href":"http:\/\/meumon.synology.me\/museu\/wp-json\/wp\/v2\/pages\/1171\/revisions"}],"up":[{"embeddable":true,"href":"http:\/\/meumon.synology.me\/museu\/wp-json\/wp\/v2\/pages\/574"}],"wp:attachment":[{"href":"http:\/\/meumon.synology.me\/museu\/wp-json\/wp\/v2\/media?parent=1171"}],"curies":[{"name":"wp","href":"https:\/\/api.w.org\/{rel}","templated":true}]}}