{"id":1401,"date":"2019-07-09T13:53:07","date_gmt":"2019-07-09T13:53:07","guid":{"rendered":"http:\/\/meumon.synology.me\/museu\/?page_id=1401"},"modified":"2021-01-12T12:12:33","modified_gmt":"2021-01-12T12:12:33","slug":"44t-litosfera","status":"publish","type":"page","link":"http:\/\/meumon.synology.me\/museu\/4-inventari-tot\/44-la-terra\/44t-litosfera\/","title":{"rendered":"44T Litosfera"},"content":{"rendered":"<p>[ esborrany, de contenidor de posts amb categoria litosfera a p\u00e0gina organitzada] [ Museu de geologia]<\/p>\n<hr \/>\n<ul>\n<li>tipus de roques, <a href=\"http:\/\/meumon.synology.me\/museu\/geologia-formacio-de-roques\/\">formaci\u00f3 de roques<\/a> <a href=\"http:\/\/meumon.synology.me\/museu\/roques-i-minerals\/\">roques i minerals<\/a>, <a href=\"http:\/\/meumon.synology.me\/museu\/4-inventari-tot\/44-la-terra\/44t-litosfera\/44t-col%c2%b7leccio-roques-i-minerals\/\">col\u00b7lecci\u00f3<\/a>,\u00a0 <a href=\"http:\/\/meumon.synology.me\/museu\/sobre-levolucio-geologica-hutton-cuvier-lyell\/\">evoluci\u00f3 geol\u00f2gica Lyell<\/a>,<a href=\"http:\/\/meumon.synology.me\/museu\/tectonica-de-plaques\/\"> tect\u00f2nica de plaques<\/a>, <a href=\"http:\/\/meumon.synology.me\/museu\/plaques-tectoniques\/\">Plaques tect\u00f2niques<\/a><\/li>\n<li>jaciments i estrats,\u00a0 [ nou post amb escan Fontser\u00e8 i Grand Canyon llibre evoluci\u00f3], <a href=\"http:\/\/meumon.synology.me\/museu\/orogenies-i-muntanyes\/\">hist\u00f2ria geol\u00f2gica<\/a> (<a href=\"http:\/\/meumon.synology.me\/museu\/catalunya-evolucio-geologica\/\">Catalunya<\/a>) [ i tamb\u00e9\u00a0 <a href=\"http:\/\/meumon.synology.me\/museu\/sobre-levolucio-geologica-hutton-cuvier-lyell\/\">evoluci\u00f3 geol\u00f2gica Lyell<\/a>,<a href=\"http:\/\/meumon.synology.me\/museu\/tectonica-de-plaques\/\"> tect\u00f2nica de plaques<\/a>, <a href=\"http:\/\/meumon.synology.me\/museu\/plaques-tectoniques\/\">Plaques tect\u00f2niques<\/a> ]<\/li>\n<li><\/li>\n<\/ul>\n","protected":false},"excerpt":{"rendered":"<p>[ esborrany, de contenidor de posts amb categoria litosfera a p\u00e0gina organitzada] [ Museu de geologia] tipus de roques, formaci\u00f3 de roques roques i minerals, col\u00b7lecci\u00f3,\u00a0 evoluci\u00f3 geol\u00f2gica Lyell, tect\u00f2nica de plaques, Plaques tect\u00f2niques jaciments i estrats,\u00a0 [ nou post amb escan Fontser\u00e8 i Grand Canyon llibre evoluci\u00f3], hist\u00f2ria geol\u00f2gica (Catalunya) [ i tamb\u00e9\u00a0 evoluci\u00f3 &hellip; <\/p>\n<p class=\"link-more\"><a href=\"http:\/\/meumon.synology.me\/museu\/4-inventari-tot\/44-la-terra\/44t-litosfera\/\" class=\"more-link\">Continue reading<span class=\"screen-reader-text\"> &#8220;44T Litosfera&#8221;<\/span><\/a><\/p>\n","protected":false},"author":1,"featured_media":0,"parent":952,"menu_order":0,"comment_status":"closed","ping_status":"closed","template":"","meta":{"footnotes":""},"_links":{"self":[{"href":"http:\/\/meumon.synology.me\/museu\/wp-json\/wp\/v2\/pages\/1401"}],"collection":[{"href":"http:\/\/meumon.synology.me\/museu\/wp-json\/wp\/v2\/pages"}],"about":[{"href":"http:\/\/meumon.synology.me\/museu\/wp-json\/wp\/v2\/types\/page"}],"author":[{"embeddable":true,"href":"http:\/\/meumon.synology.me\/museu\/wp-json\/wp\/v2\/users\/1"}],"replies":[{"embeddable":true,"href":"http:\/\/meumon.synology.me\/museu\/wp-json\/wp\/v2\/comments?post=1401"}],"version-history":[{"count":0,"href":"http:\/\/meumon.synology.me\/museu\/wp-json\/wp\/v2\/pages\/1401\/revisions"}],"up":[{"embeddable":true,"href":"http:\/\/meumon.synology.me\/museu\/wp-json\/wp\/v2\/pages\/952"}],"wp:attachment":[{"href":"http:\/\/meumon.synology.me\/museu\/wp-json\/wp\/v2\/media?parent=1401"}],"curies":[{"name":"wp","href":"https:\/\/api.w.org\/{rel}","templated":true}]}}