{"id":1864,"date":"2020-05-17T08:43:59","date_gmt":"2020-05-17T08:43:59","guid":{"rendered":"http:\/\/meumon.synology.me\/museu\/?page_id=1864"},"modified":"2025-05-04T08:42:06","modified_gmt":"2025-05-04T08:42:06","slug":"424-teatre","status":"publish","type":"page","link":"http:\/\/meumon.synology.me\/museu\/4-inventari-tot\/42-cultura\/424-teatre-cinema-dansa\/424-teatre\/","title":{"rendered":"424 Teatre"},"content":{"rendered":"<p>[ pendent, esborrany]<\/p>\n<p>Tenim teatre a totes les cultures, Gr\u00e8cia i Roma. A Occident, trag\u00e8dia, com\u00e8dia i teatre psicol\u00f2gic. A la \u00edndia, mites, dansa-teatre i espiritualitat. A la Xina, simbolisme, \u00f2pera i narrativa hist\u00f2rica. Al m\u00f3n isl\u00e0mic, component religi\u00f3s o sat\u00edric.<\/p>\n<p>Antiguitat Occidental (Gr\u00e8cia i Roma)<br \/>\nGr\u00e8cia (s. V aC): Mecenatge c\u00edvic: Les obres es representaven en festivals religiosos (com les Dion\u00edsies), finan\u00e7ades per coregs (ciutadans rics que pagaven com a servei p\u00fablic). Els espectadors no pagaven entrada (en \u00e8poques democr\u00e0tiques), per\u00f2 l\u2019elit patrocinava els festivals. \u00c8squil (&#8220;Oresteia&#8221;, &#8220;Prometeu Encadenat&#8221;).S\u00f2focles (&#8220;Edip Rei&#8221;, &#8220;Ant\u00edgona&#8221;). Eur\u00edpides (&#8220;Medea&#8221;, &#8220;Les Troianes&#8221;). Arist\u00f2fanes (&#8220;Lis\u00edstrata&#8221;, &#8220;Les N\u00favols&#8221;).<br \/>\nRoma (s. III aC \u2013 V dC): Mecenatge aristocr\u00e0tic: Els ludi scaenici (jocs teatrals) eren pagats per magistrats o emperadors (com August, mecenes d\u2019Horaci i Virgili). Tamb\u00e9 hi havia companyies ambulants que cobraven entrades en amfiteatres, per\u00f2 depenien de l\u2019elit. S\u00e8neca (&#8220;Medea&#8221;, &#8220;Fedra&#8221;). Plaute (&#8220;Aulularia&#8221;, &#8220;Miles Gloriosus&#8221;). Terenci (&#8220;Els Germans&#8221;, &#8220;L\u2019Eunuc&#8221;) \u2013 Com\u00e8dia humanitzada.<br \/>\nCultura \u00cdndia: Teatre s\u00e0nscrit (s. IV aC\u2013XII dC), Bharata Muni (&#8220;N\u0101\u1e6dya \u015a\u0101stra&#8221; \u2013 tractat teatral), K\u0101lid\u0101sa (&#8220;Abhij\u00f1\u0101na\u015b\u0101kuntalam&#8221; \u2013 &#8220;El reconeixement de Sak\u00fantala&#8221;), Bhasa (&#8220;Svapnavasavadattam&#8221;). Teatre folkl\u00f2ric, Kathakali (Kerala, dansa-teatre), Ramlila (representaci\u00f3 del &#8220;Ramayana&#8221;).<\/p>\n<p>Edat Mitjana (s. V\u2013XV)<br \/>\nEuropa: Misteris i Moralitats (teatre religi\u00f3s, s. XII\u2013XV) representats en esgl\u00e9sies o places, pagats per confraries o ajuntaments. Els jJoglars i trobadors itinerants vivien de donatius del p\u00fablic o del patrocini de nobles.<br \/>\n\u00cdndia, Teatre s\u00e0nscrit (s. IV\u2013XII) amb mecenatge reial, obres com el &#8220;M\u1e5bcchaka\u1e6dika&#8221; es representaven en corts, finan\u00e7ades per reis.<br \/>\nJap\u00f3, teatre N\u014d (s. XIV) els sh\u014dguns finan\u00e7aven els actors (com Zeami).<br \/>\nIslam: Teatre cl\u00e0ssic \u00e0rab (segles VIII\u2013XIII), barreja de tradicions gregues (sobretot despr\u00e9s de les traduccions d\u2019Arist\u00f2til i els textos hel\u00b7len\u00edstics), perses i folkl\u00f2riques. Teatre d&#8217;ombres (Khayal al-zill) originari de l\u2019Egipte fatimita, popularitzat a S\u00edria i Turquia, &#8220;The Epics of the Heroes&#8221; (adaptacions de &#8220;Les Mil i Una Nits&#8221;). Narraci\u00f3 performativa (Maqamat), prosa rimada amb elements teatrals, com les obres d\u2019Al-Hariri de Bagdad (s. XI que es representava en corts califals (com Bagdad o C\u00f2rdova) i espais urbans (souks, caf\u00e8s). Teatre religi\u00f3s (Ta\u2019ziyeh a P\u00e8rsia\/Iran, des del s. X), drama xi\u00efta que representa la mort de l\u2019imam Hussein a Karbala, amb gran impacte emocional, patrimoni de la Humanitat per la UNESCO, \u00fas de carrosses i espais oberts, amb actors no professionals. Teatre d&#8217;ombres sat\u00edric (Karag\u00f6z, Turquia\/Imperi Otom\u00e0, s. XVI\u2013XIX), amb personatges com Karag\u00f6z (el trapella) i Hacivat (l\u2019erudit).<\/p>\n<p>Renaixement i Edat Moderna (s. XVI\u2013XVIII)<br \/>\nAnglaterra, s. XVI\u2013XVII: teatre isabel\u00ed amb model comercial. Teatres com &#8220;The Globe&#8221; (Shakespeare) cobraven entrades (1 penny per dempeus, m\u00e9s per seients) a banda de mecenatge parcial de protectors. Shakespeare. Espanya, Lope de Vega, &#8220;Fuenteovejuna&#8221;, &#8220;El cavaller d\u2019Olmedo&#8221;. Fran\u00e7a, s-XVII, Moli\u00e8re (Fran\u00e7a, s. XVII): &#8220;Tartuf&#8221;, &#8220;El malalt imaginari&#8221;. [representacions per la noblesa i el rei]. A It\u00e0lia (s XVI) la Commedia dell\u2019arte era itinerant i comercial, els actors vivien de les entrades en places o corts (els nobles pagaven funcions privades).<br \/>\nJap\u00f3 sXVII, teatre Kabuki, amb finan\u00e7ament comercial, les sales com Nakamura-za venien entrades a mercaders i urbans.<br \/>\nXina: Teatre cl\u00e0ssic, Guan Hanqing (&#8220;L\u2019injust\u00edcia contra Dou E&#8221; \u2013 s. XIII), Tang Xianzu (&#8220;El pavell\u00f3 de les pe\u00f2nies&#8221; \u2013 s. XVI, equivalent xin\u00e8s de Shakespeare).<\/p>\n<p>Segle XIX<br \/>\nEuropa i EUA, teatre burg\u00e8s d&#8217;empresaris privats, sales com &#8220;La Scala&#8221; (Mil\u00e0) o &#8220;Broadway&#8221; (Nova York) depenien de les entrades. Alguns teatres reials com la &#8220;Com\u00e9die-Fran\u00e7aise&#8221; rebien subvencions estatals. A principis de segle, les \u00f2peres depenien de corts, com Wagner i el rei Llu\u00eds II de Baviera per\u00f2 a finals del XIX, les \u00f2peres de Verdi o Puccini es finan\u00e7aven amb abonaments i entrades. Goethe, &#8220;Faust&#8221;. Ibsen, &#8220;Casa de nines&#8221;, Tx\u00e8khov, &#8220;El jard\u00ed dels cirerers&#8221;.<br \/>\n\u00cdndia: Rabindranath Tagore, &#8220;Chitra&#8221; (teatre simb\u00f2lic), Girish Karnad, &#8220;Hayavadana&#8221;.<br \/>\nXina Teatre de l\u2019\u00d2pera de Pequ\u00edn (s. XVIII\u2013XIX), obres basades en hist\u00f2ries tradicionals com &#8220;La venjan\u00e7a del pr\u00edncep Orfan&#8221;.<\/p>\n<p>Segle XX i XXI<br \/>\nHi ha teatre comercial com Broadway, West End o companyies independents viuen de vendes. A Europa hi ha molts teatres subvencionats, com el &#8220;Liceu&#8221; o el TNC. Tamb\u00e9 hi ha fundacions privades. Bertolt Brecht, &#8220;L\u2019\u00f2pera dels tres rals&#8221; (teatre \u00e8pic). Samuel Beckett, &#8220;Esperant Godot&#8221;. Tennessee Williams, &#8220;Un tramvia anomenat Desig&#8221;.<br \/>\nXina: Lao She (&#8220;La casa de te&#8221; \u2013 cr\u00edtica social), Cao Yu (&#8220;L\u2019abisme&#8221; \u2013 influ\u00e8ncia occidental).<br \/>\n\u00c0frica t\u00e9 una tradici\u00f3 de teatre ritual com les cerim\u00f2nies yoruba (Nig\u00e8ria), o narratiu com el griot (\u00c0frica Occidental). Autors moderns: Wole Soyinka (Nig\u00e8ria, Nobel 1986): &#8220;La mort i el cavaller del rei&#8221;. Athol Fugard (Sud-\u00e0frica): &#8220;Master Harold\u2026 and the Boys&#8221; (contra l\u2019apartheid).<br \/>\nCal assenyalar tamb\u00e9 que l&#8217;exist\u00e8ncia de teatre a l&#8217;Am\u00e8rica precolombina amb teatre maia com El &#8220;Rabinal Ach\u00ed&#8221; (drama de guerra del s. XV) encara es representa a Guatemala i teatre quechua, &#8220;Ollantay&#8221; (trag\u00e8dia inca adaptada al s. XVIII).<br \/>\nIslam: Arriba la influ\u00e8ncia d&#8217;occident. Tawfiq al-Hakim (Egipte, s. XX), &#8220;El poble dorm&#8221;. Saadallah Wannous (S\u00edria), &#8220;Soiree for the 5th of June&#8221;. The Arab Apocalypse (drama contemporani de El\u00edas Khoury), Al-Hallaj (obra sobre el m\u00edstic executat, popular al teatre suf\u00ed).<\/p>\n<p>&#8212;<\/p>\n<p>l o l\u2019her\u00e8ncia andalus\u00ed), dime-ho i ampl\u00edo!<\/p>\n<p>https:\/\/www.newyorker.com\/magazine\/2020\/05\/18\/the-first-great-original-play-of-quarantine<\/p>\n<p>&nbsp;<\/p>\n<p>There\u2019s been ample time, during the past few endless weeks, for a person who misses theatre to think about what theatre gives us that\u2019s different from what we get from other kinds of art and performance. We have television to entertain us, movies and books to sustain us. What can plays do? When in doubt, it never hurts to consult Hamlet. \u201cThe purpose of playing,\u201d the Danish prince tells us, \u201cwas and is to hold, as \u2019twere, the mirror up to nature, to show virtue her own feature, scorn her own image, and the very age and body of the time his form and pressure.\u201dThere\u2019s been ample time, during the past few endless weeks, for a person who misses theatre to think about what theatre gives us that\u2019s different from what we get from other kinds of art and performance. We have television to entertain us, movies and books to sustain us. What can plays do? When in doubt, it never hurts to consult Hamlet. \u201cThe purpose of playing,\u201d the Danish prince tells us, \u201cwas and is to hold, as \u2019twere, the mirror up to nature, to show virtue her own feature, scorn her own image, and the very age and body of the time his form and pressure.\u201d<\/p>\n<hr \/>\n<p>Moltes vegades el teatre i els musicals tenen com a tema el mateix teatre. Aix\u00f2 \u00e9s dut a l&#8217;extrem al film <a href=\"https:\/\/en.wikipedia.org\/wiki\/Synecdoche%2C_New_York\">Synecdoque New York<\/a> de 2008. Un experiment interessant sobre la paradoxa de viure i alhora observar-nos, un director de teatre que munta una obra de teatre sobre ell mateix dirigint una obra de teatre.<\/p>\n","protected":false},"excerpt":{"rendered":"<p>[ pendent, esborrany] Tenim teatre a totes les cultures, Gr\u00e8cia i Roma. A Occident, trag\u00e8dia, com\u00e8dia i teatre psicol\u00f2gic. A la \u00edndia, mites, dansa-teatre i espiritualitat. A la Xina, simbolisme, \u00f2pera i narrativa hist\u00f2rica. Al m\u00f3n isl\u00e0mic, component religi\u00f3s o sat\u00edric. Antiguitat Occidental (Gr\u00e8cia i Roma) Gr\u00e8cia (s. V aC): Mecenatge c\u00edvic: Les obres es &hellip; <\/p>\n<p class=\"link-more\"><a href=\"http:\/\/meumon.synology.me\/museu\/4-inventari-tot\/42-cultura\/424-teatre-cinema-dansa\/424-teatre\/\" class=\"more-link\">Continue reading<span class=\"screen-reader-text\"> &#8220;424 Teatre&#8221;<\/span><\/a><\/p>\n","protected":false},"author":1,"featured_media":0,"parent":1041,"menu_order":0,"comment_status":"closed","ping_status":"closed","template":"","meta":{"footnotes":""},"_links":{"self":[{"href":"http:\/\/meumon.synology.me\/museu\/wp-json\/wp\/v2\/pages\/1864"}],"collection":[{"href":"http:\/\/meumon.synology.me\/museu\/wp-json\/wp\/v2\/pages"}],"about":[{"href":"http:\/\/meumon.synology.me\/museu\/wp-json\/wp\/v2\/types\/page"}],"author":[{"embeddable":true,"href":"http:\/\/meumon.synology.me\/museu\/wp-json\/wp\/v2\/users\/1"}],"replies":[{"embeddable":true,"href":"http:\/\/meumon.synology.me\/museu\/wp-json\/wp\/v2\/comments?post=1864"}],"version-history":[{"count":0,"href":"http:\/\/meumon.synology.me\/museu\/wp-json\/wp\/v2\/pages\/1864\/revisions"}],"up":[{"embeddable":true,"href":"http:\/\/meumon.synology.me\/museu\/wp-json\/wp\/v2\/pages\/1041"}],"wp:attachment":[{"href":"http:\/\/meumon.synology.me\/museu\/wp-json\/wp\/v2\/media?parent=1864"}],"curies":[{"name":"wp","href":"https:\/\/api.w.org\/{rel}","templated":true}]}}