{"id":3143,"date":"2023-11-14T18:24:10","date_gmt":"2023-11-14T18:24:10","guid":{"rendered":"http:\/\/meumon.synology.me\/museu\/?page_id=3143"},"modified":"2024-02-24T10:31:40","modified_gmt":"2024-02-24T10:31:40","slug":"la-vida-especies","status":"publish","type":"page","link":"http:\/\/meumon.synology.me\/museu\/4-inventari-tot\/44-la-terra\/44v-la-vida\/la-vida-especies\/","title":{"rendered":"La vida. Esp\u00e8cies"},"content":{"rendered":"<p><a href=\"http:\/\/meumon.synology.me\/museu\/4-inventari-tot\/44-la-terra\/44v-la-vida\/\">44V La vida<\/a>\u00a0 |\u00a0\u00a0 <a href=\"http:\/\/meumon.synology.me\/museu\/arbre-de-la-vida\/\">Arbre de la vida<\/a> \u00a0 <a href=\"http:\/\/meumon.synology.me\/museu\/la-vida-que-trobem-al-voltant\/\">La vida que trobem al voltant<\/a><\/p>\n<p>Microorganismes. Fongs. Plantes. Animals<\/p>\n<hr \/>\n<h2>Microorganismes<\/h2>\n<p><a href=\"http:\/\/meumon.synology.me\/museu\/virus\/\">Virus<\/a> \u2192 Material gen\u00e8tic que es replica. 6.000 descrits. Prec\u00e0mbric (origen incert).<\/p>\n<p><a href=\"http:\/\/meumon.synology.me\/museu\/procariotes\/\">Procariotes<\/a> \u2192 Arquebacteris i bacteris. 209 i 5000 esp\u00e8cies. 3.500Ma<\/p>\n<p>Eucariotes<\/p>\n<p><a href=\"http:\/\/meumon.synology.me\/museu\/eucariotes\/\">Protista<\/a> \u2192 Diatomees, flagel\u00b7lats, amebes, Foramin\u00edfers. 65.000 esp\u00e8cies. 2.100 Ma. Precambri\u00e0.<\/p>\n<hr \/>\n<h2><a href=\"http:\/\/meumon.synology.me\/museu\/fongs\/\">Fongs<\/a> \u2192<\/h2>\n<p>Heter\u00f2trofs amb digesti\u00f3 fora del cos. 100.000 esp\u00e8cies. Devoni\u00e0 400Ma.<\/p>\n<hr \/>\n<h2>Plantes<\/h2>\n<p>350.000 esp\u00e8cies. <a href=\"https:\/\/powo.science.kew.org\/\">Kew<\/a><\/p>\n<p><a href=\"http:\/\/meumon.synology.me\/museu\/algues\/\">Algues<\/a> \u2192 6.000 esp\u00e8cies, precambri\u00e0 1.600 Ma<\/p>\n<p><a href=\"http:\/\/meumon.synology.me\/museu\/molsa\/\">Molsa<\/a> \u2192 25.000 esp\u00e8cies Devoni\u00e0 400 Ma<\/p>\n<p>Plantes vasculars<\/p>\n<p><a href=\"http:\/\/meumon.synology.me\/museu\/falgueres\/\">Falgueres<\/a> \u2192 13.000 esp\u00e8cies Devoni\u00e0 400Ma<\/p>\n<p><a href=\"http:\/\/meumon.synology.me\/museu\/gimnospermes\/\">Gimnospermes<\/a> \u2192 1000 esp\u00e8cies, 330 Ma Carbon\u00edfer<\/p>\n<p><a href=\"http:\/\/meumon.synology.me\/museu\/angiospermes\/\">Angiospermes<\/a> \u2192 275.000 esp\u00e8cie. Cret\u00e0cic 145 Ma<\/p>\n<hr \/>\n<h2>Animals<\/h2>\n<p><a href=\"http:\/\/meumon.synology.me\/museu\/porifera-esponges\/\">Mesozoa<\/a> \u2192\u00a0 Parazoa. Por\u00edfera. esponges Edicari\u00e0 635 Ma. 3.000 esp\u00e8cies.<\/p>\n<div id=\"simetria\">\n<p>Eumetazous, animals amb \u00f2rgans.<br \/>\nSimetria radial o bilateral. Prot\u00f2stoms, artr\u00f2podes, cucs, mol\u00b7luscs. Deuter\u00f2stoms, equinoderms, vertebrats. [<a href=\"http:\/\/meumon.synology.me\/museu\/4-inventari-tot\/44-la-terra\/44v-la-vida\/la-vida-especies\/#simetria?amp=simetria\">ampliar<\/a>]<\/p>\n<div id=\"simetria\">\n<p>Simetria bilateral<br \/>\nLa simetria bilateral en lloc de la radial es deu a la locomoci\u00f3 orientada. Hi ha un pol locomotor, un pol sensorial i un pol nutritiu (orifici bucal). D&#8217;ara endavant hi haur\u00e0 un tercera full embrionari, el <a href=\"http:\/\/meumon.synology.me\/museu\/la-reproduccio\/#creixement\">mesoderma<\/a>. En la majoria d&#8217;ells donar\u00e0 lloc a una cavitat interior que cont\u00e9 els \u00f2rgans, el celoma. En els acelomats no s&#8217;arriba a formar. 20 ordres en la classificaci\u00f3 antiga.<\/p>\n<\/div>\n<p><strong>Prot\u00f2stoms<\/strong>, el blast\u00f2por d\u00f3na lloc a la boca.<br \/>\nEn la classificaci\u00f3 antiga: Prot\u00f2stoms: 3. Tentaculats, 4. Platelmintes (acelomats), 5. Gnatostomulida, 6. Nemertini (acelomats), 7. Ascelmintes 8. Mol\u00b7luscs, 9. Sipunculida, 10. Kamptozoa, 11. Annelida, 12. Pentastomida, 13. Tartigrada, 14. Onychophora, 15. Artr\u00f2podes, 16. Chaetognata, 17. Pogonophora.<\/p>\n<ul>\n<li style=\"list-style-type: none;\">\n<ul>\n<li><a href=\"https:\/\/ca.wikipedia.org\/wiki\/Ecdisozous\">Ecdisozous<\/a>: amb una cut\u00edcula en tres capes composta de material org\u00e0nic que muden peri\u00f2dicament, Artr\u00f2podes)<\/li>\n<li><a title=\"Spiralia\" href=\"https:\/\/ca.wikipedia.org\/wiki\/Spiralia\">Spiralia<\/a>, la segmentaci\u00f3 de l&#8217;embri\u00f3\u00a0 \u00e9s en espiral (mol\u00b7luscs)<\/li>\n<\/ul>\n<\/li>\n<\/ul>\n<p><strong>Deuter\u00f2stoms<\/strong>, el blast\u00f2por d\u00f3na lloc a l&#8217;anus<\/p>\n<ul>\n<li style=\"list-style-type: none;\">\n<ul>\n<li>18. Hemichordata<\/li>\n<li>19. Echinodermata<\/li>\n<li>20. Chordata.<\/li>\n<\/ul>\n<\/li>\n<\/ul>\n<p><a href=\"http:\/\/meumon.synology.me\/museu\/cnidaria\/\">Radiata<\/a> \u2192<br \/>\n1. Cnidaria, 2. Cnetofora [1,2]meduses. Edicari\u00e0 580Ma. 9.000 esp\u00e8cies. 2 fulls embrionaris.<\/p>\n<\/div>\n<hr \/>\n<h2>Prot\u00f2stoms<\/h2>\n<p><a href=\"https:\/\/ca.wikipedia.org\/wiki\/Ecdisozous\">Ecdisozous<\/a> (amb una cut\u00edcula en tres capes composta de material org\u00e0nic que muden peri\u00f2dicament)<\/p>\n<ul>\n<li style=\"list-style-type: none;\">\n<ul>\n<li>Scalidophora: <a class=\"mw-redirect\" title=\"Kinorhyncha\" href=\"https:\/\/ca.wikipedia.org\/wiki\/Kinorhyncha\">Kinorhyncha<\/a>, <a class=\"mw-redirect\" title=\"Loricifera\" href=\"https:\/\/ca.wikipedia.org\/wiki\/Loricifera\">Loricifera<\/a>, <a class=\"mw-redirect\" title=\"Priapulida\" href=\"https:\/\/ca.wikipedia.org\/wiki\/Priapulida\">Priapulida<\/a>, poques esp\u00e8cies, cucs marins que viuen al fang.<\/li>\n<li><a class=\"mw-redirect\" title=\"Nematoda\" href=\"https:\/\/ca.wikipedia.org\/wiki\/Nematoda\">Nematoda<\/a>, <a class=\"mw-redirect\" title=\"Nematomorpha\" href=\"https:\/\/ca.wikipedia.org\/wiki\/Nematomorpha\">Nematomorpha<\/a> Cucs rodons 28.000 esp\u00e8cies, par\u00e0sits, abans Ascelmints [7]<\/li>\n<li>Panartropoda\n<ul>\n<li><a class=\"mw-redirect\" title=\"Onychophora\" href=\"https:\/\/ca.wikipedia.org\/wiki\/Onychophora\">Onychophora<\/a> semblants a erugues [14]<\/li>\n<li><a class=\"mw-redirect\" title=\"Tardigrada\" href=\"https:\/\/ca.wikipedia.org\/wiki\/Tardigrada\">Tardigrada<\/a> articulats microsc\u00f2pics aqu\u00e0tics. [13] Ossos d&#8217;aigua 1mm<\/li>\n<li>\n<div id=\"artropoda\"><a class=\"mw-redirect\" title=\"Arthropoda\" href=\"https:\/\/ca.wikipedia.org\/wiki\/Arthropoda\">Arthropoda<\/a>: 1.120.000 esp\u00e8cies. Cambri\u00e0 540 Ma. Quelicerats, Crustacis, Insectes, Miri\u00e0podes. [<a href=\"http:\/\/meumon.synology.me\/museu\/4-inventari-tot\/44-la-terra\/44v-la-vida\/la-vida-especies\/#artropoda?amp=artropoda\">ampliar<\/a>]<br \/>\nCos segmentat i extremitats especialitzades en cap (antenes, mand\u00edbules maxiles), t\u00f2rax (potes i ales) i abdomen. (A.131) Tenen una estructura semblant a la dels ann\u00e8lids (cucs segmentats). Tenen tres segments: cap, t\u00f2rax i abdomen. Les extremitats de cada segment s&#8217;han especialitzat. Al cap hi ha antenes, mand\u00edbules i maxil\u00b7les (les aranyes no en tenen, amandibulata). Al t\u00f2rax. cames i a l&#8217;abdomen s&#8217;han atrofiat. Intest\u00ed, \u00f2rgans genitals, \u00f2rgans, excretors, cor, s.nervi\u00f3s en escala de corda. Els ar\u00e0cnids tenen junt cap i t\u00f3rax. Els insectes tenen un cap amb antenes, un t\u00f2rax amb tres segments soldats d&#8217;on surten potes i ales (expansi\u00f3 laminar cut\u00e0nia, no ve d&#8217;una pota). Classificaci\u00f3 segons els ap\u00e8ndixs del cap. Sistema nervi\u00f3s ganglionar amb protocervell similar al dels mol\u00b7luscs. Antenats: Insectes i Miri\u00e0podes.<\/div>\n<ul>\n<li><a class=\"mw-redirect\" title=\"Chelicerata\" href=\"http:\/\/meumon.synology.me\/museu\/chelicerata\/\">Chelicerata<\/a>, aranyes, escorpins. 70.000 esp\u00e8cies.<\/li>\n<li><a class=\"mw-redirect\" title=\"Crustacea\" href=\"http:\/\/meumon.synology.me\/museu\/crustacea\/\">Crustacea<\/a>, crancs 40.000 esp\u00e8cies<\/li>\n<li><a class=\"mw-redirect\" title=\"Hexapoda\" href=\"http:\/\/meumon.synology.me\/museu\/insectes\/\">Hexapoda<\/a>, insectes 1.000.000 d&#8217;esp\u00e8cies.<\/li>\n<li><a class=\"mw-redirect\" title=\"Myriapoda\" href=\"https:\/\/ca.wikipedia.org\/wiki\/Myriapoda\">Myriapoda<\/a>, centpeus 9.000 B6731. Milpeus, cuca de Sant Antoni (bola), centpeus (potes m\u00e9s llargues), escolopendra (mossegada perillosa).<\/li>\n<li><a class=\"mw-redirect\" title=\"Trilobitomorpha\" href=\"https:\/\/ca.wikipedia.org\/wiki\/Trilobitomorpha\">Trilobitomorpha<\/a> \u2020 (<a href=\"http:\/\/meumon.synology.me\/museu\/fonsimatges\/Mciencia\/Haeckel_47_Aspidonia.jpg\">Haeckel<\/a>) C\u00e0mbric.<\/li>\n<\/ul>\n<\/li>\n<\/ul>\n<\/li>\n<\/ul>\n<\/li>\n<\/ul>\n<p><a title=\"Spiralia\" href=\"https:\/\/ca.wikipedia.org\/wiki\/Spiralia\">Spiralia<\/a>, la segmentaci\u00f3 de l&#8217;embri\u00f3\u00a0 \u00e9s en espiral. Mesozoa, Platyzoa, Lophotrochozoa, Gnatifera.<\/p>\n<ul>\n<li style=\"list-style-type: none;\">\n<ul>\n<li style=\"list-style-type: none;\">\n<ul>\n<li><a class=\"mw-redirect\" title=\"Mesozoa\" href=\"https:\/\/ca.wikipedia.org\/wiki\/Mesozoa\">Mesozoa<\/a>: Par\u00e0sits marins <a class=\"mw-redirect\" title=\"Orthonectida\" href=\"https:\/\/ca.wikipedia.org\/wiki\/Orthonectida\">Orthonectida<\/a>, <a class=\"mw-redirect\" title=\"Rhombozoa\" href=\"https:\/\/ca.wikipedia.org\/wiki\/Rhombozoa\">Rhombozoa<\/a> [3]<\/li>\n<li>\n<div id=\"platizoa\"><a class=\"mw-redirect\" title=\"Platyzoa\" href=\"https:\/\/ca.wikipedia.org\/wiki\/Platyzoa\">Platyzoa<\/a>:\u00a0 [4] Acelomats. 30.000 esp\u00e8cies cucs plans. [<a href=\"http:\/\/meumon.synology.me\/museu\/4-inventari-tot\/44-la-terra\/44v-la-vida\/la-vida-especies\/#platizoa?amp=platizoa\">ampliar<\/a>]<br \/>\n<a class=\"mw-redirect\" title=\"Platyhelminthes\" href=\"https:\/\/ca.wikipedia.org\/wiki\/Platyhelminthes\">Platyhelminthes<\/a>, <a class=\"mw-redirect\" title=\"Gastrotricha\" href=\"https:\/\/ca.wikipedia.org\/wiki\/Gastrotricha\">Gastrotricha<\/a>, els invertebrats de simetria bilateral m\u00e9s antics. Cucs plans (A.127) Entre l&#8217;ectodermo i l&#8217;endodermo hi ha un mes\u00e8nquima format a partir del tercer full, on hi ha els \u00f2rgans interns, tenen un sistema nervi\u00f3s ganglionar. L&#8217;intest\u00ed \u00e9s un sac cec en els Plathelmintes i un tub en els Nemathelmintes. En els P. els \u00f2rgans sexuals s\u00f3n hermafrodites (penis, testicles i ovaris). [\u00f2rgans interns, sexualitat] Ex. ascaris. El sistema nervi\u00f3s s&#8217;estructura en forma d&#8217;escala i les neurones s&#8217;agrupen en ganglis. Ja hi ha neurones aferents, eferents i de connexi\u00f3. Les parts encara presenten certa independ\u00e8ncia. Par\u00e0sits com la t\u00e8nia. \/ ( Turbellaria 4000 esp. marines, Trematoda par\u00e0sits 5.000 esp\u00e8cies, Cestoda, par\u00e0sits intestinals, tenia )<\/div>\n<\/li>\n<\/ul>\n<\/li>\n<\/ul>\n<ul>\n<li><a class=\"mw-redirect\" title=\"Lophotrochozoa\" href=\"https:\/\/ca.wikipedia.org\/wiki\/Lophotrochozoa\">Lophotrochozoa<\/a>\n<ul>\n<li style=\"list-style-type: none;\">\n<ul>\n<li><a class=\"mw-redirect\" title=\"Mollusca\" href=\"http:\/\/meumon.synology.me\/museu\/mollusca\/\">Mollusca<\/a> 93.000 esp\u00e8cies. Cambri\u00e0 540 Ma. Bivalves 9.000. Cefal\u00f2podes 800 esp\u00e8cies Pops i calamars. Gaster\u00f2podes 70.000 esp\u00e8cies cargols.<\/li>\n<li>\n<div id=\"annelida\"><a class=\"mw-redirect\" title=\"Annelida\" href=\"https:\/\/ca.wikipedia.org\/wiki\/Annelida\">Annelida<\/a>: 22.000 esp\u00e8cies, cucs de terra i sangoneres. [<a href=\"http:\/\/meumon.synology.me\/museu\/4-inventari-tot\/44-la-terra\/44v-la-vida\/la-vida-especies\/#annelida?amp=annelida\">Ampliar<\/a>]<br \/>\n[11] (A.129) Tenen un cos cil\u00edndric dividit en segments semblants. Hi ha una epidermis recoberta de cut\u00edcula, una t\u00fanica muscular, un intest\u00ed de punta a punta, una cavitat secund\u00e0ria [la prim\u00e0ria era la simple bossa amb ectod. fora i endod. a dins, ara hi ha entre els dos una altra cavitat], el celoma, amb parets del mesodermo que ve de la tercera fulla que cont\u00e9 els \u00f2rgans. Hi ha un sistema de vasos sanguinis. Reproducci\u00f3 hermafrodita . Ex. cuc de terra, llombriu. Segurament primer grup dels articulats. Polychaeta, 6000 esp. b\u00e0sicament marines. Oligochaeta, 6000 esp\u00e8cies. Lumbricidae: cuc de terra. Hirunidae: sangonera. (Pogonophora [17] cucs marins abans classificats a part.<\/div>\n<\/li>\n<\/ul>\n<\/li>\n<\/ul>\n<ul>\n<li><a class=\"mw-redirect\" title=\"Bryozoa\" href=\"https:\/\/ca.wikipedia.org\/wiki\/Bryozoa\">Bryozoa<\/a> 6.000 esp\u00e8cies. <a href=\"http:\/\/meumon.synology.me\/museu\/fonsimatges\/Mciencia\/Haeckel_23_Bryozoa.jpg\">Haeckel<\/a>.<\/li>\n<li>[ALTRES]. <a class=\"mw-redirect\" title=\"Sipuncula\" href=\"https:\/\/ca.wikipedia.org\/wiki\/Sipuncula\">Sipuncula<\/a> [9]. <a class=\"mw-redirect\" title=\"Hyolitha\" href=\"https:\/\/ca.wikipedia.org\/wiki\/Hyolitha\">Hyolitha<\/a> \u2020. <a class=\"mw-redirect\" title=\"Nemertea\" href=\"https:\/\/ca.wikipedia.org\/wiki\/Nemertea\">Nemertea<\/a>, [6] Acelomats, 1300 esp\u00e8cies de cucs. <span style=\"color: #000000;\">9mm de di\u00e0metre i fins a 30m de llarg, amb una trompa per ca\u00e7ar, marins<\/span>. <a class=\"mw-redirect\" title=\"Phoronida\" href=\"https:\/\/ca.wikipedia.org\/wiki\/Phoronida\">Phoronida<\/a>. <a class=\"mw-redirect\" title=\"Entoprocta\" href=\"https:\/\/ca.wikipedia.org\/wiki\/Entoprocta\">Entoprocta<\/a> o Kamptozoa [10] pedunculats, col\u00f2nies, forma s\u00e8ssil de 01. a 7 mm. <a class=\"mw-redirect\" title=\"Brachiopoda\" href=\"https:\/\/ca.wikipedia.org\/wiki\/Brachiopoda\">Brachiopoda<\/a>. <a class=\"mw-redirect\" title=\"Echiura\" href=\"https:\/\/ca.wikipedia.org\/wiki\/Echiura\">Echiura<\/a>. <a class=\"mw-redirect\" title=\"Cycliophora\" href=\"https:\/\/ca.wikipedia.org\/wiki\/Cycliophora\">Cycliophora<\/a>.<\/li>\n<\/ul>\n<\/li>\n<li><a class=\"mw-redirect\" title=\"Gnathifera\" href=\"https:\/\/ca.wikipedia.org\/wiki\/Gnathifera\">Gnathifera<\/a>, animals marins tipus cuc. <a class=\"mw-redirect\" title=\"Rotifera\" href=\"https:\/\/ca.wikipedia.org\/wiki\/Rotifera\">Rotifera<\/a>, <a class=\"mw-redirect\" title=\"Acanthocephala\" href=\"https:\/\/ca.wikipedia.org\/wiki\/Acanthocephala\">Acanthocephala<\/a>, <a class=\"mw-redirect\" title=\"Gnathostomulida\" href=\"https:\/\/ca.wikipedia.org\/wiki\/Gnathostomulida\">Gnathostomulida<\/a> [5], <a class=\"mw-redirect\" title=\"Micrognathozoa\" href=\"https:\/\/ca.wikipedia.org\/wiki\/Micrognathozoa\">Micrognathozoa<\/a>, <a class=\"mw-redirect\" title=\"Chaetognatha\" href=\"https:\/\/ca.wikipedia.org\/wiki\/Chaetognatha\">Chaetognatha<\/a> [16](principal component del zoopl\u00e0ncton, cucs marins) <a href=\"http:\/\/meumon.synology.me\/museu\/fonsimatges\/Mciencia\/Haeckel_32_Rotatoria.jpg\">Haeckel<\/a><br \/>\n<hr \/>\n<\/li>\n<\/ul>\n<\/li>\n<\/ul>\n<p><strong>Deuter\u00f2stoms<\/strong>, el blast\u00f2por d\u00f3na lloc a l&#8217;anus<\/p>\n<ul>\n<li style=\"list-style-type: none;\">\n<ul>\n<li>emichordata. [18] Invertebrats deuter\u00f2stoms , cucs marins .<\/li>\n<li>\n<div id=\"equinoderms\">Echinodermata [19] 6.000 esp\u00e8cies. (Eri\u00e7\u00f3 i estrella de mar).\u00a0 [ <a href=\"http:\/\/meumon.synology.me\/museu\/4-inventari-tot\/44-la-terra\/44v-la-vida\/la-vida-especies\/#equinoderms?amp=equinoderms\">ampliar<\/a> ]<br \/>\nTenen una simetria radial (secund\u00e0ria, que deriva d&#8217;una bilateral observada en les larves, no prim\u00e0ria com els celenterats) amb una cara oral i una altra apical . Tenen un esquelet calcari derivat del mes\u00e8nquima i un sistema vascular acu\u00f3s (s.ambulacral). Marins.<\/div>\n<ul>\n<li>Crinoidea. 620 esp. lliris de mar<\/li>\n<li>Asteroidea. 1500 esp. Estrelles de mar, s&#8217;empassen les preses o les digereixen externament treient l&#8217;est\u00f3mac. Es desplacen amb els peus ambulacrals.<\/li>\n<li>Ofiura. 2000 esp. bra\u00e7os llargs (fins 70 cm.) diferenciats del disc.<\/li>\n<li>Echinoidea. 860 esp. eri\u00e7os de mar, esf\u00e8rics amb esquelet calcari, alguns amb p\u00faes llargues i m\u00f2bils, es desplacen amb peus ambulacrals.<\/li>\n<li>Holoturia. 1100 esp. cogombres de mar.<\/li>\n<\/ul>\n<\/li>\n<li>20. Chordata.<\/li>\n<\/ul>\n<hr \/>\n<h2>Cordats<\/h2>\n<\/li>\n<\/ul>\n<p>Tenen un \u00f2rgan de sosteniment dorsal (corda dorsal o notocordi). Sistema nervi\u00f3s\u00a0 tubul\u00f3s, escletxes branquials a l&#8217;intest\u00ed almenys en la fase embrion\u00e0ria, sistema circulatori tancat amb cor central.<\/p>\n<p><a class=\"mw-redirect\" title=\"Cephalochordata\" href=\"https:\/\/ca.wikipedia.org\/wiki\/Cephalochordata\">Cephalochordata<\/a> : 25 esp\u00e8cies, com una llanceta d&#8217;uns pocs cm, sense cap.<\/p>\n<p><a class=\"mw-redirect\" title=\"Tunicata\" href=\"https:\/\/ca.wikipedia.org\/wiki\/Tunicata\">Tunicata<\/a>: 2000 esp. formes s\u00e8ssils marines.<\/p>\n<div id=\"vertebrata\"><a class=\"mw-redirect\" title=\"Vertebrata\" href=\"https:\/\/ca.wikipedia.org\/wiki\/Vertebrata\">Vertebrata<\/a>. 49.000 esp\u00e8cies. Peixos. Amfibis. R\u00e8ptils. Aus. Mam\u00edfers. [<a href=\"http:\/\/meumon.synology.me\/museu\/4-inventari-tot\/44-la-terra\/44v-la-vida\/la-vida-especies\/#vertebrata?amp=vertebrata\">ampliar<\/a>] Organ de sosteniment, notocorda+esquelet amb crani, extremitats. Agnatha, peixos antecessors sense mand\u00edbule.s Gnathostomata amb mand\u00edbula. (A.139) En el m\u00e9s simple dels cordats, l&#8217;amfioxe, s&#8217;observa per primera vegada la notocorda o corda dorsal, \u00f2rgan de sosteniment damunt del qual hi ha un tub neural (sistema nervi\u00f3s central) i una aleta cont\u00ednua. T\u00e9 intest\u00ed, sistema circulatori tancat sense cor, una cavitat general envoltada de mesodermo que ve del celoma, \u00f2rgans reproductors. En els vertebrats superiors, a la corda dorsal s&#8217;hi afegir\u00e0 un esquelet axial amb un crani on s&#8217;allotjaran cervell i boca aix\u00ed com els ossos de les orelles (primer cartilagin\u00f3s als taurons i amb una progressiva ossificaci\u00f3) i unes extremitats (dos parells -&gt; tetr\u00e0podes) derivades de les aletes inferiors dels peixos (A.138 B) on els radis de l&#8217;eix evolucionen fins a l&#8217;estructura d&#8217;h\u00famer (f\u00e8mur), radio+c\u00fabit (tibia+perone), carpo de nou ossos (tarso), metacarpo i cinc dits (extremitat pentad\u00e0ctil). El sistema circulatori dels peixos t\u00e9 un cor que impulsa sang a 5 art\u00e9ries branquials. Els arcs branquials van desapareixent, els amfibis en tenen 3, els r\u00e8ptils 2 mentre que aus i mam\u00edfers nom\u00e9s en conserven la meitat d&#8217;una.<\/div>\n<ul>\n<li style=\"list-style-type: none;\">\n<ul>\n<li><a href=\"http:\/\/meumon.synology.me\/museu\/peixos\/\">Peixos<\/a> 36.000 esp\u00e8cies.<\/li>\n<li><a class=\"mw-redirect\" title=\"Amphibia\" href=\"http:\/\/meumon.synology.me\/museu\/amfibis\/\">Amphibia<\/a> 4.000 esp\u00e8cies<\/li>\n<li><a class=\"mw-redirect\" title=\"Reptilia\" href=\"http:\/\/meumon.synology.me\/museu\/reptils\/\">Reptilia<\/a> 6.000 esp\u00e8cies.<\/li>\n<li><a class=\"mw-redirect\" title=\"Aves\" href=\"http:\/\/meumon.synology.me\/museu\/aus\/\">Aves<\/a> 9.000 esp\u00e8cies.<\/li>\n<li><a class=\"mw-redirect\" title=\"Mammalia\" href=\"http:\/\/meumon.synology.me\/museu\/mamifers\/\">Mammalia<\/a>. 6.000 esp\u00e8cies. <a href=\"http:\/\/meumon.synology.me\/museu\/primats\/\">Primats<\/a><\/li>\n<\/ul>\n<\/li>\n<\/ul>\n<hr \/>\n","protected":false},"excerpt":{"rendered":"<p>44V La vida\u00a0 |\u00a0\u00a0 Arbre de la vida \u00a0 La vida que trobem al voltant Microorganismes. Fongs. Plantes. Animals Microorganismes Virus \u2192 Material gen\u00e8tic que es replica. 6.000 descrits. Prec\u00e0mbric (origen incert). Procariotes \u2192 Arquebacteris i bacteris. 209 i 5000 esp\u00e8cies. 3.500Ma Eucariotes Protista \u2192 Diatomees, flagel\u00b7lats, amebes, Foramin\u00edfers. 65.000 esp\u00e8cies. 2.100 Ma. Precambri\u00e0. Fongs &hellip; <\/p>\n<p class=\"link-more\"><a href=\"http:\/\/meumon.synology.me\/museu\/4-inventari-tot\/44-la-terra\/44v-la-vida\/la-vida-especies\/\" class=\"more-link\">Continue reading<span class=\"screen-reader-text\"> &#8220;La vida. Esp\u00e8cies&#8221;<\/span><\/a><\/p>\n","protected":false},"author":1,"featured_media":0,"parent":1324,"menu_order":0,"comment_status":"closed","ping_status":"closed","template":"templates\/44llistaespecies.php","meta":{"footnotes":""},"_links":{"self":[{"href":"http:\/\/meumon.synology.me\/museu\/wp-json\/wp\/v2\/pages\/3143"}],"collection":[{"href":"http:\/\/meumon.synology.me\/museu\/wp-json\/wp\/v2\/pages"}],"about":[{"href":"http:\/\/meumon.synology.me\/museu\/wp-json\/wp\/v2\/types\/page"}],"author":[{"embeddable":true,"href":"http:\/\/meumon.synology.me\/museu\/wp-json\/wp\/v2\/users\/1"}],"replies":[{"embeddable":true,"href":"http:\/\/meumon.synology.me\/museu\/wp-json\/wp\/v2\/comments?post=3143"}],"version-history":[{"count":0,"href":"http:\/\/meumon.synology.me\/museu\/wp-json\/wp\/v2\/pages\/3143\/revisions"}],"up":[{"embeddable":true,"href":"http:\/\/meumon.synology.me\/museu\/wp-json\/wp\/v2\/pages\/1324"}],"wp:attachment":[{"href":"http:\/\/meumon.synology.me\/museu\/wp-json\/wp\/v2\/media?parent=3143"}],"curies":[{"name":"wp","href":"https:\/\/api.w.org\/{rel}","templated":true}]}}