{"id":382,"date":"2018-01-19T20:45:30","date_gmt":"2018-01-19T20:45:30","guid":{"rendered":"http:\/\/192.168.1.40\/museu\/?page_id=382"},"modified":"2024-12-22T10:04:36","modified_gmt":"2024-12-22T10:04:36","slug":"4-inventari-tot","status":"publish","type":"page","link":"http:\/\/meumon.synology.me\/museu\/4-inventari-tot\/","title":{"rendered":"4 El que hi ha. Un inventari de tot el que ha existit"},"content":{"rendered":"<p><a href=\"http:\/\/meumon.synology.me\/museu\/fonsimatges\/illustracions\/quehiha.jpg\" target=\"_blank\" rel=\"noopener noreferrer\"><img decoding=\"async\" loading=\"lazy\" class=\"alignnone\" src=\"http:\/\/meumon.synology.me\/museu\/fonsimatges\/illustracions\/quehiha.jpg\" alt=\"\" width=\"3273\" height=\"2298\" \/><\/a><\/p>\n<p>&nbsp;<\/p>\n<p><a href=\"http:\/\/meumon.synology.me\/museu\/4-inventari-tot\/41-la-vida-humana\/\">41 La vida Humana<\/a>\u00a0\u00a0 |\u00a0<a href=\"http:\/\/meumon.synology.me\/museu\/4-inventari-tot\/42-cultura\/\"> 42 La cultura<\/a>\u00a0|\u00a0 <a href=\"http:\/\/meumon.synology.me\/museu\/4-inventari-tot\/43-historia\/\">43 Societats i Hist\u00f2ria<\/a> \u00a0|\u00a0 <a href=\"http:\/\/meumon.synology.me\/museu\/4-inventari-tot\/44-la-terra\/\">44 La Terra<\/a> \u00a0|<a href=\"http:\/\/meumon.synology.me\/museu\/4-inventari-tot\/45-univers\/\"> 45 L&#8217;univers<\/a> \u00a0\u00a0| \u00a0\u00a0 <a href=\"http:\/\/meumon.synology.me\/museu\/4-inventari-tot\/4e-explorant-espais\/\">4e Espais<\/a> \u00a0\u00a0 |\u00a0 <a href=\"http:\/\/meumon.synology.me\/museu\/4-inventari-tot\/4i-inventari\/\">4i Inventari<\/a><br \/>\n<a href=\"http:\/\/meumon.synology.me\/museu\/indicadors\/\">Indicadors<\/a> | <a href=\"http:\/\/meumon.synology.me\/museu\/4-inventari-tot\/42-cultura\/42c-els-camins-del-saber\/\">42c Camins del saber<\/a> |<\/p>\n<hr \/>\n<p>Qu\u00e8 hi ha? Qu\u00e8 ha existit? Ho podem respondre, primer, atenent al que tenim al voltant ara, despr\u00e9s amb el record del que hem viscut i experimentat. I despr\u00e9s ampliant-ho amb el que hem estudiat, el que altres ens han explicat. Aix\u00ed arribem a tenir una visi\u00f3 del m\u00f3n. Un univers que comen\u00e7a amb el big bang amb gal\u00e0xies i estrelles. Una terra on va tenir lloc una evoluci\u00f3 geol\u00f2gica i biol\u00f2gica fins a conformar els paisatges i h\u00e0bitats amb les esp\u00e8cies animals i vegetals que coneixem. Unes civilitzacions que s&#8217;han anat succe\u00efnt trobant maneres d&#8217;explotar els recursos, organitzar-se com a societat, elaborar narratives, art i literatura.<\/p>\n<p>Per justificar aquesta visi\u00f3 podem intentar refer els\u00a0 <a href=\"http:\/\/meumon.synology.me\/museu\/els-camins-del-saber\/\">camins del saber<\/a>\u00a0 dels que l&#8217;han constru\u00eft. Les hip\u00f2tesis i experiments de la ci\u00e8ncia. Els jaciments i documents de la hist\u00f2ria. Seguir enrera la conversa del pensament i les arts. Aquesta visi\u00f3 del m\u00f3n la podem presentar en dos grans museus:<\/p>\n<p>[ el que observem al voltant, en particular els jaciments i documents, biblioteques i museus. El laboratori, on &#8220;interroguem la naturalesa&#8221;.]<\/p>\n<p>A refer:<\/p>\n<ul>\n<li>41 <a href=\"http:\/\/meumon.synology.me\/museu\/4-inventari-tot\/41-la-vida-humana\/\">La Vida Humana<\/a> [experi\u00e8ncies, psicologia, biografies] [ara i aqu\u00ed, la vida]<\/li>\n<li>42 <a href=\"http:\/\/meumon.synology.me\/museu\/4-inventari-tot\/42-cultura\/\">Cultura<\/a> [continguts, Obres d&#8217;art, literatura, m\u00fasica, teories cient\u00edfiques, filosofia, religi\u00f3] [\u00e0mbit hist\u00f2ria civilitzacions] [Galeries d&#8217;art, biblioteques, sales de concerts]<\/li>\n<li><a href=\"http:\/\/meumon.synology.me\/museu\/4-inventari-tot\/43-historia\/\">43 Hist\u00f2ria<\/a>, civilitzacions<\/li>\n<li>44 La Terra [Geografia, h\u00e0bitats, esp\u00e8cies][evoluci\u00f3]<\/li>\n<li>45 L&#8217;univers [gal\u00e0xies, estrelles, planetes] [la hist\u00f2ria de l&#8217;univers]<\/li>\n<\/ul>\n<p>itineraris:<\/p>\n<ul>\n<li>de l&#8217;ara i aqu\u00ed a la hist\u00f2ria de l&#8217;univers, el cam\u00ed del saber [optimitzat, el que far\u00edem servir per justificar la nostra visi\u00f3 d&#8217;un incr\u00e8dul, el real, la hist\u00f2ria de la ci\u00e8ncia]<\/li>\n<li>hist\u00f2ria de l&#8217;univers, evoluci\u00f3, hist\u00f2ria civilitzacions, els meus avantpassats, la meva vida fins ara<\/li>\n<\/ul>\n<p>&nbsp;<\/p>\n<hr \/>\n<p>Finalment, amb tot el que sabem, podem assajar a respondre qu\u00e8 hi ha i qu\u00e8 ha existit, un <a href=\"http:\/\/meumon.synology.me\/museu\/inventari\/\">inventari<\/a> de tot el que ha existit, qu\u00e0ntes gal\u00e0xies i estrelles, i qu\u00e8 passa dins de cadascuna d&#8217;elles, quants canvis hi ha hagut en la uperf\u00edcie de la terra, quins biomes a cada moment, quines esp\u00e8cies poblaven aquests biomes, quines civilitzacions s&#8217;han succe\u00eft al llarg de la hist\u00f2ria.<\/p>\n<p>Qu\u00e8 est\u00e0 passant avui, al cel, al m\u00f3n, quin temps fa, quines not\u00edcies: <a href=\"http:\/\/meumon.synology.me\/museu\/indicadors\/\">Indicadors<\/a>.<\/p>\n<p>&nbsp;<\/p>\n<p>[la idea dels 10.000 objectes citat al llibre del te de Luyu, el Tao i l&#8217;inventari<\/p>\n<p>onventari: https:\/\/arstechnica.com\/ai\/2024\/11\/how-a-stubborn-computer-scientist-accidentally-launched-the-deep-learning-boom\/ Fei Fei Li va crear una base de dades de 14M d&#8217;imatges amb 22m categories a partir de les 140m paraules registrades a wordnet, i la hip\u00f2tesi que els humans reconeixem uns 30.000 objectes diferents.<\/p>\n<hr \/>\n<p>EINES: <a href=\"http:\/\/meumon.synology.me\/museu\/pagina\/carrega-inventari\/\">C\u00e0rrega inventari<\/a>\u00a0 (preparar full amb c\u00e0rrega.ods a work\/inventari)<\/p>\n<hr \/>\n<p>[Com ha anat canviant l&#8217;inventari a cada \u00e8poca. El m\u00f3n explorat i la mida de l&#8217;univers. La <a href=\"http:\/\/meumon.synology.me\/museu\/reconstruir-historia-pensar-societats\/\">hist\u00f2ria que reconstru\u00efm<\/a>, de les edats d&#8217;Adam, a l&#8217;evoluci\u00f3 i les etapes de la hist\u00f2ria]<\/p>\n","protected":false},"excerpt":{"rendered":"<p>&nbsp; 41 La vida Humana\u00a0\u00a0 |\u00a0 42 La cultura\u00a0|\u00a0 43 Societats i Hist\u00f2ria \u00a0|\u00a0 44 La Terra \u00a0| 45 L&#8217;univers \u00a0\u00a0| \u00a0\u00a0 4e Espais \u00a0\u00a0 |\u00a0 4i Inventari Indicadors | 42c Camins del saber | Qu\u00e8 hi ha? Qu\u00e8 ha existit? Ho podem respondre, primer, atenent al que tenim al voltant ara, despr\u00e9s amb el &hellip; <\/p>\n<p class=\"link-more\"><a href=\"http:\/\/meumon.synology.me\/museu\/4-inventari-tot\/\" class=\"more-link\">Continue reading<span class=\"screen-reader-text\"> &#8220;4 El que hi ha. Un inventari de tot el que ha existit&#8221;<\/span><\/a><\/p>\n","protected":false},"author":1,"featured_media":0,"parent":0,"menu_order":0,"comment_status":"closed","ping_status":"closed","template":"","meta":{"footnotes":""},"_links":{"self":[{"href":"http:\/\/meumon.synology.me\/museu\/wp-json\/wp\/v2\/pages\/382"}],"collection":[{"href":"http:\/\/meumon.synology.me\/museu\/wp-json\/wp\/v2\/pages"}],"about":[{"href":"http:\/\/meumon.synology.me\/museu\/wp-json\/wp\/v2\/types\/page"}],"author":[{"embeddable":true,"href":"http:\/\/meumon.synology.me\/museu\/wp-json\/wp\/v2\/users\/1"}],"replies":[{"embeddable":true,"href":"http:\/\/meumon.synology.me\/museu\/wp-json\/wp\/v2\/comments?post=382"}],"version-history":[{"count":0,"href":"http:\/\/meumon.synology.me\/museu\/wp-json\/wp\/v2\/pages\/382\/revisions"}],"wp:attachment":[{"href":"http:\/\/meumon.synology.me\/museu\/wp-json\/wp\/v2\/media?parent=382"}],"curies":[{"name":"wp","href":"https:\/\/api.w.org\/{rel}","templated":true}]}}