{"id":424,"date":"2018-01-24T19:09:21","date_gmt":"2018-01-24T19:09:21","guid":{"rendered":"http:\/\/meumon.synology.me\/museu\/?page_id=424"},"modified":"2019-02-27T11:34:00","modified_gmt":"2019-02-27T11:34:00","slug":"42c-els-camins-del-saber","status":"publish","type":"page","link":"http:\/\/meumon.synology.me\/museu\/4-inventari-tot\/42-cultura\/42c-els-camins-del-saber\/","title":{"rendered":"42c Els camins del saber"},"content":{"rendered":"<p><img decoding=\"async\" loading=\"lazy\" class=\"alignnone size-large wp-image-623\" src=\"http:\/\/meumon.synology.me\/museu\/wp-content\/uploads\/camisaber1-1024x817.jpg\" alt=\"\" width=\"525\" height=\"419\" \/><br \/>\n<a href=\"http:\/\/meumon.synology.me\/museu\/el-cami-del-saber-ciencia\/\">La ci\u00e8ncia<\/a> | <a href=\"http:\/\/meumon.synology.me\/museu\/el-cami-del-saber-les-narratives\/\">Narratives<\/a> |\u00a0 <a href=\"http:\/\/meumon.synology.me\/museu\/el-cami-del-saber-art\/\">Art<\/a>\u00a0 |\u00a0 <a href=\"http:\/\/meumon.synology.me\/museu\/el-cami-del-saber-la-musica\/\">M\u00fasica<\/a>\u00a0 |\u00a0 <a href=\"http:\/\/meumon.synology.me\/museu\/el-cami-del-saber-la-historia\/\">La hist\u00f2ria<\/a>\u00a0 |\u00a0 <a href=\"http:\/\/meumon.synology.me\/museu\/el-cami-del-saber-la-idea-del-mon-weltanschauung\/\">La idea del m\u00f3n. Weltanschauung<\/a><\/p>\n<hr \/>\n<p>Quan avui contemplem el m\u00f3n o l&#8217;univers, tenim a la nostra disposici\u00f3 un model que ens diu que la realitat est\u00e0 composta d&#8217;uns 100 elements qu\u00edmics, per sota dels quals hi ha part\u00edcules elementals. Que les coses tal com s\u00f3n ara s\u00f3n resultat de l&#8217;evoluci\u00f3 a la terra, dins d&#8217;un univers poblat d&#8217;estrelles i gal\u00e0xies. Trobem una societat que t\u00e9 uns determinats recursos tecnol\u00f2gics, ha desenvolupat unes maneres de governar-se i organitzar-se, es mou i s&#8217;emociona amb determinades m\u00fasiques i ritmes, respon a certes imatges, s&#8217;expressa amb determinats models narratius.<\/p>\n<p>Com arribem a aquesta idea del m\u00f3n? Podem provar de refer el cam\u00ed que ha anat fent la humanitat, poc a poc, o una versi\u00f3 abreujada que faci drecera. \u00c9s el que haur\u00edem de mostrar a un esc\u00e8tic actual que no es cregu\u00e9s res. Com passem de l&#8217;experi\u00e8ncia quotidiana al model de la ci\u00e8ncia i les tecnologies disponibles avui?<br \/>\nCom hem arribat a trobar &#8220;normal&#8221; el hiphop per ballar i les bandes sonores d&#8217;estil mig wagneri\u00e0, mig new age? Com hem arribat de tenir de referents simult\u00e0niament Miquel \u00c0ngel i T\u00e0pies? Santa Maria del Mar i Mies Van der Rohe? Com hem passat de &#8220;negociar amb forces animistes&#8221; a buscar l&#8217;autorealitzaci\u00f3 en una vida ef\u00edmera?<\/p>\n<p>Quins experiments i teories hem d&#8217;anar refent amb els minerals, animals i vegetals que trobem a la terra, els astres que observem al cel, els cossos humans? Quins jaciments i quines restes hem de tenir en compte per justificar l&#8217;evoluci\u00f3?<\/p>\n<p>Quines restes arqueol\u00f2giques, quins manuscrits, quins documents, ens permeten reconstruir la hist\u00f2ria de les civilitzacions?<\/p>\n<p>Si aquest \u00e9s un cam\u00ed que far\u00edem de l&#8217;intu\u00eftiu fins al model constru\u00eft per la ci\u00e8ncia, amb les arts i les idees, potser el cam\u00ed natural \u00e9s anar fent marxa enrera, partint de l&#8217;actual com a resposta a una pregunta anterior, en una llarga conversa.<\/p>\n","protected":false},"excerpt":{"rendered":"<p>La ci\u00e8ncia | Narratives |\u00a0 Art\u00a0 |\u00a0 M\u00fasica\u00a0 |\u00a0 La hist\u00f2ria\u00a0 |\u00a0 La idea del m\u00f3n. Weltanschauung Quan avui contemplem el m\u00f3n o l&#8217;univers, tenim a la nostra disposici\u00f3 un model que ens diu que la realitat est\u00e0 composta d&#8217;uns 100 elements qu\u00edmics, per sota dels quals hi ha part\u00edcules elementals. Que les coses tal &hellip; <\/p>\n<p class=\"link-more\"><a href=\"http:\/\/meumon.synology.me\/museu\/4-inventari-tot\/42-cultura\/42c-els-camins-del-saber\/\" class=\"more-link\">Continue reading<span class=\"screen-reader-text\"> &#8220;42c Els camins del saber&#8221;<\/span><\/a><\/p>\n","protected":false},"author":1,"featured_media":0,"parent":824,"menu_order":0,"comment_status":"closed","ping_status":"closed","template":"","meta":{"footnotes":""},"_links":{"self":[{"href":"http:\/\/meumon.synology.me\/museu\/wp-json\/wp\/v2\/pages\/424"}],"collection":[{"href":"http:\/\/meumon.synology.me\/museu\/wp-json\/wp\/v2\/pages"}],"about":[{"href":"http:\/\/meumon.synology.me\/museu\/wp-json\/wp\/v2\/types\/page"}],"author":[{"embeddable":true,"href":"http:\/\/meumon.synology.me\/museu\/wp-json\/wp\/v2\/users\/1"}],"replies":[{"embeddable":true,"href":"http:\/\/meumon.synology.me\/museu\/wp-json\/wp\/v2\/comments?post=424"}],"version-history":[{"count":0,"href":"http:\/\/meumon.synology.me\/museu\/wp-json\/wp\/v2\/pages\/424\/revisions"}],"up":[{"embeddable":true,"href":"http:\/\/meumon.synology.me\/museu\/wp-json\/wp\/v2\/pages\/824"}],"wp:attachment":[{"href":"http:\/\/meumon.synology.me\/museu\/wp-json\/wp\/v2\/media?parent=424"}],"curies":[{"name":"wp","href":"https:\/\/api.w.org\/{rel}","templated":true}]}}