{"id":428,"date":"2018-01-25T13:05:33","date_gmt":"2018-01-25T13:05:33","guid":{"rendered":"http:\/\/meumon.synology.me\/museu\/?page_id=428"},"modified":"2019-01-01T13:13:58","modified_gmt":"2019-01-01T13:13:58","slug":"45h-la-historia-de-lunivers-i-sistema-solar","status":"publish","type":"page","link":"http:\/\/meumon.synology.me\/museu\/4-inventari-tot\/45-univers\/45h-la-historia-de-lunivers-i-sistema-solar\/","title":{"rendered":"45h La hist\u00f2ria de l&#8217;univers i sistema solar"},"content":{"rendered":"<p>big bang<\/p>\n<p>3 primes minuts<\/p>\n<p>expansi\u00f3<\/p>\n<p>possibles finals<\/p>\n<p>Hist\u00f2ria de l&#8217;univers i la terra (inv1000)<br \/>\nCosmos: big bang, els tres primers minuts: per\u00edode hadr\u00f2nic, lept\u00f2nic, radiaci\u00f3, \u00e0toms stables Formaci\u00f3 de Gal\u00e0xies | Evoluci\u00f3 estelar i nucleos\u00edntesi | el sistema solar<\/p>\n","protected":false},"excerpt":{"rendered":"<p>big bang 3 primes minuts expansi\u00f3 possibles finals Hist\u00f2ria de l&#8217;univers i la terra (inv1000) Cosmos: big bang, els tres primers minuts: per\u00edode hadr\u00f2nic, lept\u00f2nic, radiaci\u00f3, \u00e0toms stables Formaci\u00f3 de Gal\u00e0xies | Evoluci\u00f3 estelar i nucleos\u00edntesi | el sistema solar<\/p>\n","protected":false},"author":1,"featured_media":0,"parent":955,"menu_order":0,"comment_status":"closed","ping_status":"closed","template":"templates\/hcunivers.php","meta":{"footnotes":""},"_links":{"self":[{"href":"http:\/\/meumon.synology.me\/museu\/wp-json\/wp\/v2\/pages\/428"}],"collection":[{"href":"http:\/\/meumon.synology.me\/museu\/wp-json\/wp\/v2\/pages"}],"about":[{"href":"http:\/\/meumon.synology.me\/museu\/wp-json\/wp\/v2\/types\/page"}],"author":[{"embeddable":true,"href":"http:\/\/meumon.synology.me\/museu\/wp-json\/wp\/v2\/users\/1"}],"replies":[{"embeddable":true,"href":"http:\/\/meumon.synology.me\/museu\/wp-json\/wp\/v2\/comments?post=428"}],"version-history":[{"count":0,"href":"http:\/\/meumon.synology.me\/museu\/wp-json\/wp\/v2\/pages\/428\/revisions"}],"up":[{"embeddable":true,"href":"http:\/\/meumon.synology.me\/museu\/wp-json\/wp\/v2\/pages\/955"}],"wp:attachment":[{"href":"http:\/\/meumon.synology.me\/museu\/wp-json\/wp\/v2\/media?parent=428"}],"curies":[{"name":"wp","href":"https:\/\/api.w.org\/{rel}","templated":true}]}}