{"id":461,"date":"2018-01-26T18:25:49","date_gmt":"2018-01-26T18:25:49","guid":{"rendered":"http:\/\/meumon.synology.me\/museu\/?page_id=461"},"modified":"2026-03-31T20:25:53","modified_gmt":"2026-03-31T20:25:53","slug":"3-el-meu-mon","status":"publish","type":"page","link":"http:\/\/meumon.synology.me\/museu\/3-el-meu-mon\/","title":{"rendered":"3 El meu m\u00f3n"},"content":{"rendered":"<p><a href=\"http:\/\/meumon.synology.me\/museu\/fonsimatges\/illustracions\/meumon.jpg\"><img decoding=\"async\" loading=\"lazy\" class=\"alignnone size-large\" src=\"http:\/\/meumon.synology.me\/museu\/fonsimatges\/illustracions\/meumon.jpg\" width=\"3219\" height=\"2321\" \/><\/a><\/p>\n<p>EL MEU <a href=\"http:\/\/meumon.synology.me\/museu\/el-palau-de-la-memoria\/\">PALAU de la MEM\u00d2RIA<\/a>. <a href=\"http:\/\/meumon.synology.me\/museu\/meu-mon-vuit-carrers\/\">8 carrers<\/a><\/p>\n<p><a style=\"cursor: pointer !important; user-select: none !important;\" href=\"http:\/\/meumon.synology.me\/museu\/wp-content\/themes\/twenty17museu\/templates\/galeriafotosp.php?tag1=galeriaavui\">Galeria<\/a><\/p>\n<p><a href=\"http:\/\/meumon.synology.me\/museu\/wp-content\/themes\/twenty17museu\/templates\/galeriafotosp.php?tag1=figures%20museus\">Galeria2<\/a><\/p>\n<p>&nbsp;<\/p>\n<p><a href=\"http:\/\/meumon.synology.me\/museu\/instants\/\"> Instants<\/a><\/p>\n<p><a href=\"http:\/\/meumon.synology.me\/museu\/ombra\/\">L&#8217;ombra<\/a>\u00a0 \u00a0 \u00a0 <a href=\"http:\/\/meumon.synology.me\/museu\/galeries\/\">Galeries art<\/a>\u00a0 \u00a0 \u00a0 <a href=\"http:\/\/meumon.synology.me\/museu\/el-meu-grand-tour\/\">El meu grand tour<\/a><br \/>\nLa imaginaci\u00f3: <a href=\"http:\/\/meumon.synology.me\/museu\/limaginari\/#joc\">El joc d\u2019imaginar<\/a>\u00a0\u00a0 \u00a0\u00a0\u00a0<a href=\"http:\/\/meumon.synology.me\/museu\/limaginari\/#variacions\">Variacions de l\u2019experi\u00e8ncia quotidiana<\/a>\u00a0\u00a0\u00a0 \u00a0<a href=\"http:\/\/meumon.synology.me\/museu\/limaginari\/#videsalternatives\">Vides fict\u00edcies alternatives<\/a>\u00a0\u00a0\u00a0\u00a0<a href=\"http:\/\/meumon.synology.me\/museu\/limaginari\/#llocs\">Llocs on podria haver viscut<\/a><\/p>\n<p>&lt;&lt;La col\u00b7lecci\u00f3 inventari, comuna gabinet de curiositats, o els calaixos de les farm\u00e0cies antigues.<\/p>\n<ul>\n<li>Tinc secci\u00f3 d&#8217;un exemplar dels objectes de l&#8217;univers, com un museu de ci\u00e8ncies naturals amb le spedres de geologia, per\u00f2 rirant avall amb mol\u00e8cules i \u00e0toms, i tirnat amunt amb els estels [complementat amb mapes, uns centrats a la terra. Ticn totes les espe`cie svives. tinc tots els h\u00e0botats amb els seus mapes. tinc totes les formes de n\u00favols, llapms [en una eptita campana de vidre.<\/li>\n<li>tionc la secci\u00f3d e totes les experi\u00e8ncies, calaixes amb coses a tastar, les olors, els colors, calaixets que en obrir-los sona m\u00fasica<\/li>\n<li>unes calaixos grans amb els models de societat, com un formiguer on es mouen, la vdia quotidiana, batalles<\/li>\n<li>tinc \u00e0lbum de fotos que em tarsllada a aquell moment de la meva vida, com tralfamadore<\/li>\n<li>cultura? classificaic\u00f3 dels ismes i despr\u00e9s cap a les galeries o cocnerts?. els n\u00fameros? les formes geom\u00e8tiques, les equacions i les svees gr\u00e0fiques? un fitxer amb targetes com de biblioteca i a cada fitxa un mem?<\/li>\n<\/ul>\n<p>Programes de concert<\/p>\n<p>Cantates de Bach a la Thomaskirche<\/p>\n<p>Schubert a un sal\u00f3 Biedermeier<\/p>\n<p>Haydn al Palau Esterhazy<\/p>\n<hr \/>\n<p>efecte marc i museu port\u00e0til, llibret i un marc per dur a la cartera per exposar muse\u00edsticament qualsevol cosa que tinc al davant, convertint-lo en quadre, si \u00e9s per un museu d&#8217;art, en objecte cultural per un museu de disseny o etnol\u00f2gic, o cient\u00edfic per un mnuseu de ci\u00e8ncies naturals.<\/p>\n","protected":false},"excerpt":{"rendered":"<p>EL MEU PALAU de la MEM\u00d2RIA. 8 carrers Galeria Galeria2 &nbsp; Instants L&#8217;ombra\u00a0 \u00a0 \u00a0 Galeries art\u00a0 \u00a0 \u00a0 El meu grand tour La imaginaci\u00f3: El joc d\u2019imaginar\u00a0\u00a0 \u00a0\u00a0\u00a0Variacions de l\u2019experi\u00e8ncia quotidiana\u00a0\u00a0\u00a0 \u00a0Vides fict\u00edcies alternatives\u00a0\u00a0\u00a0\u00a0Llocs on podria haver viscut &lt;&lt;La col\u00b7lecci\u00f3 inventari, comuna gabinet de curiositats, o els calaixos de les farm\u00e0cies antigues. Tinc secci\u00f3 &hellip; <\/p>\n<p class=\"link-more\"><a href=\"http:\/\/meumon.synology.me\/museu\/3-el-meu-mon\/\" class=\"more-link\">Continue reading<span class=\"screen-reader-text\"> &#8220;3 El meu m\u00f3n&#8221;<\/span><\/a><\/p>\n","protected":false},"author":1,"featured_media":0,"parent":0,"menu_order":0,"comment_status":"closed","ping_status":"closed","template":"","meta":{"footnotes":""},"_links":{"self":[{"href":"http:\/\/meumon.synology.me\/museu\/wp-json\/wp\/v2\/pages\/461"}],"collection":[{"href":"http:\/\/meumon.synology.me\/museu\/wp-json\/wp\/v2\/pages"}],"about":[{"href":"http:\/\/meumon.synology.me\/museu\/wp-json\/wp\/v2\/types\/page"}],"author":[{"embeddable":true,"href":"http:\/\/meumon.synology.me\/museu\/wp-json\/wp\/v2\/users\/1"}],"replies":[{"embeddable":true,"href":"http:\/\/meumon.synology.me\/museu\/wp-json\/wp\/v2\/comments?post=461"}],"version-history":[{"count":0,"href":"http:\/\/meumon.synology.me\/museu\/wp-json\/wp\/v2\/pages\/461\/revisions"}],"wp:attachment":[{"href":"http:\/\/meumon.synology.me\/museu\/wp-json\/wp\/v2\/media?parent=461"}],"curies":[{"name":"wp","href":"https:\/\/api.w.org\/{rel}","templated":true}]}}