{"id":466,"date":"2018-01-26T18:45:09","date_gmt":"2018-01-26T18:45:09","guid":{"rendered":"http:\/\/meumon.synology.me\/museu\/?page_id=466"},"modified":"2024-01-19T09:03:48","modified_gmt":"2024-01-19T09:03:48","slug":"45s-els-materials-de-l-univers","status":"publish","type":"page","link":"http:\/\/meumon.synology.me\/museu\/4-inventari-tot\/45-univers\/45s-els-materials-de-l-univers\/","title":{"rendered":"45s Els materials de l&#8217;univers"},"content":{"rendered":"<p>(3) Els materials<br \/>\nPart\u00edcules elementals subat\u00f2miques, \u00e0toms, mol\u00b7l\u00e8cules<br \/>\nEls gasos de les estrelles<\/p>\n<hr \/>\n<p class=\"western\">Freq\u00fc\u00e8ncies (2009), que va presentant cada element amb el seu espectre i despr\u00e9s mou les l\u00ednies. Semblava com si s&#8217;estiguessin creant les peces de l&#8217;univers amb un d\u00e9u a l&#8217;orgue, en lloc del forn de les estrelles, i pensava en la meravella que, per les lleis de la f\u00edsica, nom\u00e9s anar afegint un prot\u00f3 i un electr\u00f3, van apareixent nous nivells at\u00f2mics, noves l\u00ednies de color, noves propietats que permeten la complexitat de l&#8217;univers.<\/p>\n<p class=\"western\"><iframe loading=\"lazy\" title=\"Eug\u00e8nia Balcells Frecuencias\" width=\"525\" height=\"295\" src=\"https:\/\/www.youtube.com\/embed\/WC84wpPPfjY?feature=oembed\" frameborder=\"0\" allow=\"accelerometer; autoplay; clipboard-write; encrypted-media; gyroscope; picture-in-picture; web-share\" allowfullscreen><\/iframe><\/p>\n<p class=\"western\"><iframe loading=\"lazy\" title=\"A\u00f1os Luz\" width=\"525\" height=\"295\" src=\"https:\/\/www.youtube.com\/embed\/YojFN3IWGwg?feature=oembed\" frameborder=\"0\" allow=\"accelerometer; autoplay; clipboard-write; encrypted-media; gyroscope; picture-in-picture; web-share\" allowfullscreen><\/iframe><\/p>\n<p>l&#8217;aigua a tot el sistema solar: https:\/\/www.bbc.co.uk\/ideas\/videos\/why-water-is-one-of-the-weirdest-things-in-the-uni\/p06y2c9k<\/p>\n<p>&nbsp;<\/p>\n<hr \/>\n<p>el molt gran i el molt petit [els cosmos a gran escala] [el cosmos a petita escala]<\/p>\n<p><a href=\"http:\/\/meumon.synology.me\/museu\/el-cel\/\">el cel<\/a><\/p>\n","protected":false},"excerpt":{"rendered":"<p>(3) Els materials Part\u00edcules elementals subat\u00f2miques, \u00e0toms, mol\u00b7l\u00e8cules Els gasos de les estrelles Freq\u00fc\u00e8ncies (2009), que va presentant cada element amb el seu espectre i despr\u00e9s mou les l\u00ednies. Semblava com si s&#8217;estiguessin creant les peces de l&#8217;univers amb un d\u00e9u a l&#8217;orgue, en lloc del forn de les estrelles, i pensava en la meravella &hellip; <\/p>\n<p class=\"link-more\"><a href=\"http:\/\/meumon.synology.me\/museu\/4-inventari-tot\/45-univers\/45s-els-materials-de-l-univers\/\" class=\"more-link\">Continue reading<span class=\"screen-reader-text\"> &#8220;45s Els materials de l&#8217;univers&#8221;<\/span><\/a><\/p>\n","protected":false},"author":1,"featured_media":0,"parent":955,"menu_order":0,"comment_status":"closed","ping_status":"closed","template":"","meta":{"footnotes":""},"_links":{"self":[{"href":"http:\/\/meumon.synology.me\/museu\/wp-json\/wp\/v2\/pages\/466"}],"collection":[{"href":"http:\/\/meumon.synology.me\/museu\/wp-json\/wp\/v2\/pages"}],"about":[{"href":"http:\/\/meumon.synology.me\/museu\/wp-json\/wp\/v2\/types\/page"}],"author":[{"embeddable":true,"href":"http:\/\/meumon.synology.me\/museu\/wp-json\/wp\/v2\/users\/1"}],"replies":[{"embeddable":true,"href":"http:\/\/meumon.synology.me\/museu\/wp-json\/wp\/v2\/comments?post=466"}],"version-history":[{"count":0,"href":"http:\/\/meumon.synology.me\/museu\/wp-json\/wp\/v2\/pages\/466\/revisions"}],"up":[{"embeddable":true,"href":"http:\/\/meumon.synology.me\/museu\/wp-json\/wp\/v2\/pages\/955"}],"wp:attachment":[{"href":"http:\/\/meumon.synology.me\/museu\/wp-json\/wp\/v2\/media?parent=466"}],"curies":[{"name":"wp","href":"https:\/\/api.w.org\/{rel}","templated":true}]}}