{"id":502,"date":"2018-02-11T18:30:53","date_gmt":"2018-02-11T18:30:53","guid":{"rendered":"http:\/\/meumon.synology.me\/museu\/?page_id=502"},"modified":"2023-12-31T15:56:32","modified_gmt":"2023-12-31T15:56:32","slug":"5-informacio-practica","status":"publish","type":"page","link":"http:\/\/meumon.synology.me\/museu\/5-informacio-practica\/","title":{"rendered":"5 Informaci\u00f3 pr\u00e0ctica"},"content":{"rendered":"<p>Horaris de visita, acc\u00e9s, preus\u00a0 |\u00a0\u00a0 Botiga\u00a0\u00a0 |\u00a0\u00a0 <a href=\"http:\/\/meumon.synology.me\/museu\/5-informacio-practica\/5-conferencies\/\">Confer\u00e8ncies<\/a>\u00a0 |\u00a0 <a href=\"http:\/\/meumon.synology.me\/museu\/5-informacio-practica\/2v-mva-albums-2016\/\">Exposicions<\/a>\u00a0\u00a0 |\u00a0 <a href=\"http:\/\/meumon.synology.me\/museu\/5-informacio-practica\/pagines\/\">Sales (P\u00e0gines) <\/a> | <a href=\"http:\/\/meumon.synology.me\/museu\/5-informacio-practica\/5-llista-de-categories\/\">Sales categories<\/a>\u00a0 | \u00a0\u00a0 Guies\u00a0\u00a0 |\u00a0\u00a0 Itineraris<\/p>\n<p><a href=\"http:\/\/meumon.synology.me\/museu\/index\/\">\u00cdndex<\/a>, <a href=\"http:\/\/meumon.synology.me\/museu\/index-alfabetic\/\">\u00cdndex alfab\u00e8tic<\/a>. <a href=\"http:\/\/meumon.synology.me\/museu\/sitemap\/\">Sitemap<\/a><\/p>\n<hr \/>\n<p>VISITA<\/p>\n<p>Avinguda Ayma 27, Kharagpur<\/p>\n<p>L X J de 8:30 a 11:30, de 18 a 21:30, M V 19 a 23, S D 10 a 12 i 18 a 20<\/p>\n<p>11 rals<\/p>\n<hr \/>\n<p>EXPOSICIONS<\/p>\n<p><a href=\"http:\/\/meumon.synology.me\/museu\/5-informacio-practica\/5-exposicio-temporal\/\">Exposici\u00f3 temporal<\/a> \u00a0\u00a0 |\u00a0\u00a0 <a href=\"http:\/\/meumon.synology.me\/museu\/5-informacio-practica\/2v-mva-albums-2016\/els-nuvols\/\">N\u00favols<\/a>\u00a0\u00a0\u00a0 |<\/p>\n<hr \/>\n<p>Botiga<\/p>\n<p><a href=\"http:\/\/meumon.synology.me\/museu\/5-informacio-practica\/5-descarregables\/\">Descarregables<\/a>\u00a0: sales del museu, <a href=\"http:\/\/meumon.synology.me\/museu\/descarregables\/llibret\/llibretmuseu-up.pdf\">el museu a la butxaca<\/a><\/p>\n<p>Un m\u00f3n de mida natural (etiquetes per exprimentar el m\u00f3n com les sales d&#8217;un museu)<\/p>\n<hr \/>\n<hr \/>\n<p><a href=\"http:\/\/meumon.synology.me\/museu\/informacio-practica\/guies\/\">Guies<\/a><\/p>\n<hr \/>\n<p><a href=\"http:\/\/meumon.synology.me\/museu\/informacio-practica\/conferencies\/\">Confer\u00e8ncies<\/a><\/p>\n<p>ex. la idea d&#8217;inventari en els debats:<\/p>\n<hr \/>\n<p>Meta. <a href=\"http:\/\/meumon.synology.me\/museu\/5-informacio-practica\/5-meta-manteniment-del-museu\/\">Manteniment del museu<\/a><\/p>\n<hr \/>\n<p><a href=\"http:\/\/meumon.synology.me\/museu\/eines\/\">Eines<\/a>\u00a0 (fitxes PDF) \u00a0 |\u00a0\u00a0 <a href=\"http:\/\/meumon.synology.me\/museu\/pagina\/proves\/\">Proves<\/a>\u00a0 |\u00a0\u00a0 |<\/p>\n","protected":false},"excerpt":{"rendered":"<p>Horaris de visita, acc\u00e9s, preus\u00a0 |\u00a0\u00a0 Botiga\u00a0\u00a0 |\u00a0\u00a0 Confer\u00e8ncies\u00a0 |\u00a0 Exposicions\u00a0\u00a0 |\u00a0 Sales (P\u00e0gines) | Sales categories\u00a0 | \u00a0\u00a0 Guies\u00a0\u00a0 |\u00a0\u00a0 Itineraris \u00cdndex, \u00cdndex alfab\u00e8tic. Sitemap VISITA Avinguda Ayma 27, Kharagpur L X J de 8:30 a 11:30, de 18 a 21:30, M V 19 a 23, S D 10 a 12 i 18 a &hellip; <\/p>\n<p class=\"link-more\"><a href=\"http:\/\/meumon.synology.me\/museu\/5-informacio-practica\/\" class=\"more-link\">Continue reading<span class=\"screen-reader-text\"> &#8220;5 Informaci\u00f3 pr\u00e0ctica&#8221;<\/span><\/a><\/p>\n","protected":false},"author":1,"featured_media":0,"parent":0,"menu_order":0,"comment_status":"closed","ping_status":"closed","template":"templates\/5comptador.php","meta":{"footnotes":""},"_links":{"self":[{"href":"http:\/\/meumon.synology.me\/museu\/wp-json\/wp\/v2\/pages\/502"}],"collection":[{"href":"http:\/\/meumon.synology.me\/museu\/wp-json\/wp\/v2\/pages"}],"about":[{"href":"http:\/\/meumon.synology.me\/museu\/wp-json\/wp\/v2\/types\/page"}],"author":[{"embeddable":true,"href":"http:\/\/meumon.synology.me\/museu\/wp-json\/wp\/v2\/users\/1"}],"replies":[{"embeddable":true,"href":"http:\/\/meumon.synology.me\/museu\/wp-json\/wp\/v2\/comments?post=502"}],"version-history":[{"count":0,"href":"http:\/\/meumon.synology.me\/museu\/wp-json\/wp\/v2\/pages\/502\/revisions"}],"wp:attachment":[{"href":"http:\/\/meumon.synology.me\/museu\/wp-json\/wp\/v2\/media?parent=502"}],"curies":[{"name":"wp","href":"https:\/\/api.w.org\/{rel}","templated":true}]}}