{"id":574,"date":"2018-03-13T09:48:41","date_gmt":"2018-03-13T09:48:41","guid":{"rendered":"http:\/\/meumon.synology.me\/museu\/?page_id=574"},"modified":"2025-01-30T11:32:55","modified_gmt":"2025-01-30T11:32:55","slug":"4i-inventari","status":"publish","type":"page","link":"http:\/\/meumon.synology.me\/museu\/4-inventari-tot\/4i-inventari\/","title":{"rendered":"4i Inventari"},"content":{"rendered":"<p><a href=\"http:\/\/meumon.synology.me\/museu\/fonsimatges\/illustracions\/inventari.jpg\" target=\"_blank\" rel=\"noopener noreferrer\"><img decoding=\"async\" loading=\"lazy\" class=\"alignnone\" src=\"http:\/\/meumon.synology.me\/museu\/fonsimatges\/illustracions\/inventari.jpg\" alt=\"\" width=\"1392\" height=\"960\" \/><\/a><\/p>\n<p>Introducci\u00f3\u00a0 |\u00a0 Portal a base de dades\u00a0 |\u00a0 Justificaci\u00f3<\/p>\n<p><a href=\"http:\/\/meumon.synology.me\/museu\/4-inventari-tot\/4i-inventari\/4i-que-passa\/\">Qu\u00e8 passa, els diferents temps<\/a><\/p>\n<hr \/>\n<p>[proves]\u00a0\u00a0<a href=\"http:\/\/meumon.synology.me\/museu\/4-inventari-tot\/42-cultura\/42-base-de-dades-inventari\/\"> Base de dades inventari<\/a><\/p>\n<p><a href=\"http:\/\/meumon.synology.me\/museu\/inventari-historia\/\">inventari hist\u00f2ria nou<\/a>\u00a0 |\u00a0 <a href=\"http:\/\/meumon.synology.me\/museu\/4-inventari-tot\/4i-inventari\/4i-consulta-inventari-historia\/\">consulta inventari hist\u00f2ria<\/a><\/p>\n<hr \/>\n<p>Una de les preguntes m\u00e9s b\u00e0siques i alhora m\u00e9s dif\u00edcils de respondre.<\/p>\n<p>Puc comen\u00e7ar adonant-me de tot el que tinc al voltant <a href=\"http:\/\/192.168.1.40\/museu\/2017\/09\/20\/ara-i-aqui\/\">ara i aqu\u00ed<\/a>. Puc fer una llista dels llocs on hem estat, qu\u00e8 hem vist i sentit, qu\u00e8 hi havia. Els objectes damunt la meva taula, la m\u00fasica que escolto, la meva sensaci\u00f3 de fred, la meva emoci\u00f3 de nost\u00e0lgia, el que hi ha a la nevera, els carrers del barri, la fam\u00edlia, companys de feina, els barris de la ciutat, els paisatges on hem anat d&#8217;excursi\u00f3, els pa\u00efsos que hem visitat de viatge.<\/p>\n<p>Podem extendre la idea del qu\u00e8 hi ha m\u00e9s enll\u00e0 del que hem tingut experi\u00e8ncia directa, amb el que hem estudiat, matem\u00e0tica, F\u00edsica, Qu\u00edmica, Astronomia, Geografia, Hist\u00f2ria, Art, Literatura, Psicologia, filosofia, religi\u00f3. Aix\u00ed, puc imaginar la hist\u00f2ria de l&#8217;univers des del big bang fins a la formaci\u00f3 d&#8217;estrelles, gal\u00e0xies i el sistema solar.<\/p>\n<p>Puc visualitzar la hist\u00f2ria de la terra, els moviments de les masses continentals i la formaci\u00f3 de les muntanyes, l&#8217;explosi\u00f3 de la vida. Puc col\u00b7leccionar els diferents tipus de roca i minerals. Puc rec\u00f3rrer els diferents h\u00e0bitats de la terra, la riquesa de la vegetaci\u00f3, els animals i la seva conducta. Puc veure-ho exposat en un museu de ci\u00e8ncies naturals. Puc entrar al laboratori i veure els diferents \u00f2rgans i sistemes de cada organisme, els seus teixits i c\u00e8l\u00b7lules.<\/p>\n<p>Puc seguir l&#8217;evoluci\u00f3 dels hom\u00ednids fins arribar a l&#8217;Homo S\u00e0piens i com es va anar escampant per tot el m\u00f3n. Puc seguir la hist\u00f2ria dels primers grups de ca\u00e7adors i recol\u00b7lectors, els primers pobles agr\u00edcoles, les primeres civilitzacions. Summer, Egipte, P\u00e8rsia, Gr\u00e8cia, Roma, la Xina Han, l&#8217;Europa medieval, el renaixement a It\u00e0lia, la reforma a Alemanya, la Il\u00b7lustraci\u00f3, la revoluci\u00f3 industrial, el segle XX.<\/p>\n<p>Puc fer una estimaci\u00f3 de qu\u00e0nta gent ha viscut a cada per\u00edode i imaginar un <a href=\"http:\/\/192.168.1.40\/ephecat\/index.php\/2013\/02\/24\/museu-de-biografies\/\">museu amb totes les biografies<\/a>. Puc observar els fets d&#8217;una persona al llarg de la vida com ho explicaria una novel\u00b7la, una biografia o una autobiografia, l&#8217;aprenentatge de l&#8217;infant, l&#8217;adolesc\u00e8ncia, la vida adulta, la vellesa. Puc considerar la conducta, tal com l&#8217;observaria un psic\u00f2leg (el llenguatge, la imaginaci\u00f3, el pensament, la motivaci\u00f3 i l&#8217;afectivitat), o els processos neuronals del cervell.<\/p>\n<p>Puc contemplar totes les t\u00e8cniques i recursos que ha anat adquirint l&#8217;home, des del foc, la metal\u00b7l\u00fargia, la cer\u00e0mica, fins a la m\u00e0quina de vapor, l&#8217;electricitat i la inform\u00e0tica. Les formes d&#8217;organitzar-se la societat. La ci\u00e8ncia i la idea de com \u00e9s el m\u00f3n i l&#8217;univers, l&#8217;astronomia, la f\u00edsica de Newton, la mec\u00e0nica qu\u00e0ntica. La literatura, la m\u00fasica, les arts.<\/p>\n<hr \/>\n<p>Portal a base de dades [en construcci\u00f3]<\/p>\n<p><a href=\"http:\/\/meumon.synology.me\/museu\/indicadors\/\">Indicadors<\/a><\/p>\n<p>l&#8217;univers<\/p>\n<p>el m\u00f3n:<\/p>\n<div class=\"entry-content\">\n<p>Els h\u00e0bitats de la terra, geografia f\u00edsica i humana<\/p>\n<p>[tamb\u00e9 hist\u00f2ria, viatjar en l\u2019espai i en el temps]<\/p>\n<hr \/>\n<p>http:\/\/www.icgc.cat\/Ciutada\/Explora-Catalunya\/Atles-digitals\/Atles-Geologic-de-Catalunya\/Historia-geologica-de-Catalunyahttp:\/\/www.icgc.cat\/Administracio-i-empresa\/Descarregues\/Cartografia-geologica-i-geotematica\/Cartografia-geologica<\/p>\n<hr \/>\n<p>[<a href=\"http:\/\/meumon.synology.me\/museu\/la-vida-llocs-i-experiencies\/\">els llocs de la meva biografia<\/a> ]<\/p>\n<p><a href=\"http:\/\/meumon.synology.me\/museu\/els-meus-llocs\/\">[la meva col\u00b7lecci\u00f3 de llocs<\/a><\/p>\n<\/div>\n<p>la hist\u00f2ria [les societats]<\/p>\n<p>els individus<\/p>\n<hr \/>\n<h3><a href=\"http:\/\/meumon.synology.me\/museu\/la-idea-dun-inventari-en-els-debats-filosofics-necessitat-i-concepte\/\">justificaci\u00f3\u00a0<\/a><\/h3>\n<h3>Qu\u00e8 hi ha? Qu\u00e8 passa? Qu\u00e8 \u00e9s tot el que podem contemplar?<\/h3>\n<p>[enlla\u00e7os a portals d&#8217;estad\u00edstiques fict\u00edcies, veure<\/p>\n<p>Preguntar a\u00a0 diferents escenaris<br \/>\nUnivers Terra Civilitzacions Biografies Consci\u00e8ncia]<\/p>\n<p><a href=\"https:\/\/www.evernote.com\/shard\/s254\/nl\/31580196\/862e71e0-a42f-4cac-a47b-c68f0a2e721d?title=Inventari%207%3A%20%20Escenaris%2C%20sistemes%2C%20simplificat\">evernote<\/a><\/p>\n<p><a href=\"http:\/\/meumon.synology.me\/museu\/fonsimatges\/illustracions\/esquemaglobal.jpg\" target=\"_blank\" rel=\"noopener noreferrer\"><img decoding=\"async\" loading=\"lazy\" class=\"alignnone\" src=\"http:\/\/meumon.synology.me\/museu\/fonsimatges\/illustracions\/esquemaglobal.jpg\" alt=\"\" width=\"3264\" height=\"2303\" \/><\/a><\/p>\n<p><a href=\"http:\/\/meumon.synology.me\/museu\/gravat-flammarion\/\" target=\"_blank\" rel=\"noopener noreferrer\"><img decoding=\"async\" loading=\"lazy\" class=\"alignnone size-large\" src=\"http:\/\/meumon.synology.me\/museu\/fonsimatges\/art\/Flammarion.jpg\" width=\"3614\" height=\"3027\" \/><\/a><\/p>\n<p>&nbsp;<\/p>\n<hr \/>\n<p>Compilacions de tot el saber disponible<\/p>\n<p>[Arist\u00f2til]<\/p>\n<p>1240.\u00a0 <a href=\"https:\/\/en.wikipedia.org\/wiki\/Bartholomaeus_Anglicus\">De proprietatibus rerum<\/a>, Barth\u00e9lemy l&#8217;Anglais. 1415 l&#8217;edici\u00f3 il\u00b7lustrada de Jean Corbechon que vaig veure a la biblioteca de Chantilly. <a href=\"https:\/\/books.google.es\/books?id=nC42I-qKL-0C&amp;printsec=frontcover&amp;hl=ca#v=onepage&amp;q&amp;f=false\">Google Books<\/a><\/p>\n<p>1548 Konrad Gessner, Pandectarum sive Partitionum universalium Conradi Gesneri Tigurini, medici &amp; philosophiae professoris, libri xxi.\u00a0 Bibliografia de 12.000 llibres.<\/p>\n<p>1751-1772 L&#8217;<a href=\"https:\/\/en.wikipedia.org\/wiki\/Encyclop\u00e9die\">Encyclop\u00e9die<\/a>, Diderot i d&#8217;Alembert<\/p>\n<p>1768 <a href=\"https:\/\/en.wikipedia.org\/wiki\/Encyclop\u00e6dia_Britannica\">Encyclopaedia Britannica<\/a>\u00a0 \u00a0[tinc l&#8217;edici\u00f3 15a, 1974-1990 ]<\/p>\n<p>1905 <a href=\"https:\/\/es.wikipedia.org\/wiki\/Enciclopedia_Espasa\">Espasa Calpe<\/a> [que consultava a la biblioteca]<\/p>\n<p>2001 Wikipedia<\/p>\n<hr \/>\n<p>Popper parlava dels 3 m\u00f3ns: f\u00edsic, experi\u00e8ncia i cultura, i jo hi afeghia la societat, que \u00e9s una combinaci\u00f3 especial dels tres.<\/p>\n<p><a href=\"http:\/\/meumon.synology.me\/museu\/homer-la-il%C2%B7liada-lodissea\/#i2\">Hefest forja l\u2019escut d\u2019Aquil\u00b7les<\/a>\u00a0 \u00e9s una mena d&#8217;inventari de l&#8217;\u00e8poca<\/p>\n<p>&nbsp;<\/p>\n<p>els 10.000 objectes del <a href=\"http:\/\/meumon.synology.me\/museu\/taoisme\/\">taoisme<\/a><\/p>\n<p>[emanacions de Plot\u00ed? Kabalah?]<\/p>\n","protected":false},"excerpt":{"rendered":"<p>Introducci\u00f3\u00a0 |\u00a0 Portal a base de dades\u00a0 |\u00a0 Justificaci\u00f3 Qu\u00e8 passa, els diferents temps [proves]\u00a0\u00a0 Base de dades inventari inventari hist\u00f2ria nou\u00a0 |\u00a0 consulta inventari hist\u00f2ria Una de les preguntes m\u00e9s b\u00e0siques i alhora m\u00e9s dif\u00edcils de respondre. Puc comen\u00e7ar adonant-me de tot el que tinc al voltant ara i aqu\u00ed. Puc fer una llista &hellip; <\/p>\n<p class=\"link-more\"><a href=\"http:\/\/meumon.synology.me\/museu\/4-inventari-tot\/4i-inventari\/\" class=\"more-link\">Continue reading<span class=\"screen-reader-text\"> &#8220;4i Inventari&#8221;<\/span><\/a><\/p>\n","protected":false},"author":1,"featured_media":0,"parent":382,"menu_order":0,"comment_status":"closed","ping_status":"closed","template":"","meta":{"footnotes":""},"_links":{"self":[{"href":"http:\/\/meumon.synology.me\/museu\/wp-json\/wp\/v2\/pages\/574"}],"collection":[{"href":"http:\/\/meumon.synology.me\/museu\/wp-json\/wp\/v2\/pages"}],"about":[{"href":"http:\/\/meumon.synology.me\/museu\/wp-json\/wp\/v2\/types\/page"}],"author":[{"embeddable":true,"href":"http:\/\/meumon.synology.me\/museu\/wp-json\/wp\/v2\/users\/1"}],"replies":[{"embeddable":true,"href":"http:\/\/meumon.synology.me\/museu\/wp-json\/wp\/v2\/comments?post=574"}],"version-history":[{"count":0,"href":"http:\/\/meumon.synology.me\/museu\/wp-json\/wp\/v2\/pages\/574\/revisions"}],"up":[{"embeddable":true,"href":"http:\/\/meumon.synology.me\/museu\/wp-json\/wp\/v2\/pages\/382"}],"wp:attachment":[{"href":"http:\/\/meumon.synology.me\/museu\/wp-json\/wp\/v2\/media?parent=574"}],"curies":[{"name":"wp","href":"https:\/\/api.w.org\/{rel}","templated":true}]}}