{"id":624,"date":"2018-05-03T14:58:10","date_gmt":"2018-05-03T14:58:10","guid":{"rendered":"http:\/\/meumon.synology.me\/museu\/?page_id=624"},"modified":"2019-01-08T10:55:51","modified_gmt":"2019-01-08T10:55:51","slug":"426-historia-de-la-ciencia","status":"publish","type":"page","link":"http:\/\/meumon.synology.me\/museu\/4-inventari-tot\/42-cultura\/426-historia-de-la-ciencia\/","title":{"rendered":"426 Hist\u00f2ria de la ci\u00e8ncia"},"content":{"rendered":"<h3>Un laboratori<\/h3>\n<hr \/>\n<h3>El m\u00f3n que tenim al voltant<\/h3>\n<p>El m\u00f3n que tenim al voltant sembla una gran superf\u00edcie plana, amb muntanyes, boscos i camps, rius. Insectes, ocells al cel. Pobles i ciutats, carreteres. Granges amb animals.<br \/>\nEl dia i la nit, el sol que s&#8217;allarga o escur\u00e7a al llarg de l&#8217;any, la lluna, que creix i minva cada 28 dies. Les estacions, la pluja, el vent.<br \/>\nComptem coses. Comparem longituds, superf\u00edcies i volums, pesos.<br \/>\nRespirem, tenim fred o calor, suem, mengem, orinem, defequem, tenim 5 sentits, ens batega el cor i circula la sang, caminem, ens cansem, descansem, dormim.<br \/>\nSabem fer foc (amb mistos, o amb pedra foguera i fregant pals), serrar, clavar [en el m\u00f3n especialitzat d&#8217;avui, no sabem fer gaires coses, tot ho comprem al Servei Estaci\u00f3] [en el m\u00f3n antic tindr\u00edem eines de pedra, tecnologia b\u00e0sica de la metal\u00b7l\u00fargia, coure fang, teixir fibres][fores animistes o, partitn de la situaci\u00f3 actual, imitar els altres en les modes]<\/p>\n<hr \/>\n<h3>Explorar i entendre (0-1500)<\/h3>\n<p>[La terra \u00e9s rodona. Coneixem i tenim mapes dels pa\u00efsos al voltant del mediterr\u00e0 que hem navegat. Sabem on trobar els tels, el sol la lluna i els planetes amb el model geoc\u00e8ntric de Ptolomeu. Matem\u00e0tica fins a equacions de segon grau. Anotem les esp\u00e8cies, Arist\u00f2til i Plini el Vell. Pr\u00e0ctiques de medecina. For\u00e7a de sang, metal\u00b7l\u00fargia, roda, palanca, politja.] [D\u00e9u grecs en un univers immutable. Un m\u00f3n hist\u00f2ric amb la fi dels temps a l&#8217;horitz\u00f3, un m\u00f3n creat i ordenat per D\u00e9u que tamb\u00e9 \u00e9s intel\u00b7ligible, partim de la B\u00edblia i mirem d&#8217;adaptar-hi la ra\u00f3]<\/p>\n<p>Especulacions dels grecs sobre la naturalesa de les coses, combinacions dels quatre elements, aigua, terra, aire, foc, idees plat\u00f2niques, Arist\u00f2til, mat\u00e8ria i forma, acte i pot\u00e8ncia, causa eficient i final.<\/p>\n<p>Cosmologia<br \/>\nEl m\u00f3n. Arist\u00f2til va notar que si en viatjar al sud veiem estrelles que abans estaven a l&#8217;horitz\u00f3, la terra deu ser rodona.<a href=\"https:\/\/en.wikipedia.org\/wiki\/Eratosthenes\"> Eratostenes<\/a> va fer una estimaci\u00f3 de la mida de la terra, mesurant la inclilnaci\u00f3 del sol al solstici d&#8217;estiu a Alexandria i Cirena. <a href=\"https:\/\/en.wikipedia.org\/wiki\/Aristarchus_On_the_Sizes_and_Distances\">Aristarc<\/a> calcula la dist\u00e0ncia a la lluna i el sol i les seves mides. (la dist\u00e0ncia a la lluna mesurant el temps que tarda en travessar l&#8217;ombra de la terra durant un eclipsi, i de l&#8217;angle amb el sol quan la lluna est\u00e0 a la meitat, la <a href=\"https:\/\/en.wikipedia.org\/wiki\/Astronomical_unit#History\">dist\u00e0ncia al sol<\/a>) [Durant for\u00e7a temps la idea del m\u00f3n era b\u00e0sicament, les costes del mediterr\u00e0 amb un oce\u00e0 desconegut al voltant. A partir del 1500 es completa l&#8217;exploraci\u00f3 del m\u00f3n.<a href=\"https:\/\/en.wikipedia.org\/wiki\/Early_world_maps\"> Mapes antics<\/a>.<br \/>\nEl cel. Es van <a href=\"http:\/\/(https:\/\/en.wikipedia.org\/wiki\/Star_catalogue\">catalogant<\/a> estrelles. Ptolomeu llista 1022 estrelles visibles des d&#8217;Alexandria ). En el model <a href=\"http:\/\/(https:\/\/en.wikipedia.org\/wiki\/Geocentric_model\">geoc\u00e8ntric<\/a> ), els 5 planetes (Mercuri, Venus, Mart, J\u00fapiter, Saturn), es desplacen al llarg de les deferents al voltant de la terra i, sobre les deferents, giren pels epicicles (aix\u00ed expliquem que a vegades vagin m\u00e9s endavant o enrera). [no s\u00e9 si estimaven el sol molt m\u00e9s lluny que les estrelles, per\u00f2 durant molts anys, l&#8217;estimaci\u00f3 de la dist\u00e0ncia al sol era de mitja ua, una ua 149.5 milions km, i l&#8217;antiguetat ?]<\/p>\n<p>Biologia i medecina.<\/p>\n<p>&nbsp;<\/p>\n<p>Alqu\u00edmia<\/p>\n<p>Matem\u00e0tica<br \/>\nOperant amb n\u00fameros. Els naturals parells, senars, primers (criba d&#8217;Erat\u00f2stenes), teorema de Pit\u00e0gores, c\u00e0lcul de pi per pol\u00edgons inscrits (Arqu\u00edmedes) els enters, raons, n\u00fameros irracionals, problemes de primer i segon grau en \u00e0lgebra. Seccions c\u00f2niques. El p\u00e8ndol.<\/p>\n<p>Tecnologia<br \/>\nAgricultura i ramaderia. Rec. Filats, teixits i tenyits. Cer\u00e0mica. Metal\u00b7l\u00fargia (Coure (https:\/\/en.wikipedia.org\/wiki\/Copper_extraction calcopirita, estany (casiterita), bronze de coure i estany, Ferro (limonita) 1200 quan els ferrers Hitites es desperdiguen. Eines de palanca: tisores, politja. Construcci\u00f3, arcs, aquaductes, nau rom\u00e0nica, la c\u00fapula. Molins, rodes hidr\u00e0uliques, for\u00e7a de sang. Navegaci\u00f3. P\u00f2lvora (salitre nitrat de postasi, sofre i carb\u00f3). La impremta.<\/p>\n<hr \/>\n<p>La ci\u00e8ncia matem\u00e0tica i experimental (1500-1700)<\/p>\n<p>[Comencem a entendre la naturalesa en termes de lleis matem\u00e0tiques. Ja no hi ha autoritats sin\u00f3 evid\u00e8ncies. Univers helioc\u00e8ntric, terra explorada. Naturalesa = F\u00edsica? home m\u00e0quina? Dissecci\u00f3 i observaci\u00f3. Classificaci\u00f3 sistem\u00e0tica d&#8217;animals i plantes ][&#8220;l&#8217;extensi\u00f3 del m\u00f3n&#8221; \u00e9s m\u00e9s o menys la mateixa per\u00f2 comencem a entendre&#8217;l d&#8217;una altra manera. Hi comptem m\u00e9s estrelles i m\u00e9s esp\u00e8cies. Encara la for\u00e7a de sang ]<\/p>\n<p>El cel. Cop\u00e8rnic, que \u00e9s estrany que les estrelles girin tan de pressa, potser \u00e9s la terra que gira al voltant del sol. Tycho Brahe t\u00e9 per deixeble Kepler que establir\u00e0 les \u00f2rbites el\u00edptiques. Galileu fabrica telescopis.<\/p>\n<p>F\u00edsica. Galileu. P\u00e8ndol, caiguda dels cossos a la torre de pisa. Gilbert. De Magnete (Pedra iman, la br\u00fajula). Hooke i la molla. Experiments amb el buit, hemisferis de Magdeburg. Torricelli i la columna de mercuri.<br \/>\nNEWTON i la gravetat que atrapa la lluna per que no s&#8217;escapi amb la for\u00e7a centr\u00edfuga. f=ma, acci\u00f3 i reacci\u00f3, gravetat. L<a href=\"https:\/\/en.wikipedia.org\/wiki\/Cavendish_experiment\">&#8216;experiment de Cavendish<\/a> permet cacular la constant de gravetat, i a partir d&#8217;aqu\u00ed, la masa de la terra. Llum, hip\u00f2tesi ondulat\u00f2ria, lents, refracci\u00f3 i reflexi\u00f3.<br \/>\nQu\u00edmica. Boyle i Gay-Lussac, experiments amb gasos.<\/p>\n<p>Zoologia i bot\u00e0nica. Fuchs De Historia Stirpium. El microscopi de Leeuwenhoek. Linneus proposa un sistema de classificaci\u00f3 de les esp\u00e8cies, a les esp\u00e8cies plantarum es llistaven les 6000 esp\u00e8cies de plantes conegudes a EUropa (s&#8217;estima que n&#8217;hi ha 400.000).<br \/>\nMedecina: Paracelsus. Anatomia Carpi amb il\u00b7lusreacions basades en diseccions. Vesalio, de Humani Corporis Fabrica.<\/p>\n<p>Matem\u00e0tica<br \/>\nNapier, taules de logaritmes.[els algoritmes s\u00f3n poc clars, es pot fer aproximat arrels quadrades, 2&gt;10^1\/4, i mercator va trobar la s\u00e8rie ln(1+x)=1-x^2\/2+x^3\/3] Regla de c\u00e0lcul. Fermat i Descartes uneixen \u00e0lgebra i geometria amb les coordenades.<\/p>\n<p>Tecnologia:<\/p>\n<hr \/>\n<h3>La revoluci\u00f3 industrial (1700-1890)<\/h3>\n<p>[Els fen\u00f2mens del m\u00f3n natural, \u00f3ptica, el\u00f1ectricitat, comencen a incorporar-se a la F\u00edsica. M\u00e0quines de vapor, calor i termodin\u00e0mica. La geologia ens comen\u00e7a a dir que la terra \u00e9s m\u00e9s antiga del que pens\u00e0vem. Mesurem la dist\u00e0ncia a una estrella, i de sobte l&#8217;univers \u00e9s 206mil vegades m\u00e9s gran, i molt m\u00e9s antic. La mat\u00e8ria \u00e9s feta d&#8217;\u00e0toms. Concebim que les esp\u00e8cies han anat evolucionat en lloc que D\u00e9u les hagi posat al comen\u00e7ament tal qual. Comencem a entendre la mec\u00e0nica qu\u00edmica dels processos de la vida].<\/p>\n<p>L&#8217;univers. El 1801 Lalande t\u00e9 catalogades 47.390 estrelles. Laplace, mec\u00e0nica celeste. El 1831 Bessel mesura la primera dist\u00e0ncia a una estrella, 1 parsec = 3.26 light years = 206264.8 AU = 3.086 x 1013 km ].<br \/>\nLa terra. James Hutton i la teoria que les roques v\u00e9nen de les erupcions dels volcans. El registre f\u00f2ssil, el 1880 ja estaven identificats la majoria dels estrats i per\u00edodes. Charles Lyell estimava l&#8217;edat de la terra en milions d&#8217;anys. [les estimacions segons la B\u00edblia eren de 6.000 anys, Kelvin, seguint la hip\u00f2tesi de com s&#8217;havia refredat va pensar en 40 milions d&#8217;anys. Com es forma el relleu per erosi\u00f3 Agassiz i les glaceres. Moviments atomosf\u00e8rics. estructura de l&#8217;atmosfera i els oceans. Els grans cicles del carboni i dels nitrogen.<\/p>\n<p>F\u00edsica. Coulomb i experiment electricitat est\u00e0tica. Volta, pila, Ohm i les lleis dels circuits. Electromagnetisme, lleis de Maxwell. El motor el\u00e8ctric. Faraday, Inducci\u00f3. Kelvin, Clausius i la termodin\u00e0mica.<br \/>\nQu\u00edmica. Dalton i la hip\u00f2tesi at\u00f2mica, llei de les proporcions m\u00faltiples [com pesaven els gasos? com sabien quan tenien una subst\u00e0ncia pura i quan una composta?]. La taula at\u00f2mica de Mendeleiev. Arrhenius, tipusd e reaccions qu\u00edmiques, s\u00edntesi, descomposici\u00f3, Le Chatelier, \u00e0cids i bases.<\/p>\n<p>Biologia. Estudi de com el polen fecunda les plantes, dues generacions en les falgueres i molses (espores, masculins i femenins), el paper de l&#8217;aigua i el CO2 en el creixement de les plantes). en les molses. Schwann: la c\u00e8l\u00b7lula. La conducta animal.<br \/>\n<strong>DARWIN<\/strong>: teoria de l&#8217;evoluci\u00f3 (influ\u00e8ncia de Malthus). Mendel lleis de l&#8217;her\u00e8ncia.<\/p>\n<p>Matem\u00e0tica. Fermat. Probabilitat ie stad\u00edstica.<\/p>\n<p>Medecina. prova de la vacuna. La digesti\u00f3. Galvani i el sistema nervi\u00f3s. EL cervell, els m\u00fasculs. Control d&#8217;epid\u00e8mies, Pasteur. La regulaci\u00f3 hormonal del cos.<\/p>\n<p>Tecnologia. 1712 M\u00e0quina de vapor. [el tren i les f\u00e0briques]. Rellotges per a la medici\u00f3 precisa del temps [amb el sextant,havien de permetre la navegaci\u00f3]. Generaci\u00f3 d&#8217;electricitat. Diesel i el motor de combusti\u00f3 interna. Comunicacions, el tel\u00e8graf i el tel\u00e8fon. La Fotografia. La bombilla, el fon\u00f2graf i l&#8217;enregistrament sonor. La r\u00e0dio.<\/p>\n<hr \/>\n<h3>L&#8217;\u00e0tom (1890 &#8211; 2000)<\/h3>\n<p>[Descobrim gal\u00e0xies exteriors a la via l\u00e0ctea, i estimem l&#8217;edat de l&#8217;univers. Descomposem l&#8217;\u00e0tom. L&#8217;univers \u00e9s molt m\u00e9s gran i molt m\u00e9s antic, i les seves peces molt m\u00e9s petites. La mec\u00e0ncia qu\u00e0ntica no s&#8217;ent\u00e9n per\u00f2 amb la mec\u00e0nica estad\u00edstica donem ra\u00f3 de tota la f\u00edsica macrosc\u00f2pica. Al mateix temps s&#8217;obren noves inc\u00f2gnites. La vida s&#8217;electrifica , palstifica i s&#8217;informatitza. La biologia s&#8217;ent\u00e9n en etrmes de qu\u00edmica. L&#8217;home es comen\u00e7a a pensar com a robot]<\/p>\n<p>L&#8217;univers<br \/>\nLa terra. el 1955 Clair Patterson aplica la dataci\u00f3 radiom\u00e8trica a un meteorit i estima l&#8217;edat de la terra en 4.550 milions d&#8217;anys. El correment al roig, Hoyle, Hubble, teoria del Big bang. La fusi\u00f3 nuclear a les estrelles. Que hi ha altres gal\u00e0xies. Vera Rubin, forats negres, la mat\u00e8ria fosca.<br \/>\nLa Terra. Estructura dela terra, plaques tect\u00f2niques.<\/p>\n<p>F\u00edsica. La Mat\u00e8ria.<br \/>\nThomson i Rutherford desintegren l&#8217;\u00e0tom. Raigs X, radioactivitat Becquerel. Einstein i la relativitat, [la mesura de sistemes en moviment, la mesura de sistemes amb massa relativitat general]. Planck i la quantificaci\u00f3. Bohr. Heisenberg. Schr\u00f6dinger. Feynman i l&#8217;electrodin\u00e0mica qu\u00e0ntica. Part\u00edcules subat\u00f2miques.<\/p>\n<p>Biologia. Divisi\u00f3 de les c\u00e8l\u00b7lules Weisman. Morgan cromosomes. Ecosistemes. 1953 Watson i Crick, etsructura del DNA. Enginyeria gen\u00e8tica, t\u00e8cniques CRISP.<\/p>\n<p>Medecina. Fleming i la penicilina [l&#8217;aigua potable]<\/p>\n<p>Tecnologia.<br \/>\nTransport. L&#8217;aviaci\u00f3. L&#8217;autom\u00f2bil. Materials. Els pl\u00e0stics. El l\u00e0ser. La microelectr\u00f2nica. Sat\u00e8lits artificials, exploraci\u00f3 de l&#8217;espai, la lluna. 1990 INTERNET. Intel\u00b7lig\u00e8ncia artificial i robots. Nanotecnologia.<\/p>\n<hr \/>\n<p>la hist\u00f2ria de la tecnologia:<\/p>\n<p><a href=\"https:\/\/www.atlasobscura.com\/articles\/hidden-wonder-international-standards-organization-iso?utm_source=Atlas+Obscura+Daily+Newsletter&amp;utm_campaign=e9ba8db3fe-EMAIL_CAMPAIGN_2018_02_26&amp;utm_medium=email&amp;utm_term=0_f36db9c480-e9ba8db3fe-63268621&amp;ct=t(EMAIL_CAMPAIGN_2_26_2018)&amp;mc_cid=e9ba8db3fe&amp;mc_eid=d38edbd118\">https:\/\/www.atlasobscura.com\/articles\/hidden-wonder-international-standards-organization-iso<\/a>\u00a0est\u00e0ndards ISO<\/p>\n","protected":false},"excerpt":{"rendered":"<p>Un laboratori El m\u00f3n que tenim al voltant El m\u00f3n que tenim al voltant sembla una gran superf\u00edcie plana, amb muntanyes, boscos i camps, rius. Insectes, ocells al cel. Pobles i ciutats, carreteres. Granges amb animals. El dia i la nit, el sol que s&#8217;allarga o escur\u00e7a al llarg de l&#8217;any, la lluna, que creix &hellip; <\/p>\n<p class=\"link-more\"><a href=\"http:\/\/meumon.synology.me\/museu\/4-inventari-tot\/42-cultura\/426-historia-de-la-ciencia\/\" class=\"more-link\">Continue reading<span class=\"screen-reader-text\"> &#8220;426 Hist\u00f2ria de la ci\u00e8ncia&#8221;<\/span><\/a><\/p>\n","protected":false},"author":1,"featured_media":0,"parent":824,"menu_order":0,"comment_status":"closed","ping_status":"closed","template":"","meta":{"footnotes":""},"_links":{"self":[{"href":"http:\/\/meumon.synology.me\/museu\/wp-json\/wp\/v2\/pages\/624"}],"collection":[{"href":"http:\/\/meumon.synology.me\/museu\/wp-json\/wp\/v2\/pages"}],"about":[{"href":"http:\/\/meumon.synology.me\/museu\/wp-json\/wp\/v2\/types\/page"}],"author":[{"embeddable":true,"href":"http:\/\/meumon.synology.me\/museu\/wp-json\/wp\/v2\/users\/1"}],"replies":[{"embeddable":true,"href":"http:\/\/meumon.synology.me\/museu\/wp-json\/wp\/v2\/comments?post=624"}],"version-history":[{"count":0,"href":"http:\/\/meumon.synology.me\/museu\/wp-json\/wp\/v2\/pages\/624\/revisions"}],"up":[{"embeddable":true,"href":"http:\/\/meumon.synology.me\/museu\/wp-json\/wp\/v2\/pages\/824"}],"wp:attachment":[{"href":"http:\/\/meumon.synology.me\/museu\/wp-json\/wp\/v2\/media?parent=624"}],"curies":[{"name":"wp","href":"https:\/\/api.w.org\/{rel}","templated":true}]}}