{"id":628,"date":"2018-05-03T15:54:36","date_gmt":"2018-05-03T15:54:36","guid":{"rendered":"http:\/\/meumon.synology.me\/museu\/?page_id=628"},"modified":"2024-07-17T16:22:13","modified_gmt":"2024-07-17T16:22:13","slug":"426m-matematica","status":"publish","type":"page","link":"http:\/\/meumon.synology.me\/museu\/4-inventari-tot\/42-cultura\/426-ciencies\/426m-matematica\/","title":{"rendered":"426m Matem\u00e0tica"},"content":{"rendered":"<p>OBJECTES: n\u00fameros, equacions algebraiques, formes en el pla i en l&#8217;espai, funcions. [el que ens trobem al laboratori del cam\u00ed del saber]<\/p>\n<p>Fonaments: l\u00f2gica, teoria de conjunts, estructures, Construcci\u00f3 del sistema num\u00e8ric<br \/>\n\u00c0lgebra: grups, anells, Espais vectorials<br \/>\nGeometria: pla m\u00e8tic af\u00ed i projectiu, Transformacions Klein i Erlagen, geometria elemental, g anal\u00edtica, Topologia<br \/>\nAn\u00e0lisi: la recta real i les sevs funcions, c\u00e0lcul infinitessimal, equacions diferencials, aproximaci\u00f3 de funcions, funcions de variable complexa, an\u00e0lisi funcional<br \/>\nProbabillitat i estad\u00edstica<\/p>\n<p><a href=\"http:\/\/meumon.synology.me\/museu\/seccions-coniques\/\">Seccions c\u00f2niques<\/a>,<\/p>\n<hr \/>\n<p>nota: vist un &#8220;documental&#8221; sobre l&#8217;infinit a Netflix, on s&#8217;especulava sobre &#8220;qu\u00e8 era&#8221;, pensava que l&#8217;infinit es <strong>construeix<\/strong>.[molt bons els exemples de<\/p>\n<ul>\n<li>Comptem i no s&#8217;acaba, els n\u00fameros naturals<\/li>\n<li>Relacionem: els racionals sobre els naturals<\/li>\n<li>Constru\u00efm n\u00fameros irracionals: arrel de 2 [encara s\u00f3n comptables]<\/li>\n<li>Descobrim n\u00fameros transcendents: pi, e<\/li>\n<li>Ens traslladem en l&#8217;espai i no trobem un final<\/li>\n<\/ul>\n<hr \/>\n<p>&nbsp;<\/p>\n<p>2024 N\u00fameros aleatoris, soroll de r\u00e0dio i l\u00e0mpades de lava\u00a0 (<a href=\"https:\/\/www.bbc.com\/future\/article\/20240704-the-search-for-the-random-numbers-that-run-our-lives?utm_source=pocket_shared\">BBC<\/a>)<\/p>\n","protected":false},"excerpt":{"rendered":"<p>OBJECTES: n\u00fameros, equacions algebraiques, formes en el pla i en l&#8217;espai, funcions. [el que ens trobem al laboratori del cam\u00ed del saber] Fonaments: l\u00f2gica, teoria de conjunts, estructures, Construcci\u00f3 del sistema num\u00e8ric \u00c0lgebra: grups, anells, Espais vectorials Geometria: pla m\u00e8tic af\u00ed i projectiu, Transformacions Klein i Erlagen, geometria elemental, g anal\u00edtica, Topologia An\u00e0lisi: la recta &hellip; <\/p>\n<p class=\"link-more\"><a href=\"http:\/\/meumon.synology.me\/museu\/4-inventari-tot\/42-cultura\/426-ciencies\/426m-matematica\/\" class=\"more-link\">Continue reading<span class=\"screen-reader-text\"> &#8220;426m Matem\u00e0tica&#8221;<\/span><\/a><\/p>\n","protected":false},"author":1,"featured_media":0,"parent":951,"menu_order":0,"comment_status":"closed","ping_status":"closed","template":"","meta":{"footnotes":""},"_links":{"self":[{"href":"http:\/\/meumon.synology.me\/museu\/wp-json\/wp\/v2\/pages\/628"}],"collection":[{"href":"http:\/\/meumon.synology.me\/museu\/wp-json\/wp\/v2\/pages"}],"about":[{"href":"http:\/\/meumon.synology.me\/museu\/wp-json\/wp\/v2\/types\/page"}],"author":[{"embeddable":true,"href":"http:\/\/meumon.synology.me\/museu\/wp-json\/wp\/v2\/users\/1"}],"replies":[{"embeddable":true,"href":"http:\/\/meumon.synology.me\/museu\/wp-json\/wp\/v2\/comments?post=628"}],"version-history":[{"count":0,"href":"http:\/\/meumon.synology.me\/museu\/wp-json\/wp\/v2\/pages\/628\/revisions"}],"up":[{"embeddable":true,"href":"http:\/\/meumon.synology.me\/museu\/wp-json\/wp\/v2\/pages\/951"}],"wp:attachment":[{"href":"http:\/\/meumon.synology.me\/museu\/wp-json\/wp\/v2\/media?parent=628"}],"curies":[{"name":"wp","href":"https:\/\/api.w.org\/{rel}","templated":true}]}}