{"id":784,"date":"2018-08-28T10:49:44","date_gmt":"2018-08-28T10:49:44","guid":{"rendered":"http:\/\/meumon.synology.me\/museu\/?page_id=784"},"modified":"2020-04-22T10:52:51","modified_gmt":"2020-04-22T10:52:51","slug":"37-meu-mon-contemplacio-musica","status":"publish","type":"page","link":"http:\/\/meumon.synology.me\/museu\/3-el-meu-mon\/37-meu-mon-contemplacio-musica\/","title":{"rendered":"37 Meu m\u00f3n. Contemplaci\u00f3. M\u00fasica"},"content":{"rendered":"<h2>M\u00fasica contemplativa<\/h2>\n<p>[ esborrany : pendent de decidir si entre la <a href=\"http:\/\/meumon.synology.me\/museu\/musiques-contemplatives\/\">post de m\u00fasica contemplativa<\/a> a les diferents cultures, i la meva col\u00b7lecci\u00f3 de m\u00fasica en general hi ha d&#8217;haver una p\u00e0gina amb la m\u00fasica que em va b\u00e9 a mi ]<\/p>\n<p><a href=\"http:\/\/meumon.synology.me:5000\/as\/sharing\/BIISwibM\">Barroc<\/a>: Nisi Dominus<\/p>\n<p><a href=\"http:\/\/meumon.synology.me:5000\/as\/sharing\/2VJ4kaWm\">Contemporani<\/a>: Morton Feldman<\/p>\n<p><a href=\"http:\/\/meumon.synology.me:5000\/as\/sharing\/V2kvHEvC\" target=\"_blank\" rel=\"noopener noreferrer\">Morton Feldman, Triadic memories<\/a><\/p>\n<p><a href=\"http:\/\/meumon.synology.me:5000\/as\/sharing\/CKolxttq\" target=\"_blank\" rel=\"noopener noreferrer\">Philip Glass<\/a><\/p>\n<p><a href=\"http:\/\/meumon.synology.me:5000\/as\/sharing\/f1FJmWM3\" target=\"_blank\" rel=\"noopener noreferrer\">Basinsky<\/a><\/p>\n<p>&nbsp;<\/p>\n","protected":false},"excerpt":{"rendered":"<p>M\u00fasica contemplativa [ esborrany : pendent de decidir si entre la post de m\u00fasica contemplativa a les diferents cultures, i la meva col\u00b7lecci\u00f3 de m\u00fasica en general hi ha d&#8217;haver una p\u00e0gina amb la m\u00fasica que em va b\u00e9 a mi ] Barroc: Nisi Dominus Contemporani: Morton Feldman Morton Feldman, Triadic memories Philip Glass Basinsky &hellip; <\/p>\n<p class=\"link-more\"><a href=\"http:\/\/meumon.synology.me\/museu\/3-el-meu-mon\/37-meu-mon-contemplacio-musica\/\" class=\"more-link\">Continue reading<span class=\"screen-reader-text\"> &#8220;37 Meu m\u00f3n. Contemplaci\u00f3. M\u00fasica&#8221;<\/span><\/a><\/p>\n","protected":false},"author":1,"featured_media":0,"parent":461,"menu_order":0,"comment_status":"closed","ping_status":"closed","template":"","meta":{"footnotes":""},"_links":{"self":[{"href":"http:\/\/meumon.synology.me\/museu\/wp-json\/wp\/v2\/pages\/784"}],"collection":[{"href":"http:\/\/meumon.synology.me\/museu\/wp-json\/wp\/v2\/pages"}],"about":[{"href":"http:\/\/meumon.synology.me\/museu\/wp-json\/wp\/v2\/types\/page"}],"author":[{"embeddable":true,"href":"http:\/\/meumon.synology.me\/museu\/wp-json\/wp\/v2\/users\/1"}],"replies":[{"embeddable":true,"href":"http:\/\/meumon.synology.me\/museu\/wp-json\/wp\/v2\/comments?post=784"}],"version-history":[{"count":0,"href":"http:\/\/meumon.synology.me\/museu\/wp-json\/wp\/v2\/pages\/784\/revisions"}],"up":[{"embeddable":true,"href":"http:\/\/meumon.synology.me\/museu\/wp-json\/wp\/v2\/pages\/461"}],"wp:attachment":[{"href":"http:\/\/meumon.synology.me\/museu\/wp-json\/wp\/v2\/media?parent=784"}],"curies":[{"name":"wp","href":"https:\/\/api.w.org\/{rel}","templated":true}]}}