{"id":787,"date":"2018-08-28T11:12:45","date_gmt":"2018-08-28T11:12:45","guid":{"rendered":"http:\/\/meumon.synology.me\/museu\/?page_id=787"},"modified":"2024-02-29T09:02:15","modified_gmt":"2024-02-29T09:02:15","slug":"37-el-meu-mon-contemplacio-religio","status":"publish","type":"page","link":"http:\/\/meumon.synology.me\/museu\/37-el-meu-mon-contemplacio-religio\/","title":{"rendered":"37 El meu m\u00f3n. Contemplaci\u00f3. Religi\u00f3"},"content":{"rendered":"","protected":false},"excerpt":{"rendered":"","protected":false},"author":1,"featured_media":0,"parent":0,"menu_order":0,"comment_status":"closed","ping_status":"closed","template":"templates\/37 meumoncontemplaciotreball_1.php","meta":{"footnotes":""},"_links":{"self":[{"href":"http:\/\/meumon.synology.me\/museu\/wp-json\/wp\/v2\/pages\/787"}],"collection":[{"href":"http:\/\/meumon.synology.me\/museu\/wp-json\/wp\/v2\/pages"}],"about":[{"href":"http:\/\/meumon.synology.me\/museu\/wp-json\/wp\/v2\/types\/page"}],"author":[{"embeddable":true,"href":"http:\/\/meumon.synology.me\/museu\/wp-json\/wp\/v2\/users\/1"}],"replies":[{"embeddable":true,"href":"http:\/\/meumon.synology.me\/museu\/wp-json\/wp\/v2\/comments?post=787"}],"version-history":[{"count":0,"href":"http:\/\/meumon.synology.me\/museu\/wp-json\/wp\/v2\/pages\/787\/revisions"}],"wp:attachment":[{"href":"http:\/\/meumon.synology.me\/museu\/wp-json\/wp\/v2\/media?parent=787"}],"curies":[{"name":"wp","href":"https:\/\/api.w.org\/{rel}","templated":true}]}}