{"id":848,"date":"2018-11-16T10:43:13","date_gmt":"2018-11-16T10:43:13","guid":{"rendered":"http:\/\/meumon.synology.me\/museu\/?page_id=848"},"modified":"2026-03-09T20:26:53","modified_gmt":"2026-03-09T20:26:53","slug":"428-religio","status":"publish","type":"page","link":"http:\/\/meumon.synology.me\/museu\/4-inventari-tot\/42-cultura\/428-religio\/","title":{"rendered":"428 Religi\u00f3, Sagrat, Contemplatiu"},"content":{"rendered":"<p>[Esborrany]<\/p>\n<p><a href=\"http:\/\/meumon.synology.me\/museu\/4-inventari-tot\/42-cultura\/428-religio\/428-sagrat-religio-seleccio\/\">Selecci\u00f3<\/a><\/p>\n<p><a href=\"http:\/\/meumon.synology.me\/museu\/4-inventari-tot\/42-cultura\/428-religio\/428-obres-religioses\/\">Obres religioses<\/a> \u00a0 | \u00a0 <a href=\"http:\/\/meumon.synology.me\/museu\/4-inventari-tot\/41-la-vida-humana\/411-fenomenologia\/411-experiencies-contemplatives\/\">Experi\u00e8ncies contemplatives<\/a>\u00a0 |\u00a0\u00a0\u00a0 <a href=\"http:\/\/meumon.synology.me\/museu\/4-inventari-tott\/42-cultura\/428-religio\/428-religio-arts\/\">Arts<\/a><\/p>\n<p>la religi\u00f3 com la creaci\u00f3 d&#8217;una narraci\u00f3 que d\u00f3na sentit, igual que emergeix un jo de l&#8217;autonarraci\u00f3, emergeix un d\u00e9u, igual que la narraci\u00f3 del jo, pot tenir biaixos positius o negatius, WIlliam James, Karen amrmstrong. Igual que el jo acaba essent mn\u00e9 so menys real amb una causalitat top down, la divinitat tamb\u00e9.<\/p>\n<p><a href=\"http:\/\/meumon.synology.me\/museu\/religions-comparades\/\">antropologia religiosa<\/a>, antropologia<\/p>\n<p>Tipus de post: Propostes religioses, cites d&#8217;obres, biografies, fets religiosos en la hist\u00f2ria, rituals de les societats [categories: hist\u00f2ria&gt; fets puntuals&gt; <a href=\"http:\/\/meumon.synology.me\/museu\/category\/fets\/historia\/fets-religio\/\">fets religiosos<\/a> per a fets puntuals\u00a0 |\u00a0\u00a0 cultura &gt;<a href=\"http:\/\/meumon.synology.me\/museu\/category\/sistemes\/obrescultura\/sagratreligio\/\"> sagrat religi\u00f3<\/a>, per a continguts, llibres sagrats, obres teologia\u00a0 |\u00a0 persones &gt; <a href=\"http:\/\/meumon.synology.me\/museu\/category\/sistemes\/persones\/fenomenologia\/\">fenomenologia<\/a> + tag m\u00edstic per a experi\u00e8ncies personals\u00a0 |\u00a0 Societats &gt; <a href=\"http:\/\/meumon.synology.me\/museu\/category\/sistemes\/societats\/activitats-grups-socials\/\">activitats de grups socials<\/a> + tag religi\u00f3 per rituals i pr\u00e0ctiques religioses\u00a0 |\u00a0\u00a0 Societats &gt; grups socials &gt; <a href=\"http:\/\/meumon.synology.me\/museu\/category\/sistemes\/societats\/grups-socials\/organitzacions-religioses\/\">Organitzacions religioses<\/a> per a religions com cristianisme, hinduisme &#8230;<\/p>\n<p>&nbsp;<\/p>\n<p>Pendent: els ritus a les diferents religions, Intel\u00b7lig\u00e8ncia <a href=\"http:\/\/meumon.synology.me\/museu\/intel%C2%B7ligencia\/#preverbal\">Preverbal<\/a> : joc, somni, ritu, dibuix\u00a0 \/\/ s\u00edmbols i mites<\/p>\n<p>de la inroducci\u00f3 als mites grecs gr\u00e8cia 2005: Els interrogants sobre com va comen\u00e7ar tot, com acabar\u00e0, qui controla les forces de la naturalesa porten a &#8220;descobrir&#8221; [oer revelaci\u00f3] o &#8220;inventar&#8221;, o les dues coses alhora, les diferents divinitats.<\/p>\n<hr \/>\n<ul>\n<li>obres religioses, llibres sagrats, <a href=\"http:\/\/meumon.synology.me\/museu\/4-inventari-tot\/42-cultura\/428-religio\/428-obres-religioses\/428-la-biblia\/\">La B\u00edblia<\/a><\/li>\n<li>literatura de tema religi\u00f3s<\/li>\n<li>experi\u00e8ncies religioses: [ individuals, m\u00edstiques, adhesi\u00f3 a un credo ja existent]<\/li>\n<li>continguts: revelaci\u00f3 \/ invenci\u00f3 creaci\u00f3<\/li>\n<li>Pr\u00e0ctiques religioses: <a href=\"http:\/\/meumon.synology.me\/museu\/4-inventari-tot\/42-cultura\/428-religio\/428-meditacio\/\">meditaci\u00f3 (contemplaci\u00f3)<\/a>\u00a0 |\u00a0\u00a0 oraci\u00f3\u00a0\u00a0\u00a0 |\u00a0\u00a0 rituals de la vida\u00a0 \/\u00a0 cerim\u00f2nies col\u00b7lectives. <a href=\"http:\/\/meumon.synology.me\/museu\/any-liturgic\/\">Any lit\u00fargic cristi\u00e0<\/a><\/li>\n<li>les hist\u00f2ries i llegendes: mites grecs, herois taoistes, episodis de Buda, sants i dimonis, m\u00e0rtirs<\/li>\n<li>orient gilgamesh: antic egipte (<a href=\"https:\/\/www.atlasobscura.com\/articles\/ancient-egypt-duat-netherworld\">atlas obscura<\/a>)<\/li>\n<li><a href=\"http:\/\/meumon.synology.me\/museu\/religio-i-mites-a-lantiga-grecia\/\">Religi\u00f3 i mites a l&#8217;antiga Gr\u00e8cia<\/a>:\u00a0<a href=\"http:\/\/meumon.synology.me\/museu\/religio-i-mites-a-lantiga-grecia\/#introduccio\">Introducci\u00f3 i fonts<\/a>\u00a0 \u00a0|\u00a0 La religi\u00f3:\u00a0<a href=\"http:\/\/meumon.synology.me\/museu\/religio-i-mites-a-lantiga-grecia\/#origen\">Origen dels mites<\/a>, hist\u00f2ria. <a href=\"http:\/\/meumon.synology.me\/museu\/religio-i-mites-a-lantiga-grecia\/#creences\">Creences<\/a>. <a href=\"http:\/\/meumon.synology.me\/museu\/religio-i-mites-a-lantiga-grecia\/#practiques\">Pr\u00e0ctiques<\/a>. <a href=\"http:\/\/meumon.synology.me\/museu\/religio-i-mites-a-lantiga-grecia\/#filosofs\">Els fil\u00f2sofs<\/a>. [<a href=\"http:\/\/meumon.synology.me\/museu\/religio-i-mites-a-lantiga-grecia\/#museu\">Un museu de mites i religi\u00f3 grega<\/a>]\u00a0 contenidor\u00a0 <a href=\"http:\/\/meumon.synology.me\/museu\/4-inventari-tot\/42-cultura\/428-religio\/428-mites-grecs\/\">Mites grecs<\/a><\/li>\n<li><a style=\"font-size: 1rem;\" href=\"http:\/\/meumon.synology.me\/museu\/religions-deurasia\/\">Eur\u00e0sia<\/a><span style=\"font-size: 1rem;\">, <a href=\"http:\/\/meumon.synology.me\/museu\/hinduisme\/\">Hinduisme<\/a>, <\/span><a style=\"font-size: 1rem;\" href=\"http:\/\/meumon.synology.me\/museu\/budisme\/\">Budisme, Zen<\/a><span style=\"font-size: 1rem;\">, <\/span><a style=\"font-size: 1rem;\" href=\"http:\/\/meumon.synology.me\/museu\/taoisme\/\">Taoisme<\/a><span style=\"font-size: 1rem;\">, <a href=\"http:\/\/meumon.synology.me\/museu\/confucianisme\/\">Confucianisme<\/a>\u00a0 \u00a0[per alguna ra\u00f3 les cultures d\u00e0rmiques penalitzen econ\u00f2micament tenir filles en lloc de fills]<\/span><\/li>\n<li><a style=\"font-size: 1rem;\" href=\"http:\/\/meumon.synology.me\/museu\/4-inventari-tot\/42-cultura\/428-religio\/428-judaisme\/\">Judaisme<\/a><span style=\"font-size: 1rem;\">, <\/span><a style=\"font-size: 1rem;\" href=\"http:\/\/meumon.synology.me\/museu\/4-inventari-tot\/42-cultura\/428-religio\/428-cristianisme\/\">Cristianisme<\/a><span style=\"font-size: 1rem;\">, <\/span><a style=\"font-size: 1rem;\" href=\"http:\/\/meumon.synology.me\/museu\/islam\/\">Islam<\/a><\/li>\n<\/ul>\n<p><a href=\"http:\/\/meumon.synology.me\/museu\/angels\/\">\u00c0ngels<\/a> i <a href=\"http:\/\/meumon.synology.me\/museu\/dimonis\/\">Dimonis<\/a><\/p>\n<p>&nbsp;<\/p>\n<p>Explorar la religi\u00f3 del punt de vista de la imaginaci\u00f3 po\u00e8tica seguint a Wallace Stevens, quin geni creador hum\u00e0 ha pogut imaginar els d\u00e9us i despr\u00e9s creure-se&#8217;ls?<\/p>\n<hr \/>\n<p>Itinerari 1: Reconstrucci\u00f3 de les propostes religioses, en termes de pregunte si respostes<\/p>\n<p>Itinerari 2: Panorama actual, qu\u00e8 hi ha i entendre com hem arribat aqui<\/p>\n<p>itinerari 3: evoluci\u00f3 personal<\/p>\n<p>Discussi\u00f3: la religi\u00f3 com a creaci\u00f3 d&#8217;una ficci\u00f3, valoraci\u00f3 en termes de veritat po\u00e8tica, extrapolacions inadequades i beneficis<\/p>\n<p>altres: els quakers, religi\u00f3 sense mediaci\u00f3 \/\/ 2024 comunitats espirituals sense D\u00e9u.<\/p>\n<p>Liverpool: the retiurn of the Gods, com van comen\u00e7ar les religions, com les creem?<\/p>\n<p>museu: una avinguda amb els temples i les ofertes d&#8217;espiritualitat<\/p>\n<hr \/>\n<p>TIPUS de POST:<\/p>\n<p>(1) Propostes religioses, la idea del m\u00f3n, del div\u00ed i de com s&#8217;ha de viure, qu\u00e8 hi ha despr\u00e9s de la mort, proposat per les diferents religions. [C : obres religio]<\/p>\n<p>Budisme, Cristianisme, Hinduisme, Islam, Judaisme, Shikkisme<\/p>\n<p>(2) Textos religiosos, cites: C: obres religi\u00f3, JOb, benaurances, Eclesiast\u00e8s<\/p>\n<p>(3) Biografies, Crist, Buda, vides de sants FETS Hist\u00f2ria tag biografia, religi\u00f3<\/p>\n<p>(4) Fets d&#8217;hist\u00f2ria de la religi\u00f3, concilis, guerres FETS Hist\u00f2ria<\/p>\n<p>(5) Rituals SISTMES Societat [activitats? superestructura?] peregrinatges, bateigs, asc\u00e8si. Rituals i pr\u00e0ctiques: la vida religiosa, els laics, els monjos, els sacerdots: sistemes societats superestructura tag religi\u00f3 (exemple: http:\/\/meumon.synology.me\/museu\/ritus-funeraris\/ )<\/p>\n<p>(6) ALTRES<\/p>\n<p>Emocions: por,culpa, penediment, alliberament, integraci\u00f3, injust\u00edcia [sistemes, fenomenologia, tag religi\u00f3]<\/p>\n<p>Art: esgl\u00e9sies, temples, iconografia, m\u00fasica: [obres art m\u00fasica tag religi\u00f3. una llista de la iconografia cristiana: naixement i adoraci\u00f3 dels reis fugida a egipte i paisatge, crucifixi\u00f3, piet\u00e0, sant jeroni al desert, les temptacions de sant antoni<\/p>\n<p>Hist\u00f2ries: aventures de Sants, Crist. Mahoma, Buda, mites grecs, mites hind\u00fas obres religi\u00f3 [com distingeixo entre la teologia i les aventures de sants i dimonis?][o poso copm a literatura amb tag religi\u00f3?]<\/p>\n<p>&nbsp;<\/p>\n<p>Biografies: vides de sants, hist\u00f2ria, tags biografia, religio<\/p>\n<p>Llocs amb una for\u00e7a especial -&gt; meditaci\u00f3: &gt;&gt;NIKKO. Espai privilegiat (com Delfos, la pla\u00e7a de Solius) [el lloc t\u00e9 una for\u00e7a i , xiprers, temple Rinnoji, \u00a0 <a href=\"http:\/\/meumon.synology.me\/museu\/contemplacio-a-la-natura\/\">Contemplaci\u00f3 a la natura<\/a> \u00a0 Casti\u00f1eira santuaris evernote<\/p>\n<p>els dimonis [foto Jap\u00f3, simillitud arreu del m\u00f3n], B\u00edblia, el problema del mal, llegendes populars , diccionari de m\u00f2nic, conjunt d&#8217;imatges del xantatge cristi\u00e0 judici final Bosch, hans memling, nota esgl\u00e9sia sat\u00e0nica moderna.<\/p>\n<hr \/>\n<p>ITINERARI 1<\/p>\n<p>Reconstrucci\u00f3 de la hist\u00f2ria de la religi\u00f3<\/p>\n<p>(1.1) les preguntes i emocions b\u00e0siques, hist\u00f2riques i actuals, punts de partida<\/p>\n<ul>\n<li>mysterium tremens (la petitesa i la incertesa, la mort, contemplaci\u00f3 del patiment) enlla\u00e7 a la poesia l\u00edrica, tots els poemes que parlend e la brevetat de la vida<\/li>\n<li>mysterium fascinans (la bellesa, la magnific\u00e8ncia de la creaci\u00f3, com el cant de Daniel, l&#8217;experi\u00e8ncia m\u00edstica de formar part de tot, la bellesa)<\/li>\n<li>d&#8217;on ve tot? hi ha un ordre? una just\u00edcia m\u00e9s enll\u00e0 de la que fem nosaltres? desapareixem en morir?<\/li>\n<\/ul>\n<p>(1.2) Les respostes religioses, evoluci\u00f3 de la idea de D\u00e9u, Karen Armstrong, Mircea Eliade, William James<\/p>\n<ul>\n<li>a) Respostes religioses 1 : obedi\u00e8ncia a D\u00ebu, la preg\u00e0ria, els espais de recolliment, Sant Francesc i debat<\/li>\n<\/ul>\n<p>(1.3) debat, noves preguntes<\/p>\n<ul>\n<li>b) esquema de pregunta resposta, el problema del mal (Saramago), les guerres de religi\u00f3, l&#8217;\u00fas pol\u00edtic i l&#8217;odi entre societats, la creaci\u00f3 de sentiment de culpa pel que fa a la carn<\/li>\n<li>c) respostes 2<\/li>\n<\/ul>\n<p>[ el rebuig a la religi\u00f3, el temple de satan <a href=\"https:\/\/www.bbc.com\/news\/world-us-canada-65549975\">BBC<\/a><\/p>\n<hr \/>\n<p>ITINERARI 2 el panorama actual, entendre com hem arribat aqu\u00ed<\/p>\n<p>(2a) al visitant en particular, que es demani ell mateix sobre (a PERSONAL, la meva experi\u00e8ncia):<\/p>\n<p>la religi\u00f3 heretada dels pares (la tradici\u00f3 cat\u00f2lica franciscana) -&gt; la meva vida<\/p>\n<p>quines de les preguntes esbossades abans li ressonen, o li resulten estranyes, creu que existeix D\u00e9u, que hi ha misteri? vida despr\u00e9s de la mort? com comen\u00e7a tot? el mal \u00e9s castigat?<\/p>\n<p>(2b) qu\u00e8 fa la resta del m\u00f3n<\/p>\n<p>les creences que t\u00e9 la societat (estad\u00edstiques), el supermercat espiritual, el llegat art\u00edstic religi\u00f3s [ FET hist\u00f2ria weltanschauung]<\/p>\n<p>la hist\u00f2ria que reconstruim a partir dels textos, temples, megalits, art [obres\u00a0 tag religi\u00f3] [Itinerari 1]<\/p>\n<hr \/>\n<p>PERSONAL [en qu\u00e8 crec jo, qu\u00e8 he deixat de creure] \u00a0el meu itinerari<\/p>\n<p>(<a href=\"http:\/\/meumon.synology.me\/museu\/les-meves-experiencies-filosofiques-i-religioses\/\">Les meves experi\u00e8ncies contemplatives, religioses i filos\u00f2fiques<\/a> )<\/p>\n<p>la tradici\u00f3 familiar, cataquesi<\/p>\n<p>la meva evoluci\u00f3<\/p>\n<p>les meves preguntes, el que he estudiat, regli\u00f3 pragmatisme<\/p>\n<p>exper\u00e8ncies contemplatives, amb qu\u00e8 em quedo de cada religi\u00f3 (sant francesc, els claustres, els jardins zen) <a href=\"http:\/\/meumon.synology.me\/museu\/3mm-el-meu-mon\/3mm_7ct-el-meu-mon-contemplacio\/\">El meu m\u00f3n, contemplaci\u00f3<\/a><\/p>\n<p>D\u00e9u com a abs\u00e8ncia, D\u00e9u som nosaltres, com els reis<\/p>\n<p><a href=\"http:\/\/meumon.synology.me\/museu\/3mm-el-meu-mon\/3mm_7ct-el-meu-mon-contemplacio\/\">El meu m\u00f3n, contemplaci\u00f3<\/a><\/p>\n<p>El jard\u00ed contemplatiu: <a href=\"http:\/\/meumon.synology.me\/museu\/entrada-preparacio\/\">Entrada<\/a>, <a href=\"http:\/\/meumon.synology.me\/museu\/ara-i-aqui\/\">ara i aqu\u00ed<\/a>, <a href=\"http:\/\/meumon.synology.me\/museu\/sis-contemplacions\/\">les sis contemplacions<\/a><\/p>\n<p><a href=\"http:\/\/meumon.synology.me\/museu\/les-meves-experiencies-filosofiques-i-religioses\/\">Les meves experi\u00e8ncies contemplatives, religioses i filos\u00f2fiques<\/a><\/p>\n<p><a href=\"http:\/\/meumon.synology.me\/museu\/3mm-el-meu-mon\/3mm_7ct-el-meu-mon-contemplacio\/3mm_7ct_1vi_1-el-meu-mon-contemplacio-vida-llocs-i-experiencies\/\">Els meus llocs i experi\u00e8ncies<\/a> |\u00a0 <a href=\"http:\/\/meumon.synology.me\/museu\/3mm-el-meu-mon\/3mm_7ct-el-meu-mon-contemplacio\/3mm_7ct_1vi_2-el-meu-mon-contemplacio-vida-treball\/\">El meu treball d\u2019estudi<\/a> | <a href=\"http:\/\/meumon.synology.me\/museu\/3mm-el-meu-mon\/3mm_7ct-el-meu-mon-contemplacio\/3mm_7ct_1vi_3-el-meu-mon-contemplacio-vida-notes\/\">Les meves notes<\/a><\/p>\n<p>&nbsp;<\/p>\n<p>[ esborrany cr\u00edtica: Hi ha una part de l&#8217;experi\u00e8ncia religiosa que ens fa viure m\u00e9s plenament i profunda, m\u00e9s connectats amb tot, amb els altres pels que tenim compassi\u00f3, i ens fa millors. Per\u00f2 tamb\u00e9 hi ha una part fosc. Les religions Abr\u00e0miques amb la creen\u00e7a en el m\u00e9s enll\u00e0 han funcionat com uns xantatgistes que asseguren que ens convencen de l&#8217;amena\u00e7a de la condemna eterna i exigeixen un rescat ja que tenen el\u00a0 monopoli de la salvaci\u00f3; o com uns estafadors que ens venen uns t\u00edtols falsos per una estada a una ciutat de vacances futura. Les religions d\u00e0rmiques ens convencen de l&#8217;amena\u00e7a d&#8217;un cicle etern de reencarnacions del qual no en sortirem mai sense unes t\u00e8cniques de meditaci\u00f3 que ens ha d&#8217;aportar un guia espiritual. Aqu\u00ed no hi ha tant un monopoli com una estafa piramidal. Hi ha guies amb molt prestigi, que s\u00f3n seguits per altres guies, que a la seva vegada busquen tenir m\u00e9s deixebles.<br \/>\nEls dos plantejaments poden promoure una actitud de vida malaltissa, de negar el valor la vida quotidiana afirmant que nom\u00e9s \u00e9s bona la vida eterna. Ho trobem en Sant Pau, en Joan de la creu, o en els himnes tibetans del llibre dels morts. Les dues religions s\u00f3n un seguit lamentable de casos d&#8217;ab\u00fas de poder, extorsi\u00f3 monet\u00e0ria amb les indulg\u00e8ncies, abusos sexuals, i de lluites ferotges per aconseguir una posici\u00f3 dominant.<\/p>\n<p>Potser em quedo amb Epicur i Confuci, o els jueus]<\/p>\n<hr \/>\n<p>introducci\u00f3 als d\u00e9us grecs per la TEresa i la Maria 2005<\/p>\n<p>tota creaci\u00f3 cutlural , una concepci\u00f3 religiosa, art, literatura, \u00e9s una resposta a una necessitat, una inquietud. I quan mirem o llegim les respostes fora del seu context \u00e9s com silleg\u00edssim un di\u00e0leg de preguntes i respostes del qual se n&#8217;han amagat les preguntes.<\/p>\n<p>La percepci\u00f3 d&#8217;alguna cosa que ens depassa i trascendeix, el m\u00e9s evident, la percepci\u00f3 de la immensitat de l&#8217;univers, de com en s\u00f3n de remots els seus origens, de com seguir\u00e0 despr\u00e9s que siguem morts. Si hi pensem, resulta que el m\u00f3n ens depassa abans, despr\u00e9s i al voltant de la nostra vida. Ens depassa abans, i aix\u00f2 ens du a buscar explicacions sobre l&#8217;origen de tot (cosmogonia).<\/p>\n<p>Ens depassa despr\u00e9s, ja que morirem i ens interroguem sobre si aix\u00f2 ser\u00e0 el final de tot per nosaltres o no, i si tindr\u00e0 a veure amb el nostre comportament aqu\u00ed.. I ens depassa al voltant, per la immensitat de l&#8217;univers, per totes les forces que no controlem, i intentem imaginar si hi ha un ordre, o un sentit. Aquesta situaci\u00f3 pot anar des d&#8217;un sentiment de plenitud en percebre que estem en harmonia amb tot l&#8217;univers com formant part d&#8217;un tot; a l&#8217;altre extrem, la sensaci\u00f3 d&#8217;una solitud horrorosa perduts enmig d&#8217;un nores immens absurd, fins a l&#8217;entremig, que seria no encaparrar-s&#8217;hi gaire i viure cada dia.<\/p>\n<hr \/>\n<p>mysterium tremens i mysterium fascinans katrhyn schulz<\/p>\n<p>==========<br \/>\npage 183 | location 2803-2808 | Added on Friday, 8 September 2023 14:44:01<\/p>\n<p>far as I know, it has no name in our language, although it is close to what the Portuguese call saudade and the Japanese call mono no aware. It is the feeling of registering, on the basis of some slight exposure, our existential condition: how lovely life is, and how fragile, and how fleeting. Although this feeling is partly a response to our place in the universe, it is not quite the same as awe, because it has too much of the everyday in it, and too much sorrow, too. For the same reason, it is also not the feeling the Romantics identified as the sublime\u2014a mingling of admiration and dread, evoked by the vast impersonal grandeur of the physical world. This feeling I am talking about has none of that splendor or terror in it.<br \/>\n==========<br \/>\npage 192 | location 2942-2946 | Added on Tuesday, 12 September 2023 15:00:21<\/p>\n<p>This radical discrepancy between the scale of our own lives and the scale of the rest of existence can leave us feeling two different ways. One of them, akin to the feeling of losing something, is that the universe is dauntingly large and we are terrifyingly insignificant. The other, akin to the feeling of finding, is that the universe is dauntingly large and yet here we are, unimaginably unlikely and therefore precious beyond measure. As with so many other contrasting feelings, most of us will experience both of these eventually. It is easy to feel small and powerless; easy, too, to feel amazed and fortunate to be here.<\/p>\n<hr \/>\n<p>2025 Potser hi ha una aspiraci\u00f3 com\u00fa en H\u00f6lderlin i Wallace Stevens, els dos volien crear una nova religi\u00f3, H\u00f6lderlin una religi\u00f3 que <a href=\"http:\/\/meumon.synology.me\/museu\/el-mes-antic-programa-de-lidealisme-alemany\/\">puguem trobar bella<\/a>, <a href=\"http:\/\/meumon.synology.me\/museu\/stevens-wallace\/\">Stevens<\/a>, una ficci\u00f3 suprema en la que puguem creure tot i sabent que \u00e9s una ficci\u00f3.<\/p>\n<hr \/>\n<p>COM SI<\/p>\n<p>Una xarxa o un model LLM pot actuar com si segu\u00eds unes regles de sintaxi sense que s&#8217;ahgin introdu\u00eft expl\u00edcitament. Una experi\u00e8ncia humana o pr\u00e0ctica d&#8217;una comunitat podria o actuar com si cregu\u00e9s en un D\u00e9u o un sagrat. Viure COM SI alg\u00fa ens estigu\u00e9s observant i cada acte que fem fos valorat, COM SI formessim part d&#8217;un pla.<\/p>\n<p>WS d\u00e9u com all\u00f2 que voldr\u00edem que exist\u00eds, que trobem a faltar. Karen Amstrong a una historia de Dios, pels pobles, William James per la psicologia individual. [igual que Freud va generalitzar una psicologia que corresponia a la seva experi\u00e8ncia, st Pau i els primers cristians van generalitzar una exeri\u00e8ncia religiosa masoquista, de martiri i rebuig a la vida. I cadascu troba a faltar un tipus de d\u00e9u diferent, el de guanyar batalles, el de la bellesa [un d\u00e9u tamb\u00e9 del rtiure?).<br \/>\nUn cop imaginem que existeix el d\u00e9u que volem, comencem a viure COM SI exist\u00eds, i elaborem explciacions epr quan ens falla, per exemple, que l&#8217;hem decebut.<\/p>\n<p>&nbsp;<\/p>\n<p>Barnes<br \/>\nJules Renard: el parad\u00eds no existeix per\u00f2 hem de viure com si ens n&#8217;haguessim de fer dignes<br \/>\n&#8211; p 200 | location 3053-3053 | Added on Sunday, 19 March 2017 16:37:39<\/p>\n<p>The bit of Jules Renard that did for him was his heart. He was diagnosed with emphysema and arteriosclerosis, and began his last year au lit et au lait (bed and milk\u2014two and a half litres a day). He said: \u201cNow that I am ill, I find I want to make some profound and historic utterances, which my friends will subsequently repeat; but then I get too over-excited.\u201d He teasingly gave his sister responsibility for having his bust erected in the little square in Chitry-les-Mines. He said that writers had a better, truer sense of reality than doctors. He felt his heart was behaving like a buried miner, knocking at irregular intervals to signal that it was still alive. He felt that parts of his brain were being blown away like a dandelion clock. He said: \u201cDon\u2019t worry! Those of us who fear death always try to die as stylishly as possible.\u201d He said: \u201cParadise does not exist, but we must nonetheless strive to be worthy of it.\u201d The end came in Paris, on 22 May 1910; he was buried at Chitry four days later, without benefit of clergy, like his father and brother before him. At his writerly request, no words were spoken over his body.<br \/>\nHe said: \u201cParadise does not exist, but we must nonetheless strive to be worthy of it.\u201d<\/p>\n<hr \/>\n<p>poemes de rebeli\u00f3: llibre de job, cants de Maldoror, Prometeu de Goethe<\/p>\n<p>&nbsp;<\/p>\n<p>&#8212;<\/p>\n<p>&nbsp;<\/p>\n<p>supersticic\u00f3<\/p>\n<p>supersticic\u00f3<br \/>\nhttps:\/\/www.bbc.com\/news\/articles\/cdjx121w2yxo<br \/>\nporten un noi\u00b4malalt a ser curat per uns curanderos. El noi moirir\u00e0 i el pare i una turba cremen vius els membres de la fam\u00edlia acusada de bruixeria<\/p>\n<p>&nbsp;<\/p>\n<p>Religi\u00f3, la podem menystenir per\u00f2 ha estat molt important en la hist\u00f2ria i experi\u00e8ncies.<br \/>\nSi la veiem de fora, \u00e9s a dir com una creaci\u00f3 humana, la pregunta \u00e9s qu\u00e8 ho causa? qu\u00e8 determina un determinat tipus de mite, conjunt de creences o rituals?<\/p>\n<p>&#8211; fenomenologia, l&#8217;experi\u00e8ncia del misterium tremens i fascinans + el que recull W.James<br \/>\n&#8211; el que volen els individus o els pobles, el d\u00e9u per la naci\u00f3 anticn testament \/ got mit uns<br \/>\n&#8211; la necessitat de sentit, les angoixes existencials, els rituals de naixement i mort<br \/>\n&#8211; l&#8217;\u00fas manipulatiu per part del poder<\/p>\n<p>inicialment seguim el que heretem, despr\u00e9s la mantenim o ens convertim a una altra cosa (i per convertir ente<br \/>\nseguim el que tenim, i despr\u00e9s la deixem o ens convertim a una altra cosa [i si ets molt creatiu de la inventes wallace stevens]els reis<\/p>\n<p>&nbsp;<\/p>\n<p>&nbsp;<\/p>\n<p>&nbsp;<\/p>\n<p>&nbsp;<\/p>\n","protected":false},"excerpt":{"rendered":"<p>[Esborrany] Selecci\u00f3 Obres religioses \u00a0 | \u00a0 Experi\u00e8ncies contemplatives\u00a0 |\u00a0\u00a0\u00a0 Arts la religi\u00f3 com la creaci\u00f3 d&#8217;una narraci\u00f3 que d\u00f3na sentit, igual que emergeix un jo de l&#8217;autonarraci\u00f3, emergeix un d\u00e9u, igual que la narraci\u00f3 del jo, pot tenir biaixos positius o negatius, WIlliam James, Karen amrmstrong. Igual que el jo acaba essent mn\u00e9 so &hellip; <\/p>\n<p class=\"link-more\"><a href=\"http:\/\/meumon.synology.me\/museu\/4-inventari-tot\/42-cultura\/428-religio\/\" class=\"more-link\">Continue reading<span class=\"screen-reader-text\"> &#8220;428 Religi\u00f3, Sagrat, Contemplatiu&#8221;<\/span><\/a><\/p>\n","protected":false},"author":1,"featured_media":0,"parent":824,"menu_order":0,"comment_status":"closed","ping_status":"closed","template":"","meta":{"footnotes":""},"_links":{"self":[{"href":"http:\/\/meumon.synology.me\/museu\/wp-json\/wp\/v2\/pages\/848"}],"collection":[{"href":"http:\/\/meumon.synology.me\/museu\/wp-json\/wp\/v2\/pages"}],"about":[{"href":"http:\/\/meumon.synology.me\/museu\/wp-json\/wp\/v2\/types\/page"}],"author":[{"embeddable":true,"href":"http:\/\/meumon.synology.me\/museu\/wp-json\/wp\/v2\/users\/1"}],"replies":[{"embeddable":true,"href":"http:\/\/meumon.synology.me\/museu\/wp-json\/wp\/v2\/comments?post=848"}],"version-history":[{"count":0,"href":"http:\/\/meumon.synology.me\/museu\/wp-json\/wp\/v2\/pages\/848\/revisions"}],"up":[{"embeddable":true,"href":"http:\/\/meumon.synology.me\/museu\/wp-json\/wp\/v2\/pages\/824"}],"wp:attachment":[{"href":"http:\/\/meumon.synology.me\/museu\/wp-json\/wp\/v2\/media?parent=848"}],"curies":[{"name":"wp","href":"https:\/\/api.w.org\/{rel}","templated":true}]}}