{"id":946,"date":"2018-12-27T20:34:10","date_gmt":"2018-12-27T20:34:10","guid":{"rendered":"http:\/\/meumon.synology.me\/museu\/?page_id=946"},"modified":"2026-03-09T09:52:37","modified_gmt":"2026-03-09T09:52:37","slug":"422-literatura","status":"publish","type":"page","link":"http:\/\/meumon.synology.me\/museu\/4-inventari-tot\/42-cultura\/422-literatura\/","title":{"rendered":"422 Literatura"},"content":{"rendered":"<p><a href=\"http:\/\/meumon.synology.me\/museu\/4-inventari-tot\/42-cultura\/422-literatura\/422h-historia-de-la-literatura\/\">422h Hist\u00f2ria<\/a> | Experi\u00e8ncies literatura [hist\u00f2ria societats], <a href=\"http:\/\/meumon.synology.me\/museu\/42cn-el-cami-del-saber-les-narratives\/\">El cam\u00ed del saber<\/a>, des de la literatura que tenim al voltant fins a reconstruir el proc\u00e9s\u00a0 |\u00a0\u00a0 <a href=\"http:\/\/meumon.synology.me\/museu\/4-inventari-tot\/42-cultura\/422-literatura\/422-poesia\/\">Poesia<\/a>\u00a0 <a href=\"http:\/\/meumon.synology.me\/museu\/poesia-exemples\/\">visita<\/a>\u00a0 |\u00a0 <a href=\"http:\/\/meumon.synology.me\/museu\/metafores\/\">recursos literaris<\/a>\u00a0 |\u00a0 exp personal ( El meu m\u00f3n, <a href=\"http:\/\/meumon.synology.me\/museu\/3-el-meu-mon\/32-la-biblioteca\/\">32 Biblioteca<\/a>)\u00a0\u00a0 <a href=\"http:\/\/meumon.synology.me\/museu\/cdu-classificacio-decimal-universal\/\">bibliografia biblioteques<\/a><\/p>\n<p>[ veure work\/literatura.ods per una cronologia]<\/p>\n<hr \/>\n<p><a href=\"http:\/\/meumon.synology.me\/museu\/4-inventari-tot\/42-cultura\/426-ciencies\/426h-ciencies-humanes\/426h-literatura\/\">Estudi de la literatura<\/a>\u00a0 \u00a0 [tot el que s&#8217;ha dit , contes i tradici\u00f3 oral \/ tot el que s&#8217;ha escrit <a href=\"http:\/\/meumon.synology.me\/museu\/suports-escriptura\/\">Suports<\/a>, <a href=\"https:\/\/www.history.com\/news\/8-impressive-ancient-libraries\">biblioteques hist\u00f2riques<\/a>\u00a0 -&gt;<a href=\"http:\/\/meumon.synology.me\/museu\/cultura-museus-galeries-biblioteques\/#biblioteques\"> les que he vist<\/a> )<\/p>\n<p>&nbsp;<\/p>\n<p><a href=\"http:\/\/meumon.synology.me\/museu\/4-inventari-tot\/42-cultura\/422-literatura\/422l-literatures-per-cultura\/\">422l Literatura per cultures<\/a><\/p>\n<ul>\n<li><a href=\"http:\/\/meumon.synology.me\/museu\/literatura-xinesa\/\">Xinesa<\/a><\/li>\n<li><a href=\"http:\/\/meumon.synology.me\/museu\/literatura-grega\/\">Grega<\/a><\/li>\n<li><a href=\"http:\/\/meumon.synology.me\/museu\/4-inventari-tot\/42-cultura\/422-literatura\/422-literatura-catalana\/\">Catalana<\/a>\u00a0 \u00a0<a href=\"http:\/\/meumon.synology.me\/museu\/gramatica-catalana\/\">Gram\u00e0tica<\/a><\/li>\n<\/ul>\n<hr \/>\n<p><a href=\"http:\/\/meumon.synology.me\/museu\/4-inventari-tot\/42-cultura\/422-literatura\/422a-autors-literatura\/\">422a Autors<\/a> \u00a0 Cites Taula finestra: <a href=\"http:\/\/meumon.synology.me\/ephemeracat\/mm\/PROUST.HTM\">Proust<\/a> <a href=\"http:\/\/meumon.synology.me\/ephemeracat\/mm\/SHAK.HTM\">Shakespeare<\/a> \u00a0 <a href=\"http:\/\/meumon.synology.me\/ephemeracat\/mm\/atc.html\">Burton Anatomy of Melancholy<\/a>\u00a0 \u00a0<a href=\"http:\/\/meumon.synology.me\/ephemeracat\/tf\/dc\">Lectura de la Divina Commedia<\/a><\/p>\n<p>422o Obres: <a href=\"http:\/\/meumon.synology.me\/museu\/4-inventari-tot\/42-cultura\/422-literatura\/422o-poesia-per-tema\/\"> 422o Poesia<\/a>\u00a0 <a href=\"http:\/\/meumon.synology.me\/museu\/4-inventari-tot\/42-cultura\/422-literatura\/422-poesia\/422-poetes-poesies\/\">Poetes i poesies<\/a> | <a href=\"http:\/\/meumon.synology.me\/museu\/422o-drama\/\">Drama<\/a> | <a href=\"http:\/\/meumon.synology.me\/museu\/422o-narrativa\/\">Narrativa<\/a> | <a href=\"http:\/\/meumon.synology.me\/museu\/422o-altres-literatura\/\">Altres<\/a><\/p>\n<hr \/>\n<p>Personal: <a href=\"http:\/\/meumon.synology.me\/museu\/les-meves-lectures\/\">Les meves lectures<\/a> | <a href=\"http:\/\/meumon.synology.me\/museu\/3mm-el-meu-mon\/meu-mon-col%c2%b7leccio\/\">la meva col\u00b7lecci\u00f3<\/a> [p\u00e0gina amb tot el que t\u00e9 tag meumon, a depurar]<\/p>\n<p>&nbsp;<\/p>\n<hr \/>\n<p>LES PARAULES i EL LLENGUATGE<\/p>\n<p><a href=\"http:\/\/meumon.synology.me\/museu\/un-mon-que-parla-i-escolta-que-escriu-publica-i-llegeix\/\">un m\u00f3n que parla<\/a><\/p>\n<p>les paraules del m\u00f3n, qu\u00e0ntes n&#8217;hi ha i com han anat evoucionant en paral\u00b7lel a la hist\u00f2ria de l&#8217;home [ potser hauria de ser un apartat de la hist\u00f2ria] les lleng\u00fces que es parlen al m\u00f3n, etnologue, el coromines<\/p>\n<p>el meumon de paraules, catal\u00e0, espa\u00f1ol, franc\u00e8s, llat\u00ed, alemany, angl\u00e8s, grec, itali\u00e0, portugu\u00e8s. ( reflexi\u00f3 un dia conduint: <a href=\"http:\/\/meumon.synology.me\/museu\/historia-de-la-humanitat-el-llenguatge\/\">hist\u00f2ria de la humanitat. el llenguatge<\/a> )<\/p>\n<p><a href=\"http:\/\/meumon.synology.me\/museu\/evolucio-dels-llenguatges\/\">Evoluci\u00f3 dels llenguatges<\/a>, <a href=\"http:\/\/meumon.synology.me\/museu\/sistemes-descriptura\/\">Sistemes d&#8217;escriptura<\/a>\u00a0 \u00a0<a style=\"cursor: pointer !important; user-select: none !important;\" href=\"http:\/\/meumon.synology.me\/museu\/linguistica\/\">ling\u00fc\u00edstica<\/a> <a href=\"http:\/\/meumon.synology.me\/museu\/gramatica-catalana\/\">gram\u00e0tica catalana<\/a>\u00a0 \u00a0<a href=\"http:\/\/meumon.synology.me\/museu\/antropologia-en-literatura-i-biografia\/\">Antropologia en literatura i biografia<\/a><\/p>\n<p>Catal\u00e0: <a href=\"http:\/\/meumon.synology.me\/museu\/etimologies\/\">Etimologies<\/a>, <a href=\"http:\/\/meumon.synology.me\/museu\/4-inventari-tot\/42-cultura\/422-literatura\/422-literatura-catalana\/les-meves-paraules\/\">les meves paraules<\/a><\/p>\n<p>les estructures sint\u00e0ctiques b\u00e0siques, blocs i com s&#8217;uneixen, tipus de predicats + conjuncions,<\/p>\n<p>teoria literaria veure Mikhail Bakhtin als<a href=\"http:\/\/meumon.synology.me\/museu\/els-simbols\/\"> s\u00edmbols<\/a> [on potser no li toca ser<\/p>\n<hr \/>\n<p>EL discurs<\/p>\n<p>Ret\u00f2rica Cicer\u00f3 5 canons: Inventio, Dispositio, elocutio, memoria,pronuntiatio&amp;actio<\/p>\n<p>El museu de les hist\u00f2ries possibles<\/p>\n<p>[la poesia t\u00e9 el ercull de temes de la l\u00edrica]<\/p>\n<ul>\n<li>heroi que supera obstacles, \u00e8pica, detectiu soluciona misteri, espia<\/li>\n<li>el venir a ser, bildungsroman<\/li>\n<li>quadre d&#8217;una \u00e8poca, novel\u00b7la hist\u00f2ria, vides<\/li>\n<li>Donat un escenari, un conjunt de car\u00e0cters, un estil [com l&#8217;acompanyament a triar en el Band-in-the-box] i una l\u00ednia argumental, la intel\u00b7lig\u00e8ncia artificial pot generar una hist\u00f2ria.&gt;&gt;<\/li>\n<\/ul>\n<hr \/>\n<p>Catalogaci\u00f3:<\/p>\n<ul>\n<li>Posts obres: catalogar a obres &gt; lit &gt; drama\/ poesia \/ novel\u00b7la. En principi un post per poesia, anotar amb Tema Poesia per fer un tag cloud. Per noveles i drames, en principi un post per obra. | tags: Autor, L Anglesa Americana | custom field: ta1 data de publicaci\u00f3 (ta3 data de lectura meva]<\/li>\n<li>Posts autors: Persones &gt; Biografia. Tags: Autor, Literatura, L Catalana, custom field ta1 i ta2<\/li>\n<li>Reculls autors: 422a Autor, recollir tant la biografia com les obres<\/li>\n<\/ul>\n<hr \/>\n<ul>\n<li><a href=\"http:\/\/meumon.synology.me\/museu\/4-inventari-tot\/42-cultura\/422-literatura\/422h-historia-de-la-literatura\/\">422h Hist\u00f2ria de la literatura<\/a><\/li>\n<\/ul>\n<p>(1) l&#8217;evoluci\u00f3 de les obres, formes liter\u00e0ries [FET &gt; hist\u00f2ria cultura &gt; tag literatura] [recorregut en forma de preguntes respostes] [en realitat \u00e9s un contingut de cr\u00edtica liter\u00e0ria: ex un post que descriu l&#8217;aparici\u00f3 de la novel\u00b7la, \u00e9s un fet la publicaci\u00f3 de les noveles de Richardson [ Ho posar\u00e9 a OBRES&gt;LITERATURA]<\/p>\n<p>(2) les experi\u00e8ncies de les societats, narraci\u00f3 oral, cerim\u00f2nies civils i relligioses, danses, rituals, concerts, les maneres de viure la m\u00fasica i (3) l&#8217;experi\u00e8ncia de la m\u00fasica en la vida i les emocions: [SISTEMES &gt; societats &gt; activitats tag literatura]<\/p>\n<ul>\n<li>[puc dividir-ho en grans etapes?<\/li>\n<li>narraci\u00f3 oral, teatre, recitals<\/li>\n<li>abans d&#8217;impremta<\/li>\n<li>impremta<\/li>\n<li>cinema, r\u00e0dio<\/li>\n<\/ul>\n<p>enlla\u00e7os manuals a posts d&#8217;autors o b\u00e9 agrupar per tags<\/p>\n<p>La narraci\u00f3 oral<br \/>\nPrimeres cultures, epopeies<br \/>\nLiteratura asi\u00e0tica antiga<br \/>\nGr\u00e8cia i Roma: L\u00edrica, Homer, S\u00f2focles, Virgili, Horaci, Ovidi<br \/>\nEuropa Medieval: trobadors, escol\u00e0stica, DANTE<br \/>\nsXVI L&#8217;Humanisme: Petrarca, Erasme, Montaigne<br \/>\nsXVII: Shakespeare, Cervantes, Racine<br \/>\nLiteratura asi\u00e0tica moderna: Matsuo Basho<br \/>\nsXVIII: La il\u00b7lustraci\u00f3: Rousseau, Defoe, Swift, Goethe<br \/>\ns XIXa El romanticisme: H\u00f6lderlin, Keats, Wordsworth<br \/>\nsXIXb Realisme: Flaubert, Dickens, Walt Whitman, Chekhov, Ibsen<br \/>\nsXX Avantguarda<br \/>\nMeta: invariants en els temes i les formes<\/p>\n<hr \/>\n<p><a href=\"http:\/\/meumon.synology.me\/museu\/4-inventari-tot\/42-cultura\/422-literatura\/422a-autors-literatura\/\">422a Autors<\/a><\/p>\n<p>AUTORS:<\/p>\n<ul>\n<li>fer un post per la biografia: tag=Auden, categoria=biografia [afegir tag literatura]<\/li>\n<li>p\u00e0gina autor: query1 sobre post categoria biografia ag auden, query2: categoria poesia tag Auden [o nom\u00e9s obres]<\/li>\n<\/ul>\n<p>[enlla\u00e7os a Dropbox per Quijot, proust, Shakespeare]<\/p>\n<hr \/>\n<p><a href=\"http:\/\/meumon.synology.me\/museu\/4-inventari-tot\/42-cultura\/422-literatura\/422l-literatures-per-cultura\/\">422l Literatura per cultures<\/a><\/p>\n<hr \/>\n<p>OBRES: visi\u00f3 per g\u00e8nere, material, poesies i cites [ Quin itinerari que no sigui diferent a l&#8217;hist\u00f2ric? o autor?]<\/p>\n<ul>\n<li>CAT: OBRES &gt; literatura &gt; Drama, \u00c8pica, Novel\u00b7la, poesia [assaig aniria a pensament]<\/li>\n<li>TEMA POESIA<\/li>\n<\/ul>\n<p>Poesies:<\/p>\n<p>Pere IV: Tirallonga dels monos\u00edl\u00b7labs<br \/>\nMaragall: Cant Espiritual<br \/>\nThomas Hardy: Afterwards<br \/>\nBrenda Shaugnessy: I have a time machine<\/p>\n<p>ITINERARIS:<\/p>\n<ul>\n<li>Visi\u00f3 general per g\u00e8nere, tria de posts de hist\u00f2ria de la literatura, cites de cr\u00edtica liter\u00e0ria, autors i obres<\/li>\n<li><a href=\"http:\/\/meumon.synology.me\/museu\/4-inventari-tot\/42-cultura\/422-literatura\/422o-poesia-per-tema\/\">Poesia per tema<\/a>: 422o tagcloud Tema poesia, categoria poesia per t\u00edtol, [tamb\u00e9 puc fer un tag per tipus de m\u00e8trica i rima] [reaccions davant la immensitat de l&#8217;univers: panteisme, el meravellament, el sentiment que la vida \u00e9s curta i ef\u00edmera i tot passa, Leopardi: la tristesa peld ecalayge entre les expectatives i el que realment ens ha aportat la vida.<\/li>\n<li>\u00edndexs d&#8217;hist\u00f2ries: <a href=\"http:\/\/meumon.synology.me\/museu\/4-inventari-tot\/42-cultura\/428-religio\/428-mites-grecs\/\">mites grecs<\/a>, <a href=\"http:\/\/meumon.synology.me\/museu\/4-inventari-tot\/42-cultura\/428-religio\/428-obres-religioses\/428-la-biblia\/\">B\u00edblia<\/a>, 1001 nits, Shakespeare, Perrault<\/li>\n<\/ul>\n<hr \/>\n<p>PERSONAL<\/p>\n<p><a href=\"http:\/\/meumon.synology.me\/museu\/les-meves-lectures\/\">Les meves lectures<\/a><\/p>\n<ul>\n<li>Infantesa: contes<\/li>\n<li>Adolesc\u00e8ncia: cl\u00e0ssics grecs, El llibre del Te<\/li>\n<li>Adult1: cl\u00e0ssics comen\u00e7o a anotar cites<\/li>\n<li>Adult2 Quijote, Proust, Shakespeare, Nabokov<\/li>\n<li>Adult3: Kindle Dante, polic\u00edaques<\/li>\n<\/ul>\n<p>Les meves cites, [ El que m\u00e9s m\u2019ha agradat, el que m enduria a l hospital, la guia de lectura que llegaria tim. La meva selecci\u00f3 d\u2019un prestatge: Italo Calvino, Chejov, Nabokov] [cites o la coberta del llibre]<\/p>\n<ul>\n<li>Vassily Grossman: Vida y destino<\/li>\n<li>Ovidi: Les metamorfosis<\/li>\n<li>Bill Watterson: Calvin<\/li>\n<li>El llibre de fades<\/li>\n<li>El maravilloso viaje del doctor Acorta<\/li>\n<li>El libre del Te<\/li>\n<li>Nabokov: Ada, Speak memory<\/li>\n<li>Borges<\/li>\n<\/ul>\n<hr \/>\n<p><a href=\"https:\/\/www.mentalfloss.com\/posts\/most-unusual-libraries\">Biblioteques inusuals<\/a><\/p>\n<hr \/>\n<p>&nbsp;<\/p>\n<p>ontologia de la narraci\u00f3: [quins invariantys<\/p>\n<p>[narrative grammar]<\/p>\n<p>qu\u00e8 idenifica un text coherent?<\/p>\n<p>1 l\u00ednia argumental simple<br \/>\na)<br \/>\n1 subjecte, 1 escenari, objectes altres<br \/>\nla narraci\u00f3 \u00e9s un seguit de predicats ordenats temporalment d&#8217;aquest subjecte en aquest escenari. Coses que sent el subjecte a dins, coses que fa que observaria un observador extern<br \/>\nAix\u00f2 seria una l\u00ednia argumental<\/p>\n<p>b)diferents subjectes concurrents en el temps<\/p>\n<p>Combinat<br \/>\ndiferents l\u00ednies temporals amb els mateixos subjectes. Diferents escenaris concurrents<\/p>\n<p>&#8230;<\/p>\n<p>i des d&#8217;aqu\u00ed, als tipus d&#8217;argument (plot) b\u00e0sics<\/p>\n<p>a identificar la trama<br \/>\n[la simpatia de l&#8217;autor? amb quin personatge ens identifiquem<br \/>\nqu\u00e8 ens commou<br \/>\nqu\u00e8 destaca, com ho fa?<br \/>\nen qu\u00e8 s&#8217;entret\u00e9 m\u00e9s a descriure en detall]<\/p>\n<hr \/>\n<p>article smithsonian (veure lectures 8 recursos)<\/p>\n<p>Aristotle\u2019s idea was so unusual that, for more than two millennia, his account of literary inventions existed as an intellectual one-off, too intriguing to be forgotten but also too idiosyncratic to be developed further. In the mid-20th century,\u00a0<a id=\"reader.external-link.num-1\" href=\"https:\/\/en.wikipedia.org\/wiki\/Ronald_Crane\" target=\"_blank\" rel=\"noopener\">R. S. Crane<\/a>\u00a0and the renegade professors of\u00a0<a id=\"reader.external-link.num-2\" href=\"https:\/\/en.wikipedia.org\/wiki\/Chicago_school_(literary_criticism)\" target=\"_blank\" rel=\"noopener\">the Chicago School<\/a>\u00a0revived the<em>\u00a0Poetics<\/em>\u2019 techno-scientific method, using it to excavate literary inventions from Shakespearean tragedies, 18th-century novels, and other works that Aristotle never knew. Later, in the early 2000s, one of the Chicago School\u2019s students,\u00a0<a id=\"reader.external-link.num-3\" href=\"https:\/\/english.osu.edu\/people\/phelan.1\" target=\"_blank\" rel=\"noopener\">James Phelan<\/a>, co-founded Ohio State\u2019s\u00a0<a id=\"reader.external-link.num-4\" href=\"https:\/\/projectnarrative.osu.edu\/\" target=\"_blank\" rel=\"noopener\">Project Narrative<\/a>, where I now work as\u00a0<a id=\"reader.external-link.num-5\" href=\"https:\/\/projectnarrative.osu.edu\/about\/current-research\/research-projects\/angus-fletcher\" target=\"_blank\" rel=\"noopener\">a professor of story science<\/a>. Project Narrative is the world\u2019s leading academic think tank for the study of stories, and in our research labs, with the help of neuroscientists and psychologists from across the globe, we\u2019ve uncovered dozens more literary inventions in Zhou Dynasty lyrics, Italian operas, West African epics, classic children\u2019s books, great American novels, Agatha Christie crime fictions, Mesoamerican myths, and even Hollywood television scripts.<\/p>\n<p>&nbsp;<\/p>\n<p>Plot twist (gir argumental), Hurt delay (c\u00e0stig pendent), hist\u00f2ria explicada des del futur, el revelador de secrets, serenity elevator, empathu generator, The Almighty Heart, The Anarchy Rhymer<\/p>\n","protected":false},"excerpt":{"rendered":"<p>422h Hist\u00f2ria | Experi\u00e8ncies literatura [hist\u00f2ria societats], El cam\u00ed del saber, des de la literatura que tenim al voltant fins a reconstruir el proc\u00e9s\u00a0 |\u00a0\u00a0 Poesia\u00a0 visita\u00a0 |\u00a0 recursos literaris\u00a0 |\u00a0 exp personal ( El meu m\u00f3n, 32 Biblioteca)\u00a0\u00a0 bibliografia biblioteques [ veure work\/literatura.ods per una cronologia] Estudi de la literatura\u00a0 \u00a0 [tot el que &hellip; <\/p>\n<p class=\"link-more\"><a href=\"http:\/\/meumon.synology.me\/museu\/4-inventari-tot\/42-cultura\/422-literatura\/\" class=\"more-link\">Continue reading<span class=\"screen-reader-text\"> &#8220;422 Literatura&#8221;<\/span><\/a><\/p>\n","protected":false},"author":1,"featured_media":0,"parent":824,"menu_order":0,"comment_status":"closed","ping_status":"closed","template":"","meta":{"footnotes":""},"_links":{"self":[{"href":"http:\/\/meumon.synology.me\/museu\/wp-json\/wp\/v2\/pages\/946"}],"collection":[{"href":"http:\/\/meumon.synology.me\/museu\/wp-json\/wp\/v2\/pages"}],"about":[{"href":"http:\/\/meumon.synology.me\/museu\/wp-json\/wp\/v2\/types\/page"}],"author":[{"embeddable":true,"href":"http:\/\/meumon.synology.me\/museu\/wp-json\/wp\/v2\/users\/1"}],"replies":[{"embeddable":true,"href":"http:\/\/meumon.synology.me\/museu\/wp-json\/wp\/v2\/comments?post=946"}],"version-history":[{"count":0,"href":"http:\/\/meumon.synology.me\/museu\/wp-json\/wp\/v2\/pages\/946\/revisions"}],"up":[{"embeddable":true,"href":"http:\/\/meumon.synology.me\/museu\/wp-json\/wp\/v2\/pages\/824"}],"wp:attachment":[{"href":"http:\/\/meumon.synology.me\/museu\/wp-json\/wp\/v2\/media?parent=946"}],"curies":[{"name":"wp","href":"https:\/\/api.w.org\/{rel}","templated":true}]}}