{"id":951,"date":"2018-12-30T09:24:06","date_gmt":"2018-12-30T09:24:06","guid":{"rendered":"http:\/\/meumon.synology.me\/museu\/?page_id=951"},"modified":"2023-08-04T12:17:42","modified_gmt":"2023-08-04T12:17:42","slug":"426-ciencies","status":"publish","type":"page","link":"http:\/\/meumon.synology.me\/museu\/4-inventari-tot\/42-cultura\/426-ciencies\/","title":{"rendered":"426 Ci\u00e8ncies"},"content":{"rendered":"<p><img decoding=\"async\" class=\"alignnone size-large wp-image-632\" src=\"http:\/\/meumon.synology.me\/museu\/fonsimatges\/illustracions\/museuciencies.jpg\" alt=\"\" \/><\/p>\n<p>ESBORRANY<\/p>\n<hr \/>\n<p><a href=\"http:\/\/meumon.synology.me\/museu\/category\/sistemes\/obrescultura\/ciencia\/matematica\/\">Matem\u00e0tica<\/a>,\u00a0 <a href=\"http:\/\/meumon.synology.me\/museu\/category\/sistemes\/obrescultura\/ciencia\/fisica-i-quimica\/\">F\u00edsica i Qu\u00edmica<\/a>, <a href=\"http:\/\/meumon.synology.me\/museu\/category\/sistemes\/obrescultura\/ciencia\/ciencies-de-la-terra\/\">Ci\u00e8ncies de la terra<\/a>,\u00a0 <a href=\"http:\/\/meumon.synology.me\/museu\/category\/sistemes\/obrescultura\/ciencia\/astronomia\/\">Astronomia<\/a>, <a href=\"http:\/\/meumon.synology.me\/museu\/category\/sistemes\/obrescultura\/ciencia\/biologia\/\">Biologia<\/a>, <a href=\"http:\/\/meumon.synology.me\/museu\/category\/sistemes\/obrescultura\/ciencia\/el-cos-huma-ciencia\/\">El cos hum\u00e0<\/a><\/p>\n<p><a href=\"http:\/\/meumon.synology.me\/museu\/category\/sistemes\/obrescultura\/ciencia\/ciencies-humanes\/\">Ci\u00e8ncies humanes<\/a>, <a href=\"http:\/\/meumon.synology.me\/museu\/category\/sistemes\/obrescultura\/ciencia\/estudi-literatura\/\">Estudis sobre literatura<\/a>, <a href=\"http:\/\/meumon.synology.me\/museu\/category\/sistemes\/obrescultura\/ciencia\/estudi-de-lart\/\">Estudis sobre art<\/a>,<a href=\"http:\/\/meumon.synology.me\/museu\/category\/sistemes\/obrescultura\/ciencia\/estudi-de-la-musica\/\"> estudis sobre m\u00fasica<\/a><\/p>\n<hr \/>\n<p>Els museus de ci\u00e8ncies<\/p>\n<p><a href=\"http:\/\/meumon.synology.me\/museu\/4-inventari-tot\/42-cultura\/426-historia-de-la-ciencia\/\">Hist\u00f2ria de la ci\u00e8ncia<\/a> a camins del saber |\u00a0 <a href=\"http:\/\/meumon.synology.me\/museu\/4-inventari-tot\/42-cultura\/426-ciencies\/426-ciencies-obres\/\">Obres hist\u00f2ria de la ci\u00e8ncia<\/a><\/p>\n<p>Matem\u00e0tica | Hist\u00f2ria de l&#8217;univers | Inventari de l&#8217;univers\u00a0 |\u00a0 Hist\u00f2ria de la terra, geologia i evoluci\u00f3 | inventari de la terra\u00a0 |\u00a0 L&#8217;organisme hum\u00e0<\/p>\n<p>[Models: <a href=\"http:\/\/www.nhm-wien.ac.at\/ausstellung\/dauerausstellung__schausammlung\">NHM Wien<\/a>]: (1) El cel i l&#8217;univers, Minerals, F\u00f2ssils i evoluci\u00f3 (2) microcosmos (Ernst Haeckel), mol\u00b7luscs, insectes, peixos, ocells, mam\u00edfers [no hi ha el m\u00f3n vegetal] <a href=\"https:\/\/www.amnh.org\/exhibitions\/permanent-exhibitions\">AMNH<\/a>: ci\u00e8ncies de la terra i astronomia, biodiversitat i medi ambient, f\u00f2ssils, peixos, amfibis, r\u00e8ptils, ocells, mam\u00edfers, els or\u00edgens de l&#8217;home i cultures del m\u00f3n.<\/p>\n<hr \/>\n<p><a href=\"http:\/\/meumon.synology.me\/museu\/4-inventari-tot\/42-cultura\/426-ciencies\/426m-matematica\/\">426m Matem\u00e0tica<\/a><\/p>\n<hr \/>\n<p>F\u00edsica<\/p>\n<ul>\n<li>models te\u00f2rics<\/li>\n<li>la hist\u00f2ria del m\u00f3n<\/li>\n<li>les peces del m\u00f3n<\/li>\n<li>la tecnologia<\/li>\n<\/ul>\n<p>(1) Models te\u00f2rics<br \/>\nF\u00edsica te\u00f2rica: mec\u00e0nica cl\u00e0ssica, teoria de la relativitat, medis continus, mec\u00e0nica qu\u00e0ntica, mec\u00e0nica estad\u00edstica<br \/>\nSistemes f\u00edsics elementals: part\u00edcules, nuclis, \u00e0toms, mol\u00e8cules<br \/>\nGasos i fluids<br \/>\nMat\u00e8ria condensada: s\u00f2lids, estructura, elasticitat, propietats t\u00e8rmiques, estats electr\u00f2ncis, camps el\u00e8ctrics, camps magn\u00e8tics, mat\u00e8ria-radiaci\u00f3<br \/>\nF\u00edsica macrosc\u00f2pica: cossos r\u00f1igids, mec\u00e0nica fluids, ones i vibracions, calor i termodin\u00e0mica, electricitat i magnetisme, camp electromagn\u00e8tic, \u00f2ptica<br \/>\nQu\u00edmica: taula peri\u00f2dica, enlla\u00e7 at\u00f2mic, cin\u00e8tica qu\u00edmica, reaccions qu\u00edmique si equilibri, qu\u00edmica descriptiva, qu\u00edmica org\u00e0nica, bioqu\u00edmica<\/p>\n<p>https:\/\/pubchem.ncbi.nlm.nih.gov\/compound\/Sodium-citrate<br \/>\nweb de qu\u00edmica<\/p>\n<p>&nbsp;<\/p>\n<hr \/>\n<p>(3) Els materials de l&#8217;univers i la terra<br \/>\nPart\u00edcules elementals subat\u00f2miques, \u00e0toms, mol\u00b7l\u00e8cules<br \/>\nEls gasos de les estrelles<br \/>\nInvterra: Litosfera, geodin\u00e0mica, accidents, clima. Ecosistemes. Gaia. S Solar, Estrelles, Gal\u00e0xia, Cosmos. El paisatge de la terra modificant-se al llarg de la hist\u00f2ria. [Les roques i minerals que trobem a la terra]<\/p>\n<hr \/>\n<p>(4) La tecnologia<br \/>\n[Qu\u00e8 fem amb els materials que trobem] <a href=\"https:\/\/en.wikipedia.org\/wiki\/Outline_of_mining\">mineria<\/a>,<\/p>\n<hr \/>\n<p>[qu\u00e8 queda per descobrir?<\/p>\n<p>v notes sobre estancament de la ci\u00e8ncia<\/p>\n","protected":false},"excerpt":{"rendered":"<p>ESBORRANY Matem\u00e0tica,\u00a0 F\u00edsica i Qu\u00edmica, Ci\u00e8ncies de la terra,\u00a0 Astronomia, Biologia, El cos hum\u00e0 Ci\u00e8ncies humanes, Estudis sobre literatura, Estudis sobre art, estudis sobre m\u00fasica Els museus de ci\u00e8ncies Hist\u00f2ria de la ci\u00e8ncia a camins del saber |\u00a0 Obres hist\u00f2ria de la ci\u00e8ncia Matem\u00e0tica | Hist\u00f2ria de l&#8217;univers | Inventari de l&#8217;univers\u00a0 |\u00a0 Hist\u00f2ria de &hellip; <\/p>\n<p class=\"link-more\"><a href=\"http:\/\/meumon.synology.me\/museu\/4-inventari-tot\/42-cultura\/426-ciencies\/\" class=\"more-link\">Continue reading<span class=\"screen-reader-text\"> &#8220;426 Ci\u00e8ncies&#8221;<\/span><\/a><\/p>\n","protected":false},"author":1,"featured_media":0,"parent":824,"menu_order":0,"comment_status":"closed","ping_status":"closed","template":"","meta":{"footnotes":""},"_links":{"self":[{"href":"http:\/\/meumon.synology.me\/museu\/wp-json\/wp\/v2\/pages\/951"}],"collection":[{"href":"http:\/\/meumon.synology.me\/museu\/wp-json\/wp\/v2\/pages"}],"about":[{"href":"http:\/\/meumon.synology.me\/museu\/wp-json\/wp\/v2\/types\/page"}],"author":[{"embeddable":true,"href":"http:\/\/meumon.synology.me\/museu\/wp-json\/wp\/v2\/users\/1"}],"replies":[{"embeddable":true,"href":"http:\/\/meumon.synology.me\/museu\/wp-json\/wp\/v2\/comments?post=951"}],"version-history":[{"count":0,"href":"http:\/\/meumon.synology.me\/museu\/wp-json\/wp\/v2\/pages\/951\/revisions"}],"up":[{"embeddable":true,"href":"http:\/\/meumon.synology.me\/museu\/wp-json\/wp\/v2\/pages\/824"}],"wp:attachment":[{"href":"http:\/\/meumon.synology.me\/museu\/wp-json\/wp\/v2\/media?parent=951"}],"curies":[{"name":"wp","href":"https:\/\/api.w.org\/{rel}","templated":true}]}}