{"id":952,"date":"2018-12-30T09:30:59","date_gmt":"2018-12-30T09:30:59","guid":{"rendered":"http:\/\/meumon.synology.me\/museu\/?page_id=952"},"modified":"2024-03-02T10:38:55","modified_gmt":"2024-03-02T10:38:55","slug":"44-la-terra","status":"publish","type":"page","link":"http:\/\/meumon.synology.me\/museu\/4-inventari-tot\/44-la-terra\/","title":{"rendered":"44 La Terra i la vida"},"content":{"rendered":"<p>[<a href=\"http:\/\/meumon.synology.me\/museu\/descarregables\/llibret\/llibretmuseu-P\u00e0gina014.pdf\">full<\/a>14\u00a0 Biomes]\u00a0 [<a href=\"http:\/\/meumon.synology.me\/museu\/descarregables\/llibret\/llibretmuseu-P\u00e0gina016.pdf\">full16<\/a> hist\u00f2ria univers i la terra ] [<a href=\"http:\/\/meumon.synology.me\/museu\/descarregables\/llibret\/llibret13arbrevida.pdf\">ful13<\/a> arbre de la vida]<\/p>\n<p><a href=\"http:\/\/meumon.synology.me\/museu\/4-inventari-tot\/44-la-terra\/#terra\">La terra<\/a>\u00a0 |\u00a0\u00a0 <a href=\"http:\/\/meumon.synology.me\/museu\/4-inventari-tot\/44-la-terra\/#vida\">La Vida<\/a> \u00a0 | \u00a0 <a href=\"http:\/\/meumon.synology.me\/museu\/4-inventari-tot\/44-la-terra\/#evolucio\">L&#8217;Evoluci\u00f3<\/a><\/p>\n<hr \/>\n<p><strong>Qu\u00e8 tenim al voltant?<\/strong> Ens trobem probablement en un entorn d&#8217;edificis construits, amb alguns arbres i arbustos als parcs, el cel amb el sol i la lluna, el dia i la nit, els n\u00favols, la pluja i el vent. Si sortim del barri trobem els camps, els boscos, la platja. [ <a href=\"http:\/\/meumon.synology.me\/museu\/la-terra-habitats\/\">Els llocs i h\u00e0bitats que he vist<\/a>. el fred, la muntanya, boscos temperats, el mediterr\u00e0, el desert, el tr\u00f2pic, els mars]<\/p>\n<p>Despr\u00e9s d&#8217;explorar i estudiar, ho <strong>contemplem<\/strong> com:<\/p>\n<p>En un univers b\u00e0sicament fred i buit, som una \u00ednfima part perduda en un rac\u00f3,\u00a0 un planeta que d\u00f3na voltes un sol a juntament amb 10<sup>11<\/sup> estrelles m\u00e9s en la nostra gal\u00e0xia. En algun moment fa 4.500 Ma una nebulosa de gas amb hidrogen i heli, i elements m\u00e9s pesats sintetitzats a una supernova, va formar el sistema solar.<\/p>\n<p>Una esfera de metalls fosos amb una escor\u00e7a de minerals s\u00f2lida, recoberta d&#8217;aigua salada en 3\/4 de la superf\u00edcie, envoltada d&#8217;una atmosfera de nitrogen i ox\u00edgen. L&#8217;escor\u00e7a est\u00e0 formada per 7 grans plaques tect\u00f2niques surant sobre el mantell que en xocar aixequen muntanyes, ocasionament terratr\u00e8mols i erupcions de volcans.<\/p>\n<p>L&#8217;aire de l&#8217;atmosfera circula de l&#8217;equador als pols, el vapor d&#8217;aigua forma n\u00favols que despr\u00e9s es precipiten en forma de pluja i neu. Rius i glaceres tracen valls i arrosseguen sediments.<\/p>\n<p>El m\u00f3n com 8 cases\u00a0 o naus, segons les plaques continentals, amb els seus &#8220;mobles&#8221; i espais freds o calents (15 biomes o tipus d&#8217;espai). Al nord, Paleartic (Pirineus, Alps, Urals, C\u00e0rpats, Rin, Danubi) i Ne\u00e0rtic (Rocoses, Apalatxes), unides en Pangea fa 335M d&#8217;anys. Al sud, Neotropical (Andes), Afrotropical (Atlas, Rift, Nil) i Indomalaia (Himalaia). I m\u00e9s al sud, Austral\u00e0sia, Oceania i Ant\u00e0rtica. B\u00e0sicament tenim la placa del Pac\u00edfic entrant sota el continent americ\u00e0, de W a E, i \u00c0frica i \u00cdndia topant amb Eur\u00e0sia de S a N.<\/p>\n<p>QU\u00c8 EST\u00c0 PASSANT El forn del sol, les plaques tect\u00f2niques aixecant serralades, el mar amb les marees i onades, el vent, la pluja, l&#8217;erosi\u00f3 esculpint\u00a0 roques i arrodonint c\u00f2dols, c\u00e8l\u00b7lules que es divideixen, unes que barregen el material gen\u00e8tic, llavors que germinen, arrels que s&#8217;enfonsen, fulles i flors, borrons i flors, ous d&#8217;insectes, crustacis, r\u00e8ptils, ocells, fetus que creixen, individus que neixen i comencen a caminar, creixen i moren. Aigua, ox\u00edgen, carboni, nitrogen i altres elements van circulant. Les esp\u00e8cies van mutant i evolucionen. Els h\u00e0bitats i la composici\u00f3 de l&#8217;atmosfera es modifiquen.<\/p>\n<hr \/>\n<p><img decoding=\"async\" loading=\"lazy\" class=\"alignnone size-large\" src=\"http:\/\/meumon.synology.me\/museu\/fonsimatges\/illustracions\/i1elmon.jpg\" width=\"800\" height=\"160\" \/><\/p>\n<p><a href=\"https:\/\/www.google.com\/maps\/@41.381657,2.184678,16774a,35y,2.64h,73.76t\/data=!3m1!1e3\" target=\"_blank\" rel=\"noopener noreferrer\"><img decoding=\"async\" loading=\"lazy\" class=\"alignnone\" src=\"http:\/\/meumon.synology.me\/museu\/fonsimatges\/Mciencia\/terra.jpg\" alt=\"\" width=\"581\" height=\"435\" \/><\/a><\/p>\n<hr \/>\n<p><a href=\"http:\/\/meumon.synology.me\/museu\/4-inventari-tot\/44-la-terra\/44t-la-terra\/#exploraterra\"><strong>Observar i explorar<\/strong><\/a>: <a href=\"http:\/\/meumon.synology.me\/museu\/4-inventari-tot\/4e-explorant-espais\/\">la mirada per explorar<\/a> |\u00a0 <a href=\"http:\/\/meumon.synology.me\/museu\/el-firmament\/\">El firmament<\/a>, <a href=\"http:\/\/meumon.synology.me\/museu\/4-inventari-tot\/42-la-contemplacio-del-cel\/\">42 contemplaci\u00f3 del cel<\/a>, la <a href=\"http:\/\/meumon.synology.me\/museu\/la-rosa-dels-vents\/\">rosa dels vents<\/a>, els <a href=\"http:\/\/meumon.synology.me\/museu\/5-informacio-practica\/2v-mva-albums-2016\/els-nuvols\/\">n\u00favols<\/a>, les zones <a href=\"http:\/\/meumon.synology.me\/museu\/44t-clima\/\">clim\u00e0tiques<\/a> |\u00a0 <a href=\"http:\/\/meumon.synology.me\/museu\/lexploracio-del-mon\/\">hist\u00f2ria de l&#8217;exploraci\u00f3 de la terra<\/a>, els mapes ( <a href=\"http:\/\/meumon.synology.me\/museu\/4-inventari-tot\/42-cultura\/425-tecnologia\/425-cartografia\/\">cartografia<\/a> ),\u00a0 <a href=\"http:\/\/meumon.synology.me\/museu\/3-el-meu-mon\/38-els-meus-llocs-i-experiencies\/\">els meus llocs<\/a>,\u00a0 les <a href=\"http:\/\/meumon.synology.me\/museu\/rius\/\">serralades i rius<\/a>, els <a href=\"http:\/\/meumon.synology.me\/museu\/els-oceans\/\">oceans<\/a> , les &#8220;cases&#8221; del m\u00f3n, <a href=\"http:\/\/meumon.synology.me\/museu\/4-inventari-tot\/44-la-terra\/44t-la-terra\/44t-geografia\/\">geografia<\/a> | <a href=\"http:\/\/meumon.synology.me\/museu\/geografia-de-catalunya\/\">Geografia de Catalunya<\/a> | el <a href=\"http:\/\/meumon.synology.me\/museu\/els-oceans\/\">mar<\/a>, l&#8217;<a href=\"http:\/\/meumon.synology.me\/museu\/aigua-dolca\/\">aigua dol\u00e7a<\/a> , els diferents <a href=\"http:\/\/meumon.synology.me\/museu\/sols\/\">tipus de s\u00f2l<\/a>: argila, sorra, pedres, <a href=\"http:\/\/meumon.synology.me\/museu\/roques-i-minerals\/\">roques i minerals<\/a>, <a href=\"http:\/\/meumon.synology.me\/museu\/mineria-metal%c2%b7lurgia\/\">mineria i metal\u00b7l\u00fargia<\/a>, <a href=\"http:\/\/meumon.synology.me\/museu\/volcans-terratremols\/\">volcans i terratr\u00e8mols<\/a>, <a href=\"http:\/\/meumon.synology.me\/museu\/el-camp-magnetic-terrestre\/\">camp magn\u00e8tic terrestre<\/a> |\u00a0 <a href=\"http:\/\/meumon.synology.me\/museu\/la-terra-habitats\/\">H\u00e0bitats<\/a>: mar, llacs i rius, prats, boscos, roques i glaceres; ciutats, conreus i pastures , jardins. 15 <a href=\"http:\/\/meumon.synology.me\/museu\/444-biomes-i-ecoregions\/\">biomes<\/a>\u00a0 en 867 <a href=\"http:\/\/meumon.synology.me\/museu\/444-ecoregions\/\">ecoregions<\/a>.<\/p>\n<h2 id=\"terra\"><a href=\"http:\/\/meumon.synology.me\/museu\/4-inventari-tot\/44-la-terra\/44t-la-terra\/#estuditerra\"><strong>Estudi Terra, geografia:<\/strong><\/a><\/h2>\n<p>Forma de la terra, [ astronomia ptolomeu cop\u00e8rnic], <a href=\"http:\/\/meumon.synology.me\/museu\/la-forma-i-mida-de-la-terra-eratostenes\/\">Forma i mida de la terra Eratostenes<\/a>, <a href=\"http:\/\/meumon.synology.me\/museu\/estructura-de-la-terra\/\">estructura de la terra<\/a>, <a href=\"http:\/\/meumon.synology.me\/museu\/explicacio-de-la-formacio-del-sistema-solar\/\">explicaci\u00f3 formaci\u00f3 sistema solar<\/a>, firmament \u00a0<a href=\"http:\/\/meumon.synology.me\/museu\/la-terra-i-el-sol-el-dia-i-les-estacions\/\"> la terra i el sol, el dia i les estacions<\/a>\u00a0|\u00a0 El <a href=\"http:\/\/meumon.synology.me\/museu\/meteorologia\/\">temps<\/a>,\u00a0 <a href=\"http:\/\/meumon.synology.me\/museu\/la-rosa-dels-vents\/\">la rosa dels vents<\/a>, <a href=\"http:\/\/meumon.synology.me\/museu\/guia-dobservacio\/\">els n\u00favols<\/a>, <a href=\"http:\/\/meumon.synology.me\/museu\/ciencies-meteorologiques\/\">ci\u00e8ncies meteorol\u00f3giques<\/a> , <a href=\"http:\/\/meumon.synology.me\/museu\/els-vents\/\">els vents<\/a>,\u00a0 el <a href=\"http:\/\/meumon.synology.me\/museu\/44t-clima\/\">clima<\/a>\u00a0| <a href=\"http:\/\/meumon.synology.me\/museu\/ciencies-de-latmosfera\/\">ci\u00e8ncies de l&#8217;atmosfera<\/a>, <a href=\"http:\/\/meumon.synology.me\/museu\/atmosfera-estructura\/\">estructura de l&#8217;atmosfera<\/a>\u00a0 |\u00a0 <a href=\"http:\/\/meumon.synology.me\/museu\/provincies-geologiques\/\">prov\u00edncies geol\u00f2giques<\/a>, <a href=\"http:\/\/meumon.synology.me\/museu\/sols\/\">tipus de s\u00f2l<\/a>, | tipus de roques, <a href=\"http:\/\/meumon.synology.me\/museu\/geologia-formacio-de-roques\/\">formaci\u00f3 de roques<\/a> <a href=\"http:\/\/meumon.synology.me\/museu\/roques-i-minerals\/\">roques i minerals<\/a>, <a href=\"http:\/\/meumon.synology.me\/museu\/4-inventari-tot\/44-la-terra\/44t-litosfera\/44t-col%c2%b7leccio-roques-i-minerals\/\">col\u00b7lecci\u00f3<\/a>,\u00a0 <a href=\"http:\/\/meumon.synology.me\/museu\/sobre-levolucio-geologica-hutton-cuvier-lyell\/\">evoluci\u00f3 geol\u00f2gica Lyell<\/a>,<a href=\"http:\/\/meumon.synology.me\/museu\/tectonica-de-plaques\/\"> tect\u00f2nica de plaques<\/a>, <a href=\"http:\/\/meumon.synology.me\/museu\/plaques-tectoniques\/\">Plaques tect\u00f2niques<\/a>\u00a0 \/\/\u00a0 <a href=\"http:\/\/meumon.synology.me\/museu\/aigua-dolca\/\">Aigua dol\u00e7a<\/a>, els <a href=\"http:\/\/meumon.synology.me\/museu\/els-oceans\/\">oceans i els corrents<\/a>, <a href=\"http:\/\/meumon.synology.me\/museu\/estudi-dels-oceans\/\">estudi dels oceans<\/a>, <a href=\"http:\/\/meumon.synology.me\/museu\/el-cicle-hidrologic\/\">el cicle hidrol\u00f2gic<\/a> |\u00a0 [ la salut del m\u00f3n]\u00a0 <a href=\"http:\/\/meumon.synology.me\/museu\/la-terra-els-grans-cicles\/\">Els grans cicles<\/a>,\u00a0 <a href=\"http:\/\/meumon.synology.me\/museu\/escalfament-global\/\">Escalfament Global<\/a>\u00a0\/ (\u00a0 <a href=\"http:\/\/meumon.synology.me\/museu\/4-inventari-tot\/42-cultura\/426-ciencies\/426-ciencies-de-la-terra\/\">426 Ci\u00e8ncies de la terra<\/a>).<\/p>\n<h2 id=\"vida\"><span style=\"color: #000000;\"><a style=\"color: #000000;\" href=\"http:\/\/meumon.synology.me\/museu\/4-inventari-tot\/44-la-terra\/44v-la-vida\/\"><strong>La vida<\/strong><\/a><\/span><\/h2>\n<ul>\n<li><a href=\"http:\/\/meumon.synology.me\/museu\/4-inventari-tot\/44-la-terra\/44v-la-vida\/#vidavoltant\">La vida que trobem<\/a>\u00a0 al <a href=\"http:\/\/meumon.synology.me\/museu\/la-vida-que-trobem-al-voltant\/\">voltant<\/a>\u00a0 [museuet]\u00a0 <a href=\"http:\/\/meumon.synology.me\/museu\/4-inventari-tot\/44-la-terra\/44v-la-vida\/la-vida-especies\/\">Llista d\u2019esp\u00e8cies<\/a> \u00a0\u00a0 <a href=\"http:\/\/meumon.synology.me\/museu\/arbre-de-la-vida\/\">Arbre de la vida<\/a>\u00a0 <a href=\"http:\/\/meumon.synology.me\/museu\/taxonomia-clades\/\">Taxonomia<\/a>.<\/li>\n<li>[<a href=\"http:\/\/meumon.synology.me\/museu\/4-inventari-tot\/44-la-terra\/44v-la-vida\/#pensarlavida\">Laboratoris<\/a>] Preguntes, determinar les parts i processos dels organismes.\u00a0 <a href=\"http:\/\/meumon.synology.me\/museu\/estudiar-la-vida\/\">Estudiar la vida<\/a>. <a href=\"http:\/\/meumon.synology.me\/museu\/4-inventari-tot\/42-cultura\/426-ciencies\/ciencies-de-la-vida\/\">Ci\u00e8ncies de la vida<\/a>: observar, mirar al microscopi, experimentar.<\/li>\n<li>[<a href=\"http:\/\/meumon.synology.me\/museu\/4-inventari-tot\/44-la-terra\/44v-la-vida\/#legovida\">estructures i processos complexes<\/a>] <a href=\"http:\/\/meumon.synology.me\/museu\/3500-primeres-formes-de-vida\/\">Origen de la vida<\/a>. <a href=\"http:\/\/meumon.synology.me\/museu\/la-cel%c2%b7lula\/\"><strong>La c\u00e8l\u00b7lula<\/strong><\/a>. <strong>Organismes<\/strong> <a href=\"http:\/\/meumon.synology.me\/museu\/la-reproduccio\/\">Reproducci\u00f3<\/a> i generaci\u00f3 d\u2019un nou organisme |\u00a0\u00a0 <a href=\"http:\/\/meumon.synology.me\/museu\/fisiologia-metabolisme-d-organismes\/\">Fisiologia<\/a>\u00a0 |\u00a0 <a href=\"http:\/\/meumon.synology.me\/museu\/regulacio-sistema-nervios-i-conducta\/\">Regulaci\u00f3, sistema nervi\u00f3s i conducta<\/a>. <strong>Esp\u00e8cies<\/strong>: <a href=\"http:\/\/meumon.synology.me\/museu\/herencia\/\">Her\u00e8ncia<\/a>. <a href=\"http:\/\/meumon.synology.me\/museu\/3500-primeres-formes-de-vida\/\">Origen de la vida<\/a>. <a href=\"http:\/\/meumon.synology.me\/museu\/la-terra-evolucio-biologia-i-canvis-geologics\/\">Evoluci\u00f3<\/a>.<\/li>\n<li><a href=\"http:\/\/meumon.synology.me\/museu\/4-inventari-tot\/44-la-terra\/44v-la-vida\/#reflexiovida\">Pensar la vida<\/a>\u00a0 Qu\u00e8 \u00e9s la vida?\u00a0 Els altres museus de ci\u00e8ncies naturals. Q\u00fcestions. Contemplaci\u00f3.<span style=\"color: #ff9900;\"><br \/>\n<\/span><\/li>\n<\/ul>\n<h2 id=\"evolucio\"><a href=\"http:\/\/meumon.synology.me\/museu\/la-terra-evolucio-biologia-i-canvis-geologics\/\"><strong>L&#8217;evoluci\u00f3<\/strong><\/a><\/h2>\n<p>la pregunta sobre l&#8217;origen:[respostes antigues], <a href=\"http:\/\/meumon.synology.me\/museu\/teoria-de-levolucio-de-darwin\/\">teoria de l&#8217;evoluci\u00f3<\/a>, jaciments i estrats: <a href=\"http:\/\/meumon.synology.me\/museu\/taula-cronoestratigrafica\/\">Taula cronoestratigr\u00e0fica<\/a>,\u00a0 <a href=\"http:\/\/meumon.synology.me\/museu\/sobre-levolucio-geologica-hutton-cuvier-lyell\/\">evoluci\u00f3 geol\u00f2gica Lyell<\/a>,<a href=\"http:\/\/meumon.synology.me\/museu\/tectonica-de-plaques\/\"> tect\u00f2nica de plaques<\/a>, <a href=\"http:\/\/meumon.synology.me\/museu\/plaques-tectoniques\/\">Plaques tect\u00f2niques<\/a> , <a href=\"http:\/\/meumon.synology.me\/museu\/orogenies-i-muntanyes\/\">hist\u00f2ria geol\u00f2gica<\/a> (<a href=\"http:\/\/meumon.synology.me\/museu\/catalunya-evolucio-geologica\/\">Catalunya<\/a>) ,\u00a0 <a href=\"http:\/\/meumon.synology.me\/museu\/evolucio-del-clima\/\">Evoluci\u00f3 del clima<\/a> ,\u00a0 <a href=\"http:\/\/meumon.synology.me\/museu\/descobriment-dels-dinosaures\/\">descobriment dinosaures<\/a> , <a href=\"http:\/\/meumon.synology.me\/museu\/hipotesi-extincio-dels-dinosaures\/\">hip\u00f2tesi extinci\u00f3 dinosaures<\/a>] , <a href=\"http:\/\/meumon.synology.me\/museu\/fossils-clade-arbre-filogenetic\/\">f\u00f2ssils i clades<\/a>: l&#8217;<a href=\"http:\/\/meumon.synology.me\/museu\/arbre-de-la-vida\/\">arbre de la vida<\/a>. El <a href=\"http:\/\/meumon.synology.me\/museu\/evolucio-el-dna-que-compartim-amb-altres-especies\/\">DNA que compartim amb altres esp\u00e8cies<\/a>\u00a0|\u00a0 <strong><a href=\"http:\/\/meumon.synology.me\/museu\/4-inventari-tot\/44-la-terra\/44e-la-historia-de-la-terra-evolucio\/cronologia-terra\/\">Cronologia de la terra<\/a><\/strong>\u00a0:-4600 Ma <a href=\"http:\/\/meumon.synology.me\/museu\/precambric\/\">Prec\u00e0mbric<\/a>\u00a0&#8211; 541 Ma <a href=\"http:\/\/meumon.synology.me\/museu\/541-252-paleozoic\/\">Paleozoic<\/a>\u00a0-252 Ma <a href=\"http:\/\/meumon.synology.me\/museu\/252-mesozoic-66\/\">Mesozoic<\/a>\u00a0-66 Ma <a href=\"http:\/\/meumon.synology.me\/museu\/66-cenozoic\/\">Cenozoic<\/a>\u00a0 -2.58 Ma <a href=\"http:\/\/meumon.synology.me\/museu\/2-58-ma-quaternari\/\">Quaternari<\/a><\/p>\n<p><strong>Contemplaci\u00f3<\/strong>: <a href=\"http:\/\/meumon.synology.me\/museu\/la-naturalesa-i-la-vida-contemplacio\/\">la naturalesa<\/a> (esborrany)<\/p>\n<p><a href=\"http:\/\/meumon.synology.me\/museu\/els-avantpassats\/\">Els avantpassats<\/a>\u00a0\u00a0 |\u00a0\u00a0\u00a0\u00a0 <a href=\"http:\/\/meumon.synology.me\/museu\/la-historia-de-lunivers-una-exposicio-de-150-km\/\">Una exposici\u00f3 de 137km<\/a>\u00a0\u00a0 |\u00a0\u00a0 <a href=\"http:\/\/meumon.synology.me\/museu\/lunivers-i-la-terra-una-exposicio-sonora\/\">Una exposici\u00f3 sonora<\/a><\/p>\n<hr \/>\n<p>Catalogar:<\/p>\n<ul>\n<li>(sis) &gt; terra &gt; atmosfera, litosfera, hidrosfera, llocs [geogr\u00e0fics, societats &gt; llocs hist\u00f2ria ]<\/li>\n<li>(sis)&gt; vida&gt; animals, plantes +aspecies<\/li>\n<li>(fets) [ hi hauria d&#8217;haver per exemple les extincions al llarg de l&#8217;evoluci\u00f3 ]<\/li>\n<\/ul>\n<hr \/>\n<p>EL MUSEU OFFLINE:<\/p>\n<ul>\n<li>Mapes corredor: m\u00f3n, catalunya, Barcelona \/ Atlas Time, Globus terraquis, m\u00f2bil + un globus de tamany natural \ud83d\ude42<\/li>\n<li>col\u00b7lecci\u00f3 animals, plantes i roques<\/li>\n<li>els llibres de geografia, guies d&#8217;identificaci\u00f3<\/li>\n<\/ul>\n<hr \/>\n<p>FITXES: <a href=\"http:\/\/meumon.synology.me\/museu\/descarregables\/pdfsterra\/f44terraintro.pdf\">introducci\u00f3<\/a>\u00a0 |\u00a0\u00a0 <a href=\"http:\/\/meumon.synology.me\/museu\/descarregables\/pdfsterra\/f44terrageografia_resum.pdf\">Geografia<\/a>\u00a0\u00a0 |\u00a0\u00a0 <a href=\"http:\/\/meumon.synology.me\/museu\/descarregables\/pdfsterra\/f44terravidaresum.pdf\">Vida<\/a>\u00a0\u00a0 |\u00a0\u00a0 <a href=\"http:\/\/meumon.synology.me\/museu\/descarregables\/pdfsterra\/f44Evolucioresum.pdf\">Evoluci\u00f3<\/a><\/p>\n","protected":false},"excerpt":{"rendered":"<p>[full14\u00a0 Biomes]\u00a0 [full16 hist\u00f2ria univers i la terra ] [ful13 arbre de la vida] La terra\u00a0 |\u00a0\u00a0 La Vida \u00a0 | \u00a0 L&#8217;Evoluci\u00f3 Qu\u00e8 tenim al voltant? Ens trobem probablement en un entorn d&#8217;edificis construits, amb alguns arbres i arbustos als parcs, el cel amb el sol i la lluna, el dia i la nit, &hellip; <\/p>\n<p class=\"link-more\"><a href=\"http:\/\/meumon.synology.me\/museu\/4-inventari-tot\/44-la-terra\/\" class=\"more-link\">Continue reading<span class=\"screen-reader-text\"> &#8220;44 La Terra i la vida&#8221;<\/span><\/a><\/p>\n","protected":false},"author":1,"featured_media":0,"parent":382,"menu_order":0,"comment_status":"closed","ping_status":"closed","template":"","meta":{"footnotes":""},"_links":{"self":[{"href":"http:\/\/meumon.synology.me\/museu\/wp-json\/wp\/v2\/pages\/952"}],"collection":[{"href":"http:\/\/meumon.synology.me\/museu\/wp-json\/wp\/v2\/pages"}],"about":[{"href":"http:\/\/meumon.synology.me\/museu\/wp-json\/wp\/v2\/types\/page"}],"author":[{"embeddable":true,"href":"http:\/\/meumon.synology.me\/museu\/wp-json\/wp\/v2\/users\/1"}],"replies":[{"embeddable":true,"href":"http:\/\/meumon.synology.me\/museu\/wp-json\/wp\/v2\/comments?post=952"}],"version-history":[{"count":0,"href":"http:\/\/meumon.synology.me\/museu\/wp-json\/wp\/v2\/pages\/952\/revisions"}],"up":[{"embeddable":true,"href":"http:\/\/meumon.synology.me\/museu\/wp-json\/wp\/v2\/pages\/382"}],"wp:attachment":[{"href":"http:\/\/meumon.synology.me\/museu\/wp-json\/wp\/v2\/media?parent=952"}],"curies":[{"name":"wp","href":"https:\/\/api.w.org\/{rel}","templated":true}]}}