{"id":955,"date":"2019-01-01T13:09:47","date_gmt":"2019-01-01T13:09:47","guid":{"rendered":"http:\/\/meumon.synology.me\/museu\/?page_id=955"},"modified":"2025-12-20T10:49:33","modified_gmt":"2025-12-20T10:49:33","slug":"45-univers","status":"publish","type":"page","link":"http:\/\/meumon.synology.me\/museu\/4-inventari-tot\/45-univers\/","title":{"rendered":"45 Univers"},"content":{"rendered":"<p><img decoding=\"async\" loading=\"lazy\" class=\"alignnone size-medium\" src=\"http:\/\/meumon.synology.me\/museu\/fonsimatges\/Mciencia\/universlogaritmic.jpg\" width=\"564\" height=\"2300\" \/>UNIVERS<\/p>\n<p>[<a href=\"http:\/\/meumon.synology.me\/museu\/descarregables\/llibret\/llibretmuseu-P\u00e0gina015.pdf\">full<\/a>15] f\u00edsica<\/p>\n<p>mapa de l&#8217;univers: mapa de l&#8217;univers: https:\/\/phys.org\/news\/2025-06-largest-universe-revealing-galaxies-early.html<\/p>\n<p>el m\u00f3n que trobem l&#8217;ampliem: microscopi, telescopi, experiments i maniopulacio, creant nous materials i noves observacions<\/p>\n<p>NOTA 2024. Quan feia l&#8217;inventari als 90, distingia entre el m\u00f3n de la mat\u00e8ria i el m\u00f3n de la vida, m\u00e9s complex. Un museu de ci\u00e8ncies naturals amb plante si animals, i un museu de materials i models de l&#8217;unviers. Ara poso m\u00e9s l&#8217;accent en l&#8217;experi\u00e8ncia del que tenim al voltant. Aix\u00ed tinc tot el museu de la terra i la vida, amb el que veiem i toquem quan explorem el m\u00f3n, el minerals, els diferents habitats. I la part que correspondria a l&#8217;nivers \u00e9s m\u00e9s aviat el model del m\u00f3n que anem construint, l&#8217;univers del firmament i cosmos que anem mapejant i dibuixant, els models dels 4 elements, els cossos mec\u00e0nics, els \u00e0toms. \/\/\u00a0 [Aqu\u00ed hi hauria tot el m\u00f3n f\u00edsic no intu\u00eftiu, el que no trobem en la primera passejada a la terra. Hi ha els models per\u00f2 tamb\u00e9 hi ha els nous materials que aporta l&#8217;activitat humana, transformant els minerals, bronze, ferro acer. veure la qu\u00edmica al MNACTEC.]<\/p>\n<p>En el recorregut pels diferents models passem<\/p>\n<ul>\n<li>dels 4 elements als 102 elements i les part\u00edcules elementals, remarquem qu\u00e0nta parta del m\u00f3n donat entra dins el model matem\u00e0tic i tota la que no, quina hem pogut &#8220;reduir&#8221;. Inicialment nom\u00e9s cossos r\u00edgids i planetes, despr\u00e9s solucions i concentracions a la cuina de la qu\u00edmica, despr\u00e9s models de gasos i s\u00f2lids a f\u00edsica, les macromol\u00e8cules de la vida. Ara tots acceptem que tot \u00e9s f\u00edsica tot i que hi ha limiktacions. Hi a m\u00e9s tenim la consci\u00e8ncia.<\/li>\n<li>la mida de l&#8217;univers, d&#8217;una plana amb el cel a sobre, Ptolomeu, sistema solar, gal\u00e0xies<\/li>\n<\/ul>\n<p>&nbsp;<\/p>\n<ul>\n<li>FETS: <a href=\"http:\/\/meumon.synology.me\/museu\/4-inventari-tot\/45-univers\/45h-la-historia-de-lunivers-i-sistema-solar\/\">45h Hist\u00f2ria de l\u2019univers<\/a>: big bang i expansi\u00f3 gal\u00e0xies, protagonitzats per estrelles, planetes, gal\u00e0xies. Escenaris: sistema solar, estrelles properes, gal\u00e0xies, gran escala. <em>Posts etapes de l\u2019evoluci\u00f3 de l\u2019univers, cat FET &gt; Cosmos<\/em><\/li>\n<li><a href=\"http:\/\/meumon.synology.me\/museu\/4-inventari-tot\/45-univers\/45s-els-materials-de-l-univers\/\">45s SISTEMES<\/a>: Estrelles, planetes, gal\u00e0xies. Posts sobre objectes celestes, estrella, \u2013 com incloure les diferents versions al llarg de la hist\u00f2ria de la ci\u00e8ncia?]<em> cat SIS &gt; Cosmos [serien les zones de l\u2019espai una mena de categories?]<br \/>\n<\/em><\/li>\n<\/ul>\n<p>[el m\u00f3n f\u00edsic, les mides de les coses [i les seves quantitats? pot\u00e8ncies de 10]<\/p>\n<p>&nbsp;<\/p>\n<p>&nbsp;<\/p>\n<p>experimental<\/p>\n<p>inventari fets i sistemes en l\u2019espai i el temps, cat\u00e0leg d\u2019estrelles i gal\u00e0xies, mapa del cel<\/p>\n<p>]<\/p>\n<p>&nbsp;<\/p>\n<p>[aqu\u00ed hi ha el molt gran i el molt petit: els cosmos amb les estrelles i le sgal\u00e0xies, i el m\u00f3n subat\u00f2mic. Tot el que he d&#8217;explorar de lluny. En canvi tot el que resulta m\u00e9s intu\u00eftiu, el vent, les pedres, els ocells, \u00e9s a 44 Terra]<\/p>\n<p><a href=\"http:\/\/meumon.synology.me\/museu\/la-mesura-del-temps\/\">la mesura del temps<\/a><\/p>\n<p>SALES<\/p>\n<p>(quina seria la meva guia de camp?]<\/p>\n<ul>\n<li>el cel estrellat i mapa de les constel\u00b7lacions, <a href=\"http:\/\/meumon.synology.me\/museu\/4-inventari-tot\/4e-explorant-espais\/4e-el-cel\/\">el cel<\/a><\/li>\n<li>\u00a0 (+ l&#8217;experi\u00e8ncia de les estrelles: Plat\u00f3, Kant, Auden:<\/li>\n<li>les diferents visions del cosmos enlla\u00e7 a cultura &gt; obres &gt; ci\u00e8ncia &gt; cosmos, les aportacions al llarg de la hist\u00f2ria de la ci\u00e8ncia que ens han construit la idea que tenim del cosmos.<\/li>\n<li>Potser una llista de fets,<\/li>\n<li>hist\u00f2ria de l\u2019univers: query sobre fets &gt; cosmos<\/li>\n<li>\u201ccalaixos amb objectes\u201d: query o llista sis &gt; cosmos<\/li>\n<li>enlla\u00e7os a art (els observatoris com Jantar Mantar), literatura i m\u00fasica, query sobre obres que portin tag \u201ccosmos\u201d, que el nostre cos est\u00e0 format per \u00e0toms que es van originar, l\u2019exposici\u00f3 \u201csonora\u201d.<\/li>\n<li><a href=\"http:\/\/meumon.synology.me\/museu\/lunivers-i-la-terra-una-exposicio-sonora\/\">exposici\u00f3 sonora<\/a>\u00a0 |\u00a0 <a href=\"http:\/\/meumon.synology.me\/museu\/la-historia-de-lunivers-una-exposicio-de-150-km\/\">Univers a 137 km<\/a>\u00a0 | \u00a0 <a href=\"http:\/\/meumon.synology.me\/museu\/historia-de-lunivers-1-any-1-dia\/\">Univers 1 any, 1 dia<\/a> \u00a0 | \u00a0\u00a0 [enlla\u00e7 a la night sky theology]<\/li>\n<li>inventari<\/li>\n<\/ul>\n<p>[pensant en el gran llibre, hi ha tres p\u00e0gines b\u00e0siques:<\/p>\n<ul>\n<li>el que trobem, els cosmos quan mirem cap amunt, amb el meravellament de Plat\u00f3, Kant, Einstein i la night sky Theology + La Bruy\u00e8re (cosmos i microbis veure cites). La meva exposici\u00f3 de la hist\u00f2ria de l&#8217;univers era una forma de meravellament.<\/li>\n<li>la hist\u00f2ria de la nostra idea de l&#8217;univers, des\u00a0 del m\u00f3n petit amb els estels a la volta, les estrelles llunyanes de Herschel el s xix, les estrelles amb espectrografia, i l&#8217;nivers amb gal\u00e0xia expandint-se que hauria comen\u00e7at amb un big bang<\/li>\n<li>la hist\u00f2ria de l&#8217;uivers, el big bang, el ferro que tenima la sang i que ve d&#8217;una supernova<\/li>\n<\/ul>\n<p>https:\/\/bigthink.com\/starts-with-a-bang\/how-large-biggest-galaxy-universe\/ la gal\u00e0xia m\u00e9s gran<br \/>\nhttp:\/\/wired.com\/story\/winter-solstice per entendre millor els estacions<br \/>\nhttps:\/\/bigthink.com\/starts-with-a-bang\/black-hole-myth-suck\/ forats negres<\/p>\n<p>nota sobre causalitat i codeterminaci\u00f3, evoluci\u00f3, aprenentatge Piatget, els pol\u00edtics i els seus votants, periodistes i lectors; els pol\u00edtics acabaen fent nmo all\u00f2 que pensen sin\u00f3 el que els exigeixen els votants, i els votants acaben pensant dins el marc que els diuen els polk\u00edtics. Els periodistes catalans a Madrid volen fer contents el seu entorn i acaben essent furibunds antiindependentistes com l&#8217;\u00c0ngels Barcel\u00f3.<\/p>\n<hr \/>\n<p>entropia<\/p>\n<p>The Golden Lotus<\/p>\n<p>Cap flor torna a la branca ni l&#8217;aigua a la font<br \/>\npage 825 | location 12642-12643 | Added on Saturday, 7 June 2025 16:44:23<\/p>\n<p>\u201cIt has been said,\u201d Xue began, \u201cthat lightning and brightness soon pass away but that stone and fire are everlasting. The withered blossom can never return to the tree on which it grew and flowing water can never go back to the spring from which it came.<\/p>\n<p><a href=\"http:\/\/meumon.synology.me\/museu\/li-bai-poesia\/\">Li bai<\/a>\u00a0 \u00a0La muller abandonada<\/p>\n<p>Ad\u00e9u, amic, senyor! Cap riu no sol trobar<br \/>\nmai m\u00e9s la deu llunyana;<br \/>\nni cap rosa veureu<br \/>\ntornar a la seva branca.<\/p>\n<hr \/>\n<p>Astronomia<\/p>\n<p>&nbsp;<\/p>\n<p>art <a href=\"http:\/\/meumon.synology.me\/museu\/pagina\/qct\/?categoria=pintura&amp;tag=estels&amp;titol=Estels%20en%20l'Art&amp;ordre=ta1\">estels<\/a><\/p>\n","protected":false},"excerpt":{"rendered":"<p>UNIVERS [full15] f\u00edsica mapa de l&#8217;univers: mapa de l&#8217;univers: https:\/\/phys.org\/news\/2025-06-largest-universe-revealing-galaxies-early.html el m\u00f3n que trobem l&#8217;ampliem: microscopi, telescopi, experiments i maniopulacio, creant nous materials i noves observacions NOTA 2024. Quan feia l&#8217;inventari als 90, distingia entre el m\u00f3n de la mat\u00e8ria i el m\u00f3n de la vida, m\u00e9s complex. Un museu de ci\u00e8ncies naturals amb plante &hellip; <\/p>\n<p class=\"link-more\"><a href=\"http:\/\/meumon.synology.me\/museu\/4-inventari-tot\/45-univers\/\" class=\"more-link\">Continue reading<span class=\"screen-reader-text\"> &#8220;45 Univers&#8221;<\/span><\/a><\/p>\n","protected":false},"author":1,"featured_media":0,"parent":382,"menu_order":0,"comment_status":"closed","ping_status":"closed","template":"","meta":{"footnotes":""},"_links":{"self":[{"href":"http:\/\/meumon.synology.me\/museu\/wp-json\/wp\/v2\/pages\/955"}],"collection":[{"href":"http:\/\/meumon.synology.me\/museu\/wp-json\/wp\/v2\/pages"}],"about":[{"href":"http:\/\/meumon.synology.me\/museu\/wp-json\/wp\/v2\/types\/page"}],"author":[{"embeddable":true,"href":"http:\/\/meumon.synology.me\/museu\/wp-json\/wp\/v2\/users\/1"}],"replies":[{"embeddable":true,"href":"http:\/\/meumon.synology.me\/museu\/wp-json\/wp\/v2\/comments?post=955"}],"version-history":[{"count":0,"href":"http:\/\/meumon.synology.me\/museu\/wp-json\/wp\/v2\/pages\/955\/revisions"}],"up":[{"embeddable":true,"href":"http:\/\/meumon.synology.me\/museu\/wp-json\/wp\/v2\/pages\/382"}],"wp:attachment":[{"href":"http:\/\/meumon.synology.me\/museu\/wp-json\/wp\/v2\/media?parent=955"}],"curies":[{"name":"wp","href":"https:\/\/api.w.org\/{rel}","templated":true}]}}