{"id":965,"date":"2019-01-08T10:36:01","date_gmt":"2019-01-08T10:36:01","guid":{"rendered":"http:\/\/meumon.synology.me\/museu\/?page_id=965"},"modified":"2024-01-27T09:42:26","modified_gmt":"2024-01-27T09:42:26","slug":"429-la-historia-de-les-idees-sobre-el-mon-religions-i-converses-filosofiques-estrategies-de-vida","status":"publish","type":"page","link":"http:\/\/meumon.synology.me\/museu\/4-inventari-tot\/42-cultura\/429-la-historia-de-les-idees-sobre-el-mon-religions-i-converses-filosofiques-estrategies-de-vida\/","title":{"rendered":"429 La hist\u00f2ria de les idees sobre el m\u00f3n, religions i converses filos\u00f2fiques, estrat\u00e8gies de vida"},"content":{"rendered":"<p>[el que l\u2019home s\u2019ha anat interrogant sobre el m\u00f3n, qu\u00e8 sabem, qu\u00e8 hi ha, qu\u00e8 hem de fer, qu\u00e8 podem esperar, les preguntes kantianes i les seves respostes folk, religioses i de pensament (cient\u00edfiques i filos\u00f2fiques]<\/p>\n<p>ESBORRANY<\/p>\n<p>Cultures del m\u00f3n: Gr\u00e8cia, cristiana, hind\u00fa, enllla\u00e7 de civiliztacions hist\u00f2ria.<br \/>\nampliar maneres de viure? salvar-nos pel futur, viure el presnet &#8230;<br \/>\nhi ha unacatalogaci\u00f3 de poles i cutklures?<br \/>\ncompletar antropologia amb rituals<br \/>\nnaixement iniciaci\u00f3 vida mort<br \/>\ncom afronten malescollites la injusticia les agressions externes<\/p>\n<p>&#8212;<\/p>\n<p>British museum:<br \/>\nBritish i antropologia cultural: museu, p\u00e0gina rituals societat, al bristish \u00e9 slimitat: relaitng to animals, in their hands per salut, living with land and sea, craddle t grave pharmacopea (podriem fer el mateix amb el que hem menjat? amb les expectatives i t\u00a1rutines de cada any?) dealing with deathm relating to ancestors, sustaining each ither vida cimuna, life&#8217;s ordinary danghers, rituals generals micrea eliade?<\/p>\n<p>&nbsp;<\/p>\n<p><a href=\"http:\/\/meumon.synology.me\/museu\/4-inventari-tot\/42-cultura\/429-la-historia-de-les-idees-sobre-el-mon-religions-i-converses-filosofiques-estrategies-de-vida\/429-llista-weltanschauung\/\">429 Llista<\/a><\/p>\n<hr \/>\n<p>&nbsp;<\/p>\n","protected":false},"excerpt":{"rendered":"<p>[el que l\u2019home s\u2019ha anat interrogant sobre el m\u00f3n, qu\u00e8 sabem, qu\u00e8 hi ha, qu\u00e8 hem de fer, qu\u00e8 podem esperar, les preguntes kantianes i les seves respostes folk, religioses i de pensament (cient\u00edfiques i filos\u00f2fiques] ESBORRANY Cultures del m\u00f3n: Gr\u00e8cia, cristiana, hind\u00fa, enllla\u00e7 de civiliztacions hist\u00f2ria. ampliar maneres de viure? salvar-nos pel futur, viure &hellip; <\/p>\n<p class=\"link-more\"><a href=\"http:\/\/meumon.synology.me\/museu\/4-inventari-tot\/42-cultura\/429-la-historia-de-les-idees-sobre-el-mon-religions-i-converses-filosofiques-estrategies-de-vida\/\" class=\"more-link\">Continue reading<span class=\"screen-reader-text\"> &#8220;429 La hist\u00f2ria de les idees sobre el m\u00f3n, religions i converses filos\u00f2fiques, estrat\u00e8gies de vida&#8221;<\/span><\/a><\/p>\n","protected":false},"author":1,"featured_media":0,"parent":824,"menu_order":0,"comment_status":"closed","ping_status":"closed","template":"","meta":{"footnotes":""},"_links":{"self":[{"href":"http:\/\/meumon.synology.me\/museu\/wp-json\/wp\/v2\/pages\/965"}],"collection":[{"href":"http:\/\/meumon.synology.me\/museu\/wp-json\/wp\/v2\/pages"}],"about":[{"href":"http:\/\/meumon.synology.me\/museu\/wp-json\/wp\/v2\/types\/page"}],"author":[{"embeddable":true,"href":"http:\/\/meumon.synology.me\/museu\/wp-json\/wp\/v2\/users\/1"}],"replies":[{"embeddable":true,"href":"http:\/\/meumon.synology.me\/museu\/wp-json\/wp\/v2\/comments?post=965"}],"version-history":[{"count":0,"href":"http:\/\/meumon.synology.me\/museu\/wp-json\/wp\/v2\/pages\/965\/revisions"}],"up":[{"embeddable":true,"href":"http:\/\/meumon.synology.me\/museu\/wp-json\/wp\/v2\/pages\/824"}],"wp:attachment":[{"href":"http:\/\/meumon.synology.me\/museu\/wp-json\/wp\/v2\/media?parent=965"}],"curies":[{"name":"wp","href":"https:\/\/api.w.org\/{rel}","templated":true}]}}