{"id":980,"date":"2019-01-11T13:13:42","date_gmt":"2019-01-11T13:13:42","guid":{"rendered":"http:\/\/meumon.synology.me\/museu\/?page_id=980"},"modified":"2019-01-30T10:27:40","modified_gmt":"2019-01-30T10:27:40","slug":"422l-literatures-per-cultura","status":"publish","type":"page","link":"http:\/\/meumon.synology.me\/museu\/4-inventari-tot\/42-cultura\/422-literatura\/422l-literatures-per-cultura\/","title":{"rendered":"422l Literatures per cultura"},"content":{"rendered":"<hr \/>\n<p>Construir posts per cada literatura amb un text descriptiu? o fer una p\u00e0gina amb tots els autors tagejats amb aquesta cultura?,<\/p>\n<p>Una p\u00e0gina que reculli tant el comentari que tindria l&#8217;enlla\u00e7 a Dropbox\u00a0 (obra, literatura, tag literatura alemanya) com tots els autors? ordre basat en ta1<\/p>\n<p>&nbsp;<\/p>\n<p>Americana <a href=\"https:\/\/www.dropbox.com\/s\/u53tuaey23kl6ha\/C810America.odt?dl=0\">dropbox<\/a><br \/>\nAnglesa <a href=\"https:\/\/www.dropbox.com\/s\/delrugt9ch1sxp7\/C820_British.odt?dl=0\">dropbox<\/a><br \/>\nAlemanya <a href=\"https:\/\/www.dropbox.com\/s\/d9byxst0m62pq4u\/C830alemany.odt?dl=0\">enlla\u00e7<\/a> dsaf <a href=\"http:\/\/meumon.synology.me\/museu\/literatura-alemanya\/\">post provisional<\/a><br \/>\nFrancesa <a href=\"https:\/\/www.dropbox.com\/s\/81qt4bidgw2okem\/C840Fran%C3%A7a.odt?dl=0\">dropbox<\/a><br \/>\nCatalana <a href=\"https:\/\/www.dropbox.com\/s\/0w72bzqtfq3y6zl\/C849Catala.odt?dl=0\">dropbox<\/a><br \/>\nItaliana <a href=\"https:\/\/www.dropbox.com\/s\/gft2966rszxzand\/C850Italia.odt?dl=0\">dropbox<\/a><br \/>\nEspanyola i Portuguesa <a href=\"https:\/\/www.dropbox.com\/s\/c8sywh9b96q3tlu\/C860EspanolPortugues.odt?dl=0\">dropbox<\/a><br \/>\nLlatina <a href=\"https:\/\/www.dropbox.com\/s\/51khlp611oyg0gu\/C870Llati.odt?dl=0\">dropbox<\/a><br \/>\nGrega <a href=\"https:\/\/www.dropbox.com\/s\/ddmlm0p6gb43b3s\/C880Grecia.odt?dl=0\">dropbox<\/a><br \/>\n\u00c0frica i Orient mitj\u00e0 <a href=\"https:\/\/www.dropbox.com\/s\/bhu95isqt2ikmqh\/C892AfricaOrient.odt?dl=0\">dropbox<\/a><br \/>\nXina i Jap\u00f3 <a href=\"https:\/\/www.dropbox.com\/s\/sn0510os6skiet8\/C895XinaJapo.odt?dl=0\">dropbox<\/a><br \/>\n\u00cdndia <a href=\"https:\/\/www.dropbox.com\/s\/cu2tf5dazpy3t6q\/C8914India.odt?dl=0\">dropbox<\/a><br \/>\nRussa <a href=\"https:\/\/www.dropbox.com\/s\/h8c00jgehxypb65\/C8917Russa.odt?dl=0\">dropbox<\/a> , Contes Tx\u00e9khov <a href=\"https:\/\/www.dropbox.com\/s\/nez57rp8vamiqsg\/C8917RussaChekhovContes.odt?dl=0\">dropbox<\/a><\/p>\n","protected":false},"excerpt":{"rendered":"<p>Construir posts per cada literatura amb un text descriptiu? o fer una p\u00e0gina amb tots els autors tagejats amb aquesta cultura?, Una p\u00e0gina que reculli tant el comentari que tindria l&#8217;enlla\u00e7 a Dropbox\u00a0 (obra, literatura, tag literatura alemanya) com tots els autors? ordre basat en ta1 &nbsp; Americana dropbox Anglesa dropbox Alemanya enlla\u00e7 dsaf post &hellip; <\/p>\n<p class=\"link-more\"><a href=\"http:\/\/meumon.synology.me\/museu\/4-inventari-tot\/42-cultura\/422-literatura\/422l-literatures-per-cultura\/\" class=\"more-link\">Continue reading<span class=\"screen-reader-text\"> &#8220;422l Literatures per cultura&#8221;<\/span><\/a><\/p>\n","protected":false},"author":1,"featured_media":0,"parent":946,"menu_order":0,"comment_status":"closed","ping_status":"closed","template":"","meta":{"footnotes":""},"_links":{"self":[{"href":"http:\/\/meumon.synology.me\/museu\/wp-json\/wp\/v2\/pages\/980"}],"collection":[{"href":"http:\/\/meumon.synology.me\/museu\/wp-json\/wp\/v2\/pages"}],"about":[{"href":"http:\/\/meumon.synology.me\/museu\/wp-json\/wp\/v2\/types\/page"}],"author":[{"embeddable":true,"href":"http:\/\/meumon.synology.me\/museu\/wp-json\/wp\/v2\/users\/1"}],"replies":[{"embeddable":true,"href":"http:\/\/meumon.synology.me\/museu\/wp-json\/wp\/v2\/comments?post=980"}],"version-history":[{"count":0,"href":"http:\/\/meumon.synology.me\/museu\/wp-json\/wp\/v2\/pages\/980\/revisions"}],"up":[{"embeddable":true,"href":"http:\/\/meumon.synology.me\/museu\/wp-json\/wp\/v2\/pages\/946"}],"wp:attachment":[{"href":"http:\/\/meumon.synology.me\/museu\/wp-json\/wp\/v2\/media?parent=980"}],"curies":[{"name":"wp","href":"https:\/\/api.w.org\/{rel}","templated":true}]}}